{"id":9570,"date":"2023-09-04T17:00:05","date_gmt":"2023-09-04T15:00:05","guid":{"rendered":"https:\/\/relais-poste.com\/they-accompany-us\/"},"modified":"2024-11-15T11:59:40","modified_gmt":"2024-11-15T10:59:40","slug":"they-accompany-us","status":"publish","type":"page","link":"https:\/\/relais-poste.com\/en\/they-accompany-us\/","title":{"rendered":"They accompany us"},"content":{"rendered":"<p>[et_pb_section fb_built=&#8221;1&#8243; admin_label=&#8221;Section le chef et son \u00e9quipe header&#8221; _builder_version=&#8221;4.22.2&#8243; _module_preset=&#8221;01aa4328-e9cf-4071-bc2c-2135c5e56b3d&#8221; locked=&#8221;off&#8221; global_colors_info=&#8221;{}&#8221;][et_pb_row column_structure=&#8221;1_2,1_2&#8243; use_custom_gutter=&#8221;on&#8221; gutter_width=&#8221;4&#8243; make_equal=&#8221;on&#8221; _builder_version=&#8221;4.22.2&#8243; _module_preset=&#8221;default&#8221; width=&#8221;100%&#8221; max_width=&#8221;100%&#8221; module_alignment=&#8221;center&#8221; custom_padding=&#8221;0px||0px||true|false&#8221; global_colors_info=&#8221;{}&#8221;][et_pb_column type=&#8221;1_2&#8243; _builder_version=&#8221;4.22.1&#8243; _module_preset=&#8221;default&#8221; custom_padding=&#8221;|||5%|false|false&#8221; custom_css_main_element=&#8221;margin:auto;&#8221; global_colors_info=&#8221;{}&#8221;][et_pb_text admin_label=&#8221;Texte Ils nous accompagnent&#8221; _builder_version=&#8221;4.22.2&#8243; _module_preset=&#8221;default&#8221; header_font=&#8221;|700|||||||&#8221; header_text_align=&#8221;left&#8221; header_font_size=&#8221;2.7em&#8221; header_2_font=&#8221;Source Sans Pro|300|||||||&#8221; header_2_text_align=&#8221;left&#8221; header_2_font_size=&#8221;2em&#8221; header_font_size_tablet=&#8221;2.7em&#8221; header_font_size_phone=&#8221;1.8em&#8221; header_font_size_last_edited=&#8221;on|phone&#8221; global_colors_info=&#8221;{}&#8221;]<\/p>\n<h1>They accompany us<\/h1>\n<h2>with quality products<\/h2>\n<p>[\/et_pb_text][\/et_pb_column][et_pb_column type=&#8221;1_2&#8243; _builder_version=&#8221;4.22.1&#8243; _module_preset=&#8221;default&#8221; global_colors_info=&#8221;{}&#8221;][et_pb_image src=&#8221;https:\/\/relais-poste.com\/wp-content\/uploads\/2023\/09\/header-ils-nous-accompagnent2.jpg&#8221; alt=&#8221;Chef with vegetable basket&#8221; title_text=&#8221;header-they-accompany-us2&#8243; admin_label=&#8221;Photo de Thomas Koebel avec un panier de l\u00e9gumes&#8221; _builder_version=&#8221;4.22.2&#8243; _module_preset=&#8221;default&#8221; global_colors_info=&#8221;{}&#8221;][\/et_pb_image][\/et_pb_column][\/et_pb_row][\/et_pb_section][et_pb_section fb_built=&#8221;1&#8243; admin_label=&#8221;Section pr\u00e9sentation de la carte&#8221; _builder_version=&#8221;4.22.2&#8243; _module_preset=&#8221;default&#8221; background_enable_color=&#8221;off&#8221; custom_padding=&#8221;0px||0px||true|false&#8221; locked=&#8221;off&#8221; global_colors_info=&#8221;{}&#8221;][et_pb_row disabled_on=&#8221;on|on|off&#8221; _builder_version=&#8221;4.22.2&#8243; _module_preset=&#8221;default&#8221; custom_padding=&#8221;0px||0px||true|false&#8221; global_colors_info=&#8221;{}&#8221;][et_pb_column type=&#8221;4_4&#8243; _builder_version=&#8221;4.22.2&#8243; _module_preset=&#8221;default&#8221; global_colors_info=&#8221;{}&#8221;][et_pb_divider color=&#8221;#C4B390&#8243; _builder_version=&#8221;4.22.2&#8243; _module_preset=&#8221;default&#8221; max_width=&#8221;50%&#8221; module_alignment=&#8221;center&#8221; global_colors_info=&#8221;{}&#8221;][\/et_pb_divider][\/et_pb_column][\/et_pb_row][et_pb_row column_structure=&#8221;1_2,1_2&#8243; use_custom_gutter=&#8221;on&#8221; gutter_width=&#8221;4&#8243; make_equal=&#8221;on&#8221; custom_padding_last_edited=&#8221;on|desktop&#8221; _builder_version=&#8221;4.22.2&#8243; _module_preset=&#8221;default&#8221; width=&#8221;95%&#8221; width_last_edited=&#8221;off|desktop&#8221; module_alignment=&#8221;center&#8221; custom_padding=&#8221;||||false|false&#8221; custom_padding_tablet=&#8221;||||false|false&#8221; custom_padding_phone=&#8221;||||false|false&#8221; global_colors_info=&#8221;{}&#8221;][et_pb_column type=&#8221;1_2&#8243; _builder_version=&#8221;4.22.2&#8243; _module_preset=&#8221;default&#8221; custom_css_main_element=&#8221;margin:auto;&#8221; global_colors_info=&#8221;{}&#8221;][et_pb_text admin_label=&#8221;Texte pr\u00e9sentation de la carte&#8221; _builder_version=&#8221;4.22.2&#8243; _module_preset=&#8221;default&#8221; text_font=&#8221;|300|||||||&#8221; text_text_color=&#8221;#000000&#8243; text_font_size=&#8221;18px&#8221; text_line_height=&#8221;1.5em&#8221; header_2_font=&#8221;|600|||||||&#8221; header_2_text_align=&#8221;left&#8221; header_2_font_size=&#8221;40px&#8221; header_2_font_size_tablet=&#8221;40px&#8221; header_2_font_size_phone=&#8221;30px&#8221; header_2_font_size_last_edited=&#8221;on|phone&#8221; locked=&#8221;off&#8221; global_colors_info=&#8221;{}&#8221;]<\/p>\n<h2>Local and seasonal products<\/h2>\n<hr id=\"trait-noir\">\n<p>Relais de la Poste chef Thomas Koebel makes a point of working with local, seasonal produce. On a daily basis, they support us and provide us with quality products. We share their passion for good produce, respect for nature and seasonality.[\/et_pb_text][\/et_pb_column][et_pb_column type=&#8221;1_2&#8243; _builder_version=&#8221;4.22.2&#8243; _module_preset=&#8221;default&#8221; custom_padding=&#8221;||||false|false&#8221; custom_css_main_element=&#8221;margin:auto;&#8221; global_colors_info=&#8221;{}&#8221;][et_pb_image src=&#8221;https:\/\/relais-poste.com\/wp-content\/uploads\/2023\/09\/332135986_1163143651069068_6277676439158983440_n.jpg&#8221; alt=&#8221;fresh vegetables&#8221; title_text=&#8221;fresh vegetables&#8221; force_fullwidth=&#8221;on&#8221; align_tablet=&#8221;center&#8221; align_phone=&#8221;center&#8221; align_last_edited=&#8221;on|desktop&#8221; disabled_on=&#8221;on|on|off&#8221; admin_label=&#8221;Photo des asperges&#8221; module_id=&#8221;image-asperges&#8221; _builder_version=&#8221;4.22.2&#8243; _module_preset=&#8221;default&#8221; max_height=&#8221;500px&#8221; global_colors_info=&#8221;{}&#8221;][\/et_pb_image][\/et_pb_column][\/et_pb_row][\/et_pb_section][et_pb_section fb_built=&#8221;1&#8243; _builder_version=&#8221;4.22.2&#8243; _module_preset=&#8221;default&#8221; custom_padding=&#8221;0px||0px||true|false&#8221; hover_enabled=&#8221;0&#8243; global_colors_info=&#8221;{}&#8221; sticky_enabled=&#8221;0&#8243;][et_pb_row column_structure=&#8221;1_3,1_3,1_3&#8243; use_custom_gutter=&#8221;on&#8221; gutter_width=&#8221;1&#8243; make_equal=&#8221;on&#8221; _builder_version=&#8221;4.22.2&#8243; _module_preset=&#8221;default&#8221; width=&#8221;100%&#8221; width_tablet=&#8221;100%&#8221; width_phone=&#8221;100%&#8221; width_last_edited=&#8221;on|desktop&#8221; max_width=&#8221;100%&#8221; max_height=&#8221;425px&#8221; max_height_tablet=&#8221;none&#8221; max_height_phone=&#8221;none&#8221; max_height_last_edited=&#8221;on|phone&#8221; custom_padding=&#8221;0px||0px||true|false&#8221; module_alignment_tablet=&#8221;center&#8221; module_alignment_phone=&#8221;center&#8221; module_alignment_last_edited=&#8221;on|tablet&#8221; global_colors_info=&#8221;{}&#8221; custom_css_main_element_last_edited=&#8221;on|desktop&#8221;][et_pb_column type=&#8221;1_3&#8243; _builder_version=&#8221;4.22.2&#8243; _module_preset=&#8221;default&#8221; background_image=&#8221;https:\/\/relais-poste.com\/wp-content\/uploads\/2023\/09\/produits-locaux2.jpg&#8221; background_last_edited=&#8221;on|desktop&#8221; background_enable_image_tablet=&#8221;off&#8221; custom_css_main_element=&#8221;width:20% !important;&#8221; global_colors_info=&#8221;{}&#8221; custom_css_main_element_last_edited=&#8221;on|phone&#8221; custom_css_main_element_tablet=&#8221;width:100% !important;&#8221; custom_css_main_element_phone=&#8221;width:100% !important;&#8221;][et_pb_image src=&#8221;https:\/\/relais-poste.com\/wp-content\/uploads\/2023\/09\/produits-locaux2.jpg&#8221; alt=&#8221;fruit and vegetables&#8221; title_text=&#8221;local-products2&#8243; align=&#8221;center&#8221; force_fullwidth=&#8221;on&#8221; src_tablet=&#8221;https:\/\/relais-poste.com\/wp-content\/uploads\/2023\/09\/produits-locaux2.jpg&#8221; src_phone=&#8221;https:\/\/relais-poste.com\/wp-content\/uploads\/2023\/09\/produits-locaux2.jpg&#8221; src_last_edited=&#8221;on|tablet&#8221; align_tablet=&#8221;center&#8221; align_phone=&#8221;center&#8221; align_last_edited=&#8221;on|tablet&#8221; disabled_on=&#8221;off|off|on&#8221; _builder_version=&#8221;4.22.2&#8243; _module_preset=&#8221;default&#8221; module_alignment=&#8221;center&#8221; global_colors_info=&#8221;{}&#8221;][\/et_pb_image][\/et_pb_column][et_pb_column type=&#8221;1_3&#8243; _builder_version=&#8221;4.22.2&#8243; _module_preset=&#8221;default&#8221; background_color=&#8221;#C4B390&#8243; custom_css_main_element=&#8221;width:30% !important;||display: flex; flex-direction: column; justify-content: center;&#8221; global_colors_info=&#8221;{}&#8221; custom_css_main_element_last_edited=&#8221;on|phone&#8221; custom_css_main_element_tablet=&#8221;width:100%;&#8221; custom_css_main_element_phone=&#8221;width:100%;&#8221;][et_pb_text admin_label=&#8221;Texte fruits et l\u00e9gumes&#8221; _builder_version=&#8221;4.22.2&#8243; _module_preset=&#8221;default&#8221; text_font=&#8221;|300|||||||&#8221; text_text_color=&#8221;#FFFFFF&#8221; text_font_size=&#8221;18px&#8221; positioning=&#8221;relative&#8221; background_layout=&#8221;dark&#8221; custom_padding=&#8221;5%|5%|5%|5%|true|true&#8221; custom_padding_last_edited=&#8221;off|desktop&#8221; global_colors_info=&#8221;{}&#8221;]<\/p>\n<p><strong>Fruits and vegetables<\/strong><\/p>\n<p>Most of our fruit and vegetables come from Ferme Clauss, located in La Wantzenau, just a few hundred metres from the Relais de la Poste.<\/p>\n<p><span style=\"text-decoration: underline; color: #ffffff;\"><a href=\"https:\/\/www.facebook.com\/fermeclauss\/\" target=\"_blank\" rel=\"noopener\" style=\"color: #ffffff; text-decoration: underline;\">Clauss farm<\/a><\/span><\/p>\n<p>[\/et_pb_text][\/et_pb_column][et_pb_column type=&#8221;1_3&#8243; _builder_version=&#8221;4.22.2&#8243; _module_preset=&#8221;default&#8221; background_color=&#8221;#EEEEEE&#8221; custom_css_main_element=&#8221;display: flex; flex-direction: column; justify-content: center;||width:50% !important;&#8221; global_colors_info=&#8221;{}&#8221; custom_css_main_element_last_edited=&#8221;on|phone&#8221; custom_css_main_element_tablet=&#8221;width:100%;&#8221; custom_css_main_element_phone=&#8221;width:100%;&#8221;][et_pb_text admin_label=&#8221;texte fromages&#8221; _builder_version=&#8221;4.27.3&#8243; _module_preset=&#8221;default&#8221; text_font=&#8221;|300|||||||&#8221; text_text_color=&#8221;#000000&#8243; text_font_size=&#8221;18px&#8221; custom_padding=&#8221;5%|5%|5%|5%|true|true&#8221; custom_padding_last_edited=&#8221;off|desktop&#8221; hover_enabled=&#8221;0&#8243; global_colors_info=&#8221;{}&#8221; sticky_enabled=&#8221;0&#8243;]<\/p>\n<p><strong>Cheeses<\/strong><\/p>\n<p class=\"p1\">Thanks to the meticulous work of Bernard Antony, an exceptional affineur from Vieux-Ferrette (Haut-Rhin), who describes himself as a &#8220;cheese breeder&#8221;, and the expertise of the passionate couple of Meilleurs Ouvriers de France from Maison Lorho in Strasbourg, we are privileged to offer you a selection of exceptional cheeses.<\/p>\n<p><a href=\"https:\/\/www.fromagerieantony.fr\/\"><span style=\"text-decoration: underline;\">La fromagerie Antony<\/span> and <\/a><span style=\"text-decoration: underline;\"><a href=\"https:\/\/www.maison-lorho.fr\/\" target=\"_blank\" rel=\"noopener\">La maison Lorho<\/a><\/span><\/p>\n<p>[\/et_pb_text][\/et_pb_column][\/et_pb_row][et_pb_row column_structure=&#8221;1_3,1_3,1_3&#8243; use_custom_gutter=&#8221;on&#8221; gutter_width=&#8221;1&#8243; make_equal=&#8221;on&#8221; module_class=&#8221;colonnes-inversees&#8221; _builder_version=&#8221;4.22.2&#8243; _module_preset=&#8221;default&#8221; width=&#8221;100%&#8221; max_width=&#8221;100%&#8221; max_height=&#8221;425px&#8221; max_height_tablet=&#8221;none&#8221; max_height_phone=&#8221;none&#8221; max_height_last_edited=&#8221;on|phone&#8221; custom_padding=&#8221;0px||0px||true|false&#8221; global_colors_info=&#8221;{}&#8221;][et_pb_column type=&#8221;1_3&#8243; _builder_version=&#8221;4.22.2&#8243; _module_preset=&#8221;default&#8221; background_color=&#8221;#EEEEEE&#8221; custom_css_main_element=&#8221;display: flex; flex-direction: column; justify-content: center;||width:50% !important;&#8221; global_colors_info=&#8221;{}&#8221; custom_css_main_element_last_edited=&#8221;on|tablet&#8221; custom_css_main_element_tablet=&#8221;width:100%;&#8221; custom_css_main_element_phone=&#8221;width:100%;&#8221;][et_pb_text admin_label=&#8221;texte viandes&#8221; _builder_version=&#8221;4.22.2&#8243; _module_preset=&#8221;default&#8221; text_font=&#8221;|300|||||||&#8221; text_text_color=&#8221;#000000&#8243; text_font_size=&#8221;18px&#8221; max_width=&#8221;780px&#8221; module_alignment=&#8221;right&#8221; custom_padding=&#8221;5%|10%|5%|5%|true|false&#8221; custom_padding_tablet=&#8221;|5%|||true|false&#8221; custom_padding_phone=&#8221;|5%||5%|true|true&#8221; custom_padding_last_edited=&#8221;on|phone&#8221; module_alignment_tablet=&#8221;right&#8221; module_alignment_phone=&#8221;right&#8221; module_alignment_last_edited=&#8221;on|desktop&#8221; custom_css_main_element=&#8221;||&#8221; locked=&#8221;off&#8221; global_colors_info=&#8221;{}&#8221; custom_css_main_element_last_edited=&#8221;on|desktop&#8221; custom_css_main_element_tablet=&#8221;||&#8221; custom_css_main_element_phone=&#8221;||&#8221;]<\/p>\n<p><strong>Meats<\/strong><\/p>\n<p>The pigeon for the Chef&#8217;s signature dish comes from Th\u00e9o Kieffer&#8217;s farm in Nordhouse.<\/p>\n<p><span style=\"text-decoration: underline;\"><a href=\"http:\/\/kieffer-theo.business.site\/\" target=\"_blank\" rel=\"noopener\">Th\u00e9o Kieffer<\/a><\/span><\/p>\n<p>[\/et_pb_text][\/et_pb_column][et_pb_column type=&#8221;1_3&#8243; _builder_version=&#8221;4.22.2&#8243; _module_preset=&#8221;default&#8221; background_color=&#8221;#C29973&#8243; custom_css_main_element=&#8221;width:30% !important;||display: flex; flex-direction: column; justify-content: center;&#8221; global_colors_info=&#8221;{}&#8221; custom_css_main_element_last_edited=&#8221;on|phone&#8221; custom_css_main_element_tablet=&#8221;width:100%;&#8221; custom_css_main_element_phone=&#8221;width:100%;&#8221;][et_pb_text admin_label=&#8221;Texte th\u00e9s&#8221; _builder_version=&#8221;4.22.2&#8243; _module_preset=&#8221;default&#8221; text_font=&#8221;|300|||||||&#8221; text_text_color=&#8221;#FFFFFF&#8221; text_font_size=&#8221;18px&#8221; positioning=&#8221;relative&#8221; background_layout=&#8221;dark&#8221; custom_padding=&#8221;5%|5%|5%|5%|true|true&#8221; custom_padding_last_edited=&#8221;off|desktop&#8221; locked=&#8221;off&#8221; global_colors_info=&#8221;{}&#8221;]<\/p>\n<p><strong>Teas<\/strong><\/p>\n<p>Our teas are created and blended in Alsace by our partner Comptoir Fran\u00e7ais du Th\u00e9, where each cup is conceived as a gustatory voyage.<\/p>\n<p><span style=\"text-decoration: underline; color: #ffffff;\"><a href=\"http:\/\/comptoir-francais-du-the.fr\/\" target=\"_blank\" rel=\"noopener\" style=\"color: #ffffff; text-decoration: underline;\">Comptoir Fran\u00e7ais du th\u00e9<\/a><\/span><\/p>\n<p>[\/et_pb_text][\/et_pb_column][et_pb_column type=&#8221;1_3&#8243; _builder_version=&#8221;4.22.2&#8243; _module_preset=&#8221;default&#8221; background_image=&#8221;https:\/\/relais-poste.com\/wp-content\/uploads\/2023\/09\/produits-locaux3.jpg&#8221; background_last_edited=&#8221;on|desktop&#8221; background_enable_image_tablet=&#8221;off&#8221; custom_css_main_element=&#8221;width:20% !important;&#8221; global_colors_info=&#8221;{}&#8221; custom_css_main_element_tablet=&#8221;width:100%;&#8221; custom_css_main_element_last_edited=&#8221;on|tablet&#8221; custom_css_main_element_phone=&#8221;width:100%;&#8221;][et_pb_image src=&#8221;https:\/\/relais-poste.com\/wp-content\/uploads\/2023\/09\/produits-locaux3.jpg&#8221; alt=&#8221;teas&#8221; title_text=&#8221;local-products3&#8243; align=&#8221;center&#8221; force_fullwidth=&#8221;on&#8221; disabled_on=&#8221;off|off|on&#8221; _builder_version=&#8221;4.22.2&#8243; _module_preset=&#8221;default&#8221; global_colors_info=&#8221;{}&#8221;][\/et_pb_image][\/et_pb_column][\/et_pb_row][et_pb_row column_structure=&#8221;1_3,1_3,1_3&#8243; use_custom_gutter=&#8221;on&#8221; gutter_width=&#8221;1&#8243; make_equal=&#8221;on&#8221; _builder_version=&#8221;4.22.2&#8243; _module_preset=&#8221;default&#8221; width=&#8221;100%&#8221; width_tablet=&#8221;100%&#8221; width_phone=&#8221;100%&#8221; width_last_edited=&#8221;on|desktop&#8221; max_width=&#8221;100%&#8221; max_height=&#8221;425px&#8221; max_height_tablet=&#8221;none&#8221; max_height_phone=&#8221;none&#8221; max_height_last_edited=&#8221;on|phone&#8221; custom_padding=&#8221;0px||0px||true|false&#8221; module_alignment_tablet=&#8221;center&#8221; module_alignment_phone=&#8221;center&#8221; module_alignment_last_edited=&#8221;on|tablet&#8221; locked=&#8221;off&#8221; global_colors_info=&#8221;{}&#8221; custom_css_main_element_last_edited=&#8221;on|desktop&#8221;][et_pb_column type=&#8221;1_3&#8243; _builder_version=&#8221;4.22.2&#8243; _module_preset=&#8221;default&#8221; custom_css_main_element=&#8221;width:20% !important;&#8221; global_colors_info=&#8221;{}&#8221; custom_css_main_element_last_edited=&#8221;on|phone&#8221; custom_css_main_element_tablet=&#8221;width:100% !important;&#8221; custom_css_main_element_phone=&#8221;width:100% !important;&#8221;][et_pb_image src=&#8221;https:\/\/relais-poste.com\/wp-content\/uploads\/2023\/09\/produits-locaux4.jpg&#8221; alt=&#8221;fruit and vegetables&#8221; title_text=&#8221;local-products4&#8243; align=&#8221;center&#8221; force_fullwidth=&#8221;on&#8221; src_tablet=&#8221;https:\/\/relais-poste.com\/wp-content\/uploads\/2023\/09\/produits-locaux4.jpg&#8221; src_phone=&#8221;https:\/\/relais-poste.com\/wp-content\/uploads\/2023\/09\/produits-locaux4.jpg&#8221; src_last_edited=&#8221;on|tablet&#8221; align_tablet=&#8221;center&#8221; align_phone=&#8221;center&#8221; align_last_edited=&#8221;on|tablet&#8221; _builder_version=&#8221;4.22.2&#8243; _module_preset=&#8221;default&#8221; module_alignment=&#8221;center&#8221; global_colors_info=&#8221;{}&#8221;][\/et_pb_image][\/et_pb_column][et_pb_column type=&#8221;1_3&#8243; _builder_version=&#8221;4.22.2&#8243; _module_preset=&#8221;default&#8221; background_color=&#8221;#2d2828&#8243; custom_css_main_element=&#8221;width:30% !important;||display: flex; flex-direction: column; justify-content: center;&#8221; global_colors_info=&#8221;{}&#8221; custom_css_main_element_last_edited=&#8221;on|phone&#8221; custom_css_main_element_tablet=&#8221;width:100%;&#8221; custom_css_main_element_phone=&#8221;width:100%;&#8221;][et_pb_text admin_label=&#8221;Texte P\u00e2tes \u00e0 tartiner&#8221; _builder_version=&#8221;4.22.2&#8243; _module_preset=&#8221;default&#8221; text_font=&#8221;|300|||||||&#8221; text_text_color=&#8221;#FFFFFF&#8221; text_font_size=&#8221;18px&#8221; positioning=&#8221;relative&#8221; background_layout=&#8221;dark&#8221; custom_padding=&#8221;5%|5%|5%|5%|true|true&#8221; custom_padding_last_edited=&#8221;off|desktop&#8221; global_colors_info=&#8221;{}&#8221;]<\/p>\n<p>Pasta spreads<\/p>\n<p>These original, gourmet spreads, made without palm oil, are the expression of the creativity of Ali\u00e9nor Slos, chocolatier at the Les Secrets du Chocolat museum in Geispolsheim.<\/p>\n<p>&nbsp;<\/p>\n<div class=\"aux-parallax-section elementor-element elementor-element-49255a5 elementor-column elementor-col-25 elementor-top-column\" data-id=\"49255a5\" data-element_type=\"column\" data-settings=\"{\"background_background\":\"classic\"}\">\n<div class=\"elementor-column-wrap elementor-element-populated\">\n<div class=\"elementor-widget-wrap\">\n<div class=\"elementor-element elementor-element-94aa8bd elementor-widget elementor-widget-text-editor\" data-id=\"94aa8bd\" data-element_type=\"widget\" data-widget_type=\"text-editor.default\">\n<div class=\"elementor-widget-container\">\n<div class=\"elementor-text-editor elementor-clearfix\">\n<p><span style=\"color: #ffffff;\"><a style=\"color: #ffffff;\" href=\"http:\/\/boutique.musee-du-chocolat.com\/fr\/\" target=\"_blank\" rel=\"noopener\"><span style=\"text-decoration: underline;\">Chocolate Museum<\/span><\/a><\/span><\/p>\n<\/div>\n<\/div>\n<\/div>\n<\/div>\n<\/div>\n<\/div>\n<p>[\/et_pb_text][\/et_pb_column][et_pb_column type=&#8221;1_3&#8243; _builder_version=&#8221;4.22.2&#8243; _module_preset=&#8221;default&#8221; background_color=&#8221;#EEEEEE&#8221; custom_css_main_element=&#8221;display: flex; flex-direction: column; justify-content: center;||width:50% !important;&#8221; global_colors_info=&#8221;{}&#8221; custom_css_main_element_last_edited=&#8221;on|phone&#8221; custom_css_main_element_tablet=&#8221;width:100%;&#8221; custom_css_main_element_phone=&#8221;width:100%;&#8221;][et_pb_text admin_label=&#8221;texte chocolat&#8221; _builder_version=&#8221;4.22.2&#8243; _module_preset=&#8221;default&#8221; text_font=&#8221;|300|||||||&#8221; text_text_color=&#8221;#000000&#8243; text_font_size=&#8221;18px&#8221; custom_padding=&#8221;5%|5%|5%|5%|true|true&#8221; custom_padding_last_edited=&#8221;off|desktop&#8221; global_colors_info=&#8221;{}&#8221;]<\/p>\n<p><strong>Chocolate<\/strong><\/p>\n<p>Our chocolate comes from Schaal Chocolatier, which has been operating in Geispolsheim, Alsace, since 1871. Their cocoa comes from their own plantations in Ecuador.<\/p>\n<p><em>Schaal Chocolatier sells exclusively to companies. Their products are only available to private customers at the Les Secrets du Chocolat boutique.<\/em><\/p>\n<p><span style=\"text-decoration: underline;\"><a href=\"http:\/\/schaal-chocolatier.com\/\" target=\"_blank\" rel=\"noopener\">Chocolatier Schaal<\/a><\/span><\/p>\n<p>[\/et_pb_text][\/et_pb_column][\/et_pb_row][et_pb_row column_structure=&#8221;1_2,1_2&#8243; use_custom_gutter=&#8221;on&#8221; gutter_width=&#8221;1&#8243; make_equal=&#8221;on&#8221; module_class=&#8221;colonnes-inversees&#8221; _builder_version=&#8221;4.22.2&#8243; _module_preset=&#8221;default&#8221; width=&#8221;100%&#8221; max_width=&#8221;100%&#8221; module_alignment=&#8221;center&#8221; max_height=&#8221;425px&#8221; max_height_tablet=&#8221;none&#8221; max_height_phone=&#8221;none&#8221; max_height_last_edited=&#8221;on|phone&#8221; custom_padding=&#8221;0px||0px||true|false&#8221; global_colors_info=&#8221;{}&#8221;][et_pb_column type=&#8221;1_2&#8243; _builder_version=&#8221;4.22.2&#8243; _module_preset=&#8221;default&#8221; background_color=&#8221;#EEEEEE&#8221; custom_css_main_element=&#8221;display: flex; flex-direction: column; justify-content: center;||width:50% !important;&#8221; global_colors_info=&#8221;{}&#8221; custom_css_main_element_tablet=&#8221;width:100%;&#8221; custom_css_main_element_last_edited=&#8221;on|phone&#8221; custom_css_main_element_phone=&#8221;width:100%;&#8221;][et_pb_text admin_label=&#8221;texte pains et viennoiseries&#8221; _builder_version=&#8221;4.22.2&#8243; _module_preset=&#8221;default&#8221; text_font=&#8221;|300|||||||&#8221; text_text_color=&#8221;#000000&#8243; text_font_size=&#8221;18px&#8221; max_width=&#8221;780px&#8221; module_alignment=&#8221;right&#8221; custom_padding=&#8221;5%|10%|5%|5%|true|false&#8221; custom_padding_tablet=&#8221;|5%|||true|false&#8221; custom_padding_phone=&#8221;|5%||5%|true|true&#8221; custom_padding_last_edited=&#8221;on|phone&#8221; module_alignment_tablet=&#8221;right&#8221; module_alignment_phone=&#8221;right&#8221; module_alignment_last_edited=&#8221;on|desktop&#8221; custom_css_main_element=&#8221;||&#8221; locked=&#8221;off&#8221; global_colors_info=&#8221;{}&#8221; custom_css_main_element_last_edited=&#8221;on|desktop&#8221; custom_css_main_element_tablet=&#8221;||&#8221; custom_css_main_element_phone=&#8221;||&#8221;]<\/p>\n<p><strong>Bread and pastries<\/strong><\/p>\n<p>Our breads and viennoiseries are made by &#8220;Au pain de mon Grand-P\u00e8re&#8221;, a family-run bakery founded by Patrick and Bruno Dinel, two Alsatians who respect traditional methods of production, using organically grown ingredients.<\/p>\n<p>&nbsp;<\/p>\n<p>[\/et_pb_text][\/et_pb_column][et_pb_column type=&#8221;1_2&#8243; _builder_version=&#8221;4.22.2&#8243; _module_preset=&#8221;default&#8221; global_colors_info=&#8221;{}&#8221;][et_pb_image src=&#8221;https:\/\/relais-poste.com\/wp-content\/uploads\/2023\/09\/produits-locaux5.jpg&#8221; alt=&#8221;bread and pastries&#8221; title_text=&#8221;local-products5&#8243; align=&#8221;center&#8221; force_fullwidth=&#8221;on&#8221; _builder_version=&#8221;4.22.2&#8243; _module_preset=&#8221;default&#8221; global_colors_info=&#8221;{}&#8221;][\/et_pb_image][\/et_pb_column][\/et_pb_row][\/et_pb_section]<\/p>\n","protected":false},"excerpt":{"rendered":"<p>They accompany us with quality productsLocal and seasonal products Relais de la Poste chef Thomas Koebel makes a point of working with local, seasonal produce. On a daily basis, they support us and provide us with quality products. We share their passion for good produce, respect for nature and seasonality.Fruits and vegetables Most of our fruit and vegetables come from Ferme Clauss, located in La Wantzenau, just a few hundred metres from the Relais de la Poste. Clauss farmCheeses Thanks to the meticulous work of Bernard Antony, an exceptional affineur from Vieux-Ferrette (Haut-Rhin), who describes himself as a &#8220;cheese breeder&#8221;, and the expertise of the passionate couple of Meilleurs Ouvriers de France from Maison Lorho in Strasbourg, we are privileged to offer you a selection of exceptional cheeses. La fromagerie Antony and La maison LorhoMeats The pigeon for the Chef&#8217;s signature dish comes from Th\u00e9o Kieffer&#8217;s farm in Nordhouse. Th\u00e9o KiefferTeas Our teas are created and blended in Alsace by our partner Comptoir Fran\u00e7ais du Th\u00e9, where each cup is conceived as a gustatory voyage. Comptoir Fran\u00e7ais du th\u00e9Pasta spreads These original, gourmet spreads, made without palm oil, are the expression of the creativity of Ali\u00e9nor Slos, chocolatier at the [&hellip;]<\/p>\n","protected":false},"author":14,"featured_media":0,"parent":0,"menu_order":0,"comment_status":"closed","ping_status":"closed","template":"","meta":{"_seopress_robots_primary_cat":"","_seopress_titles_title":"%%sitetitle%% %%sep%% %%post_title%%","_seopress_titles_desc":"Thomas Koebel makes a point of working with local, seasonal produce. On a daily basis, they support us and provide us with quality products.","_seopress_robots_index":"","_et_pb_use_builder":"on","_et_pb_old_content":"","_et_gb_content_width":"","footnotes":""},"_links":{"self":[{"href":"https:\/\/relais-poste.com\/en\/wp-json\/wp\/v2\/pages\/9570"}],"collection":[{"href":"https:\/\/relais-poste.com\/en\/wp-json\/wp\/v2\/pages"}],"about":[{"href":"https:\/\/relais-poste.com\/en\/wp-json\/wp\/v2\/types\/page"}],"author":[{"embeddable":true,"href":"https:\/\/relais-poste.com\/en\/wp-json\/wp\/v2\/users\/14"}],"replies":[{"embeddable":true,"href":"https:\/\/relais-poste.com\/en\/wp-json\/wp\/v2\/comments?post=9570"}],"version-history":[{"count":15,"href":"https:\/\/relais-poste.com\/en\/wp-json\/wp\/v2\/pages\/9570\/revisions"}],"predecessor-version":[{"id":11693,"href":"https:\/\/relais-poste.com\/en\/wp-json\/wp\/v2\/pages\/9570\/revisions\/11693"}],"wp:attachment":[{"href":"https:\/\/relais-poste.com\/en\/wp-json\/wp\/v2\/media?parent=9570"}],"curies":[{"name":"wp","href":"https:\/\/api.w.org\/{rel}","templated":true}]}}