{"id":10830,"date":"2024-05-07T15:46:14","date_gmt":"2024-05-07T13:46:14","guid":{"rendered":"https:\/\/relais-poste.com\/?page_id=10830"},"modified":"2026-03-12T08:19:19","modified_gmt":"2026-03-12T07:19:19","slug":"our-holiday-offers","status":"publish","type":"page","link":"https:\/\/relais-poste.com\/en\/our-holiday-offers\/","title":{"rendered":"Our stay offers"},"content":{"rendered":"<p>[et_pb_section fb_built=&#8221;1&#8243; admin_label=&#8221;Section Nos offres de s\u00e9jour&#8221; _builder_version=&#8221;4.25.0&#8243; _module_preset=&#8221;default&#8221; custom_padding=&#8221;0px||||false|false&#8221; global_colors_info=&#8221;{}&#8221;][et_pb_row column_structure=&#8221;1_2,1_2&#8243; use_custom_gutter=&#8221;on&#8221; gutter_width=&#8221;4&#8243; make_equal=&#8221;on&#8221; _builder_version=&#8221;4.22.1&#8243; _module_preset=&#8221;default&#8221; width=&#8221;100%&#8221; max_width=&#8221;100%&#8221; custom_padding=&#8221;0px||0px||true|false&#8221; global_colors_info=&#8221;{}&#8221;][et_pb_column type=&#8221;1_2&#8243; _builder_version=&#8221;4.22.1&#8243; _module_preset=&#8221;default&#8221; custom_padding=&#8221;|||5%|false|false&#8221; custom_css_main_element=&#8221;margin:auto;&#8221; global_colors_info=&#8221;{}&#8221;][et_pb_text admin_label=&#8221;Texte S\u00e9jour&#8221; _builder_version=&#8221;4.25.0&#8243; _module_preset=&#8221;default&#8221; header_font=&#8221;|700|||||||&#8221; header_text_align=&#8221;left&#8221; header_font_size=&#8221;2.7em&#8221; header_2_font=&#8221;Source Sans Pro|300|||||||&#8221; header_2_text_align=&#8221;left&#8221; header_2_font_size=&#8221;2em&#8221; header_font_size_tablet=&#8221;2.7em&#8221; header_font_size_phone=&#8221;1.8em&#8221; header_font_size_last_edited=&#8221;on|phone&#8221; global_colors_info=&#8221;{}&#8221;]<\/p>\n<h1>Our offers<\/h1>\n<h2>of stay<\/h2>\n<p>[\/et_pb_text][\/et_pb_column][et_pb_column type=&#8221;1_2&#8243; _builder_version=&#8221;4.22.1&#8243; _module_preset=&#8221;default&#8221; global_colors_info=&#8221;{}&#8221;][et_pb_image src=&#8221;https:\/\/relais-poste.com\/wp-content\/uploads\/2024\/05\/batisse4.jpg&#8221; alt=&#8221;batisse4&#8243; title_text=&#8221;BATISSE4&#8243; admin_label=&#8221;Photo de coussins&#8221; _builder_version=&#8221;4.25.0&#8243; _module_preset=&#8221;default&#8221; global_colors_info=&#8221;{}&#8221;][\/et_pb_image][\/et_pb_column][\/et_pb_row][\/et_pb_section][et_pb_section fb_built=&#8221;1&#8243; custom_padding_last_edited=&#8221;on|phone&#8221; admin_label=&#8221;Section s\u00e9jour d\u00e9couverte&#8221; module_id=&#8221;sejour-decouverte&#8221; _builder_version=&#8221;4.27.4&#8243; _module_preset=&#8221;default&#8221; background_color=&#8221;#EEEEEE&#8221; custom_margin=&#8221;||5vh||false|false&#8221; custom_padding=&#8221;0px||0px||true|false&#8221; custom_padding_tablet=&#8221;0px||0px||true|false&#8221; custom_padding_phone=&#8221;0px||0px||true|false&#8221; locked=&#8221;off&#8221; global_colors_info=&#8221;{}&#8221;][et_pb_row column_structure=&#8221;1_2,1_2&#8243; use_custom_gutter=&#8221;on&#8221; gutter_width=&#8221;4&#8243; make_equal=&#8221;on&#8221; custom_padding_last_edited=&#8221;on|tablet&#8221; module_class=&#8221;colonnes-inversees&#8221; _builder_version=&#8221;4.25.0&#8243; _module_preset=&#8221;default&#8221; width=&#8221;100%&#8221; max_width=&#8221;100%&#8221; max_width_tablet=&#8221;100%&#8221; max_width_phone=&#8221;100%&#8221; max_width_last_edited=&#8221;on|phone&#8221; custom_padding=&#8221;0px||0px||true|false&#8221; custom_padding_tablet=&#8221;0px||0px||true|false&#8221; custom_padding_phone=&#8221;0px||0px||true|false&#8221; global_colors_info=&#8221;{}&#8221;][et_pb_column type=&#8221;1_2&#8243; _builder_version=&#8221;4.25.0&#8243; _module_preset=&#8221;default&#8221; background_image=&#8221;https:\/\/relais-poste.com\/wp-content\/uploads\/2024\/05\/chambre-romantique.jpg&#8221; custom_padding_tablet=&#8221;||||false|false&#8221; custom_padding_phone=&#8221;||||false|false&#8221; custom_padding_last_edited=&#8221;on|tablet&#8221; background_last_edited=&#8221;on|phone&#8221; background_enable_image_tablet=&#8221;off&#8221; global_colors_info=&#8221;{}&#8221;][et_pb_image src=&#8221;https:\/\/relais-poste.com\/wp-content\/uploads\/2024\/05\/chambre-romantique.jpg&#8221; alt=&#8221;romantic room&#8221; title_text=&#8221;Romantic room&#8221; disabled_on=&#8221;off|off|on&#8221; _builder_version=&#8221;4.25.0&#8243; _module_preset=&#8221;default&#8221; custom_margin_tablet=&#8221;||-4vh||false|false&#8221; custom_margin_phone=&#8221;||-4vh||false|false&#8221; custom_margin_last_edited=&#8221;on|desktop&#8221; global_colors_info=&#8221;{}&#8221;][\/et_pb_image][\/et_pb_column][et_pb_column type=&#8221;1_2&#8243; _builder_version=&#8221;4.25.0&#8243; _module_preset=&#8221;default&#8221; custom_padding=&#8221;3vh|5%||5%|false|true&#8221; custom_padding_tablet=&#8221;||||false|false&#8221; custom_padding_phone=&#8221;||||false|false&#8221; custom_padding_last_edited=&#8221;off|desktop&#8221; global_colors_info=&#8221;{}&#8221;][et_pb_text admin_label=&#8221;Texte s\u00e9jour d\u00e9couverte&#8221; _builder_version=&#8221;4.27.4&#8243; _module_preset=&#8221;default&#8221; text_font=&#8221;|300|||||||&#8221; text_text_color=&#8221;#000000&#8243; text_font_size=&#8221;18px&#8221; text_line_height=&#8221;1.5em&#8221; header_2_font=&#8221;|600|||||||&#8221; header_2_text_align=&#8221;left&#8221; header_2_font_size=&#8221;40px&#8221; custom_padding=&#8221;5%||||false|false&#8221; custom_padding_tablet=&#8221;||||false|false&#8221; custom_padding_phone=&#8221;2%||||false|false&#8221; custom_padding_last_edited=&#8221;on|tablet&#8221; header_2_font_size_tablet=&#8221;40px&#8221; header_2_font_size_phone=&#8221;30px&#8221; header_2_font_size_last_edited=&#8221;on|phone&#8221; locked=&#8221;off&#8221; global_colors_info=&#8221;{}&#8221;]<\/p>\n<h2>Discovery Stay<\/h2>\n<h2>for 2 persons<\/h2>\n<hr id=\"trait-noir\">\n<p><strong>409\u20ac<\/strong><\/p>\n<p>Thomas Koebel and his entire team welcome you to this authentic and charming building. Just a few minutes from Strasbourg, enjoy a gourmet break.<\/p>\n<p>This package includes, for 2 people: one night in a romantic room, breakfast and a 4-course gourmet menu (excluding drinks).<\/p>\n<p>[\/et_pb_text][et_pb_text admin_label=&#8221;Texte R\u00e9servation par mail ou t\u00e9l\u00e9phone uniquement&#8221; _builder_version=&#8221;4.25.0&#8243; _module_preset=&#8221;default&#8221; custom_padding=&#8221;||||false|false&#8221; locked=&#8221;off&#8221; global_colors_info=&#8221;{}&#8221;]<\/p>\n<p>Reservations by e-mail or telephone only<\/p>\n<p>[\/et_pb_text][dsm_button button_one_text=&#8221;Book&#8221; button_one_url=&#8221;@ET-DC@eyJkeW5hbWljIjp0cnVlLCJjb250ZW50IjoicG9zdF9saW5rX3VybF9wYWdlIiwic2V0dGluZ3MiOnsicG9zdF9pZCI6IjkwNTAiLCJlbmFibGVfaHRtbCI6Im9mZiJ9fQ==@&#8221; button_two_text=&#8221;Offer a gift voucher&#8221; button_two_url=&#8221;https:\/\/relais-poste.bonkdo.com\/fr\/&#8221; button_two_url_new_window=&#8221;on&#8221; button_alignment=&#8221;center&#8221; button_alignment_tablet=&#8221;center&#8221; button_alignment_phone=&#8221;center&#8221; button_alignment_last_edited=&#8221;on|tablet&#8221; _builder_version=&#8221;4.25.0&#8243; _dynamic_attributes=&#8221;button_one_url&#8221; _module_preset=&#8221;default&#8221; custom_button_one=&#8221;on&#8221; button_one_text_size=&#8221;17px&#8221; button_one_bg_color=&#8221;#C4B390&#8243; button_one_border_radius=&#8221;0px&#8221; button_one_font=&#8221;|||on|||||&#8221; button_one_custom_margin=&#8221;||||false|false&#8221; button_one_custom_margin_tablet=&#8221;|0vw|||false|false&#8221; button_one_custom_margin_phone=&#8221;|0px|||false|false&#8221; button_one_custom_margin_last_edited=&#8221;on|phone&#8221; button_one_custom_padding=&#8221;10px||10px||true|false&#8221; custom_button_two=&#8221;on&#8221; button_two_text_size=&#8221;17px&#8221; button_two_bg_color=&#8221;#C4B390&#8243; button_two_border_radius=&#8221;0px&#8221; button_two_font=&#8221;|||on|||||&#8221; button_two_custom_margin=&#8221;||5%||false|false&#8221; button_two_custom_margin_tablet=&#8221;|||4vw|false|false&#8221; button_two_custom_margin_phone=&#8221;|||0px|false|false&#8221; button_two_custom_margin_last_edited=&#8221;on|desktop&#8221; button_two_custom_padding=&#8221;10px||10px||true|false&#8221; z_index=&#8221;999&#8243; background_layout=&#8221;dark&#8221; custom_margin=&#8221;-25px||||false|false&#8221; custom_margin_tablet=&#8221;||5%||false|false&#8221; custom_margin_phone=&#8221;||5%||false|false&#8221; custom_margin_last_edited=&#8221;on|desktop&#8221; custom_css_button_1=&#8221;float:left;||&#8221; custom_css_button_2=&#8221;float: right;||&#8221; global_colors_info=&#8221;{}&#8221; custom_css_button_1_last_edited=&#8221;on|desktop&#8221; custom_css_button_2_last_edited=&#8221;on|phone&#8221; custom_css_button_1_tablet=&#8221;float:none;&#8221; custom_css_button_2_tablet=&#8221;float:none;&#8221; custom_css_button_1_phone=&#8221;float:none;&#8221; custom_css_button_2_phone=&#8221;float:none;&#8221;][\/dsm_button][et_pb_gallery gallery_ids=&#8221;10898,10901&#8243; posts_number=&#8221;2&#8243; show_title_and_caption=&#8221;off&#8221; show_pagination=&#8221;off&#8221; zoom_icon_color=&#8221;#C4B390&#8243; _builder_version=&#8221;4.25.0&#8243; _module_preset=&#8221;default&#8221; module_alignment=&#8221;center&#8221; custom_padding=&#8221;||30px||false|false&#8221; global_colors_info=&#8221;{}&#8221;][\/et_pb_gallery][\/et_pb_column][\/et_pb_row][\/et_pb_section][et_pb_section fb_built=&#8221;1&#8243; admin_label=&#8221;Section s\u00e9jour prestige&#8221; module_id=&#8221;sejour-prestige&#8221; _builder_version=&#8221;4.27.4&#8243; _module_preset=&#8221;default&#8221; background_color=&#8221;#EEEEEE&#8221; custom_margin=&#8221;||5vh||false|false&#8221; custom_padding=&#8221;0px||0px||false|false&#8221; border_color_top=&#8221;#C4B390&#8243; locked=&#8221;off&#8221; global_colors_info=&#8221;{}&#8221;][et_pb_row column_structure=&#8221;1_2,1_2&#8243; use_custom_gutter=&#8221;on&#8221; gutter_width=&#8221;4&#8243; make_equal=&#8221;on&#8221; custom_padding_last_edited=&#8221;on|phone&#8221; _builder_version=&#8221;4.25.0&#8243; _module_preset=&#8221;default&#8221; width=&#8221;100%&#8221; max_width=&#8221;100%&#8221; max_width_tablet=&#8221;100%&#8221; max_width_phone=&#8221;100%&#8221; max_width_last_edited=&#8221;on|phone&#8221; custom_padding=&#8221;0px||0px||true|false&#8221; custom_padding_tablet=&#8221;0px||0px||true|false&#8221; custom_padding_phone=&#8221;0px||0px||true|false&#8221; global_colors_info=&#8221;{}&#8221;][et_pb_column type=&#8221;1_2&#8243; _builder_version=&#8221;4.25.0&#8243; _module_preset=&#8221;default&#8221; custom_padding=&#8221;5%|||10%|false|false&#8221; custom_padding_tablet=&#8221;2vh|5%|2vh|5%|true|true&#8221; custom_padding_phone=&#8221;2vh|5%|2vh|5%|true|true&#8221; custom_padding_last_edited=&#8221;on|phone&#8221; global_colors_info=&#8221;{}&#8221;][et_pb_text admin_label=&#8221;Texte s\u00e9jour prestige&#8221; _builder_version=&#8221;4.27.4&#8243; _module_preset=&#8221;default&#8221; text_font=&#8221;|300|||||||&#8221; text_text_color=&#8221;#000000&#8243; text_font_size=&#8221;18px&#8221; text_line_height=&#8221;1.5em&#8221; header_2_font=&#8221;|600|||||||&#8221; header_2_text_align=&#8221;left&#8221; header_2_font_size=&#8221;40px&#8221; custom_padding=&#8221;5%||||false|false&#8221; custom_padding_tablet=&#8221;||||false|false&#8221; custom_padding_phone=&#8221;2%||||false|false&#8221; custom_padding_last_edited=&#8221;on|tablet&#8221; header_2_font_size_tablet=&#8221;40px&#8221; header_2_font_size_phone=&#8221;30px&#8221; header_2_font_size_last_edited=&#8221;on|phone&#8221; locked=&#8221;off&#8221; global_colors_info=&#8221;{}&#8221;]<\/p>\n<h2>Prestige Stay<\/h2>\n<h2>for 2 persons<\/h2>\n<hr id=\"trait-noir\">\n<p><strong>441\u20ac<\/strong><\/p>\n<p>A veritable Alsatian jewel case, Le Relais de la Poste welcomes you for a flavourful stay. Stay in a warm, authentic house with spacious, comfortable rooms.<br \/>Discover Thomas Koebel&#8217;s generous, elegant cuisine when you dine in our Michelin-starred restaurant.<\/p>\n<p>This package includes, for 2 people: one night in a romantic room, breakfast, 5-course gourmet menu (excluding drinks).<\/p>\n<p>[\/et_pb_text][et_pb_text admin_label=&#8221;Texte R\u00e9servation par mail ou t\u00e9l\u00e9phone uniquement&#8221; _builder_version=&#8221;4.25.0&#8243; _module_preset=&#8221;default&#8221; custom_padding=&#8221;||||false|false&#8221; locked=&#8221;off&#8221; global_colors_info=&#8221;{}&#8221;]<\/p>\n<p>Reservations by e-mail or telephone only<\/p>\n<p>[\/et_pb_text][dsm_button button_one_text=&#8221;Book&#8221; button_one_url=&#8221;@ET-DC@eyJkeW5hbWljIjp0cnVlLCJjb250ZW50IjoicG9zdF9saW5rX3VybF9wYWdlIiwic2V0dGluZ3MiOnsicG9zdF9pZCI6IjkwNTAiLCJlbmFibGVfaHRtbCI6Im9mZiJ9fQ==@&#8221; button_two_text=&#8221;Offer a gift voucher&#8221; button_two_url=&#8221;https:\/\/relais-poste.bonkdo.com\/fr\/&#8221; button_two_url_new_window=&#8221;on&#8221; button_alignment=&#8221;center&#8221; button_alignment_tablet=&#8221;center&#8221; button_alignment_phone=&#8221;center&#8221; button_alignment_last_edited=&#8221;on|tablet&#8221; _builder_version=&#8221;4.25.0&#8243; _dynamic_attributes=&#8221;button_one_url&#8221; _module_preset=&#8221;default&#8221; custom_button_one=&#8221;on&#8221; button_one_text_size=&#8221;17px&#8221; button_one_bg_color=&#8221;#C4B390&#8243; button_one_border_radius=&#8221;0px&#8221; button_one_font=&#8221;|||on|||||&#8221; button_one_custom_margin=&#8221;||||false|false&#8221; button_one_custom_margin_tablet=&#8221;|0vw|||false|false&#8221; button_one_custom_margin_phone=&#8221;|0px|||false|false&#8221; button_one_custom_margin_last_edited=&#8221;on|phone&#8221; button_one_custom_padding=&#8221;10px||10px||true|false&#8221; custom_button_two=&#8221;on&#8221; button_two_text_size=&#8221;17px&#8221; button_two_bg_color=&#8221;#C4B390&#8243; button_two_border_radius=&#8221;0px&#8221; button_two_font=&#8221;|||on|||||&#8221; button_two_custom_margin=&#8221;||5%||false|false&#8221; button_two_custom_margin_tablet=&#8221;|||4vw|false|false&#8221; button_two_custom_margin_phone=&#8221;|||0px|false|false&#8221; button_two_custom_margin_last_edited=&#8221;on|desktop&#8221; button_two_custom_padding=&#8221;10px||10px||true|false&#8221; z_index=&#8221;999&#8243; background_layout=&#8221;dark&#8221; custom_margin=&#8221;-25px||||false|false&#8221; custom_margin_tablet=&#8221;||5%||false|false&#8221; custom_margin_phone=&#8221;||5%||false|false&#8221; custom_margin_last_edited=&#8221;on|desktop&#8221; custom_css_button_1=&#8221;float:left;||&#8221; custom_css_button_2=&#8221;float: right;||&#8221; locked=&#8221;off&#8221; global_colors_info=&#8221;{}&#8221; custom_css_button_1_last_edited=&#8221;on|desktop&#8221; custom_css_button_2_last_edited=&#8221;on|phone&#8221; custom_css_button_1_tablet=&#8221;float:none;&#8221; custom_css_button_2_tablet=&#8221;float:none;&#8221; custom_css_button_1_phone=&#8221;float:none;&#8221; custom_css_button_2_phone=&#8221;float:none;&#8221;][\/dsm_button][et_pb_gallery gallery_ids=&#8221;10910,10907&#8243; posts_number=&#8221;2&#8243; show_title_and_caption=&#8221;off&#8221; show_pagination=&#8221;off&#8221; zoom_icon_color=&#8221;#C4B390&#8243; _builder_version=&#8221;4.25.0&#8243; _module_preset=&#8221;default&#8221; module_alignment=&#8221;center&#8221; custom_padding=&#8221;||30px||false|false&#8221; locked=&#8221;off&#8221; global_colors_info=&#8221;{}&#8221;][\/et_pb_gallery][\/et_pb_column][et_pb_column type=&#8221;1_2&#8243; _builder_version=&#8221;4.25.0&#8243; _module_preset=&#8221;default&#8221; background_image=&#8221;https:\/\/relais-poste.com\/wp-content\/uploads\/2024\/05\/offre-prestige-1.jpg&#8221; custom_padding_tablet=&#8221;||||false|false&#8221; custom_padding_phone=&#8221;||||false|false&#8221; custom_padding_last_edited=&#8221;on|desktop&#8221; background_last_edited=&#8221;on|desktop&#8221; background_enable_image_tablet=&#8221;off&#8221; global_colors_info=&#8221;{}&#8221;][et_pb_image src=&#8221;https:\/\/relais-poste.com\/wp-content\/uploads\/2024\/05\/offre-prestige-1.jpg&#8221; alt=&#8221;prestige offer 1&#8243; title_text=&#8221;prestige offer 1&#8243; force_fullwidth=&#8221;on&#8221; disabled_on=&#8221;off|off|on&#8221; admin_label=&#8221;photo chambre &#8221; _builder_version=&#8221;4.25.0&#8243; _module_preset=&#8221;default&#8221; global_colors_info=&#8221;{}&#8221;][\/et_pb_image][\/et_pb_column][\/et_pb_row][\/et_pb_section]<\/p>\n","protected":false},"excerpt":{"rendered":"<p>Our offers of stayDiscovery Stay for 2 persons 409\u20ac Thomas Koebel and his entire team welcome you to this authentic and charming building. Just a few minutes from Strasbourg, enjoy a gourmet break. This package includes, for 2 people: one night in a romantic room, breakfast and a 4-course gourmet menu (excluding drinks).Reservations by e-mail or telephone only<div class=\"et_pb_module dsm_button dsm_button_0 et_pb_bg_layout_dark\">\n\t\t\t\t\n\t\t\t\t\n\t\t\t\t\n\t\t\t\t\n\t\t\t\t\n\t\t\t\t\n\t\t\t\t<div class=\"et_pb_module_inner\">\n\t\t\t\t\t<div class=\"et_pb_button_module_wrappers dsm_button_0_wrapper et_pb_button_alignment_center et_pb_button_alignment_tablet_center et_pb_button_alignment_phone_center et_pb_module\">\n\t\t\t\t<a class=\"et_pb_button et_pb_button_one et_pb_bg_layout_dark dsm-none \"  data-dsm-lightbox-id=\"dsm_button_one_lightbox dsm_button_0\"><span>Book<\/span><\/a><a class=\"et_pb_button et_pb_button_two et_pb_bg_layout_dark dsm-none \"  href=https:\/\/relais-poste.bonkdo.com\/fr\/ target=\"_blank\" data-dsm-lightbox-id=\"dsm_button_two_lightbox dsm_button_0\"><span>Offer a gift voucher<\/span><\/a>\n\t\t\t<\/div>\n\t\t\t\t<\/div>\n\t\t\t<\/div>Prestige Stay for 2 persons 441\u20ac A veritable Alsatian jewel case, Le Relais de la Poste welcomes you for a flavourful stay. Stay in a warm, authentic house with spacious, comfortable rooms.Discover Thomas Koebel&#8217;s generous, elegant cuisine when you dine in our Michelin-starred restaurant. This package includes, for 2 people: one night in a romantic room, breakfast, 5-course gourmet menu (excluding drinks).Reservations by e-mail or telephone only<div class=\"et_pb_module dsm_button dsm_button_1 et_pb_bg_layout_light\">\n\t\t\t\t\n\t\t\t\t\n\t\t\t\t\n\t\t\t\t\n\t\t\t\t\n\t\t\t\t\n\t\t\t\t<div class=\"et_pb_module_inner\">\n\t\t\t\t\t<div class=\"et_pb_button_module_wrappers dsm_button_1_wrapper et_pb_button_alignment_&#8221;center&#8221; et_pb_module\">\n\t\t\t\t<a class=\"et_pb_button et_pb_button_one et_pb_bg_layout_light dsm-none \"  href=http:\/\/&#8221;&#8221; data-dsm-lightbox-id=\"dsm_button_one_lightbox dsm_button_1\"><span>&#8221;Book&#8221;<\/span><\/a><a class=\"et_pb_button et_pb_button_two et_pb_bg_layout_light dsm-none \"  data-dsm-lightbox-id=\"dsm_button_two_lightbox dsm_button_1\"><span>&#8221;Offer<\/span><\/a>\n\t\t\t<\/div>\n\t\t\t\t<\/div>\n\t\t\t<\/div><\/p>\n","protected":false},"author":14,"featured_media":0,"parent":0,"menu_order":0,"comment_status":"closed","ping_status":"closed","template":"","meta":{"_seopress_robots_primary_cat":"","_seopress_titles_title":"%%sitetitle%% %%sep%% %%post_title%%","_seopress_titles_desc":"Thomas Koebel and his entire team welcome you to this authentic and charming building. Just a few minutes from Strasbourg, enjoy a gourmet break.","_seopress_robots_index":"","_et_pb_use_builder":"on","_et_pb_old_content":"","_et_gb_content_width":"","footnotes":""},"_links":{"self":[{"href":"https:\/\/relais-poste.com\/en\/wp-json\/wp\/v2\/pages\/10830"}],"collection":[{"href":"https:\/\/relais-poste.com\/en\/wp-json\/wp\/v2\/pages"}],"about":[{"href":"https:\/\/relais-poste.com\/en\/wp-json\/wp\/v2\/types\/page"}],"author":[{"embeddable":true,"href":"https:\/\/relais-poste.com\/en\/wp-json\/wp\/v2\/users\/14"}],"replies":[{"embeddable":true,"href":"https:\/\/relais-poste.com\/en\/wp-json\/wp\/v2\/comments?post=10830"}],"version-history":[{"count":80,"href":"https:\/\/relais-poste.com\/en\/wp-json\/wp\/v2\/pages\/10830\/revisions"}],"predecessor-version":[{"id":16552,"href":"https:\/\/relais-poste.com\/en\/wp-json\/wp\/v2\/pages\/10830\/revisions\/16552"}],"wp:attachment":[{"href":"https:\/\/relais-poste.com\/en\/wp-json\/wp\/v2\/media?parent=10830"}],"curies":[{"name":"wp","href":"https:\/\/api.w.org\/{rel}","templated":true}]}}