{"id":9698,"date":"2023-09-04T17:00:22","date_gmt":"2023-09-04T15:00:22","guid":{"rendered":"https:\/\/relais-poste.com\/ein-hotel-mit-charme\/"},"modified":"2025-09-11T15:20:09","modified_gmt":"2025-09-11T13:20:09","slug":"ein-hotel-mit-charme","status":"publish","type":"page","link":"https:\/\/relais-poste.com\/de\/ein-hotel-mit-charme\/","title":{"rendered":"Ein Hotel mit Charme"},"content":{"rendered":"<p>[et_pb_section fb_built=&#8220;1&#8243; admin_label=&#8220;SectionUn h\u00f4tel de charme&#8220; _builder_version=&#8220;4.22.2&#8243; _module_preset=&#8220;01aa4328-e9cf-4071-bc2c-2135c5e56b3d&#8220; custom_padding=&#8220;||||false|false&#8220; locked=&#8220;off&#8220; global_colors_info=&#8220;{}&#8220;][et_pb_row column_structure=&#8220;1_2,1_2&#8243; use_custom_gutter=&#8220;on&#8220; gutter_width=&#8220;4&#8243; make_equal=&#8220;on&#8220; _builder_version=&#8220;4.22.2&#8243; _module_preset=&#8220;default&#8220; width=&#8220;100%&#8220; max_width=&#8220;100%&#8220; module_alignment=&#8220;center&#8220; custom_padding=&#8220;0px||0px||true|false&#8220; global_colors_info=&#8220;{}&#8220;][et_pb_column type=&#8220;1_2&#8243; _builder_version=&#8220;4.22.2&#8243; _module_preset=&#8220;default&#8220; custom_padding=&#8220;|||5%|false|false&#8220; custom_css_main_element=&#8220;margin:auto;&#8220; global_colors_info=&#8220;{}&#8220;][et_pb_text admin_label=&#8220;Texte Un h\u00f4tel de charme&#8220; _builder_version=&#8220;4.22.2&#8243; _module_preset=&#8220;default&#8220; header_font=&#8220;|700|||||||&#8220; header_text_align=&#8220;left&#8220; header_font_size=&#8220;2.7em&#8220; header_2_font=&#8220;Source Sans Pro|300|||||||&#8220; header_2_text_align=&#8220;left&#8220; header_2_font_size=&#8220;2em&#8220; header_font_size_tablet=&#8220;2.7em&#8220; header_font_size_phone=&#8220;1.8em&#8220; header_font_size_last_edited=&#8220;on|phone&#8220; global_colors_info=&#8220;{}&#8220;]<\/p>\n<h1>Ein Hotel mit Charme<\/h1>\n<h2>zu entdecken<\/h2>\n<p>[\/et_pb_text][\/et_pb_column][et_pb_column type=&#8220;1_2&#8243; _builder_version=&#8220;4.22.1&#8243; _module_preset=&#8220;default&#8220; global_colors_info=&#8220;{}&#8220;][et_pb_image src=&#8220;https:\/\/relais-poste.com\/wp-content\/uploads\/2024\/05\/chambre-romantique-4.jpg&#8220; alt=&#8220;Romantikzimmer&#8220; title_text=&#8220;Romantikzimmer&#8220; admin_label=&#8220;Photo chambre d&#8217;h\u00f4tel&#8220; _builder_version=&#8220;4.25.1&#8243; _module_preset=&#8220;default&#8220; global_colors_info=&#8220;{}&#8220;][\/et_pb_image][\/et_pb_column][\/et_pb_row][\/et_pb_section][et_pb_section fb_built=&#8220;1&#8243; admin_label=&#8220;SectionBienvenue&#8220; _builder_version=&#8220;4.22.2&#8243; _module_preset=&#8220;default&#8220; background_color=&#8220;#EEEEEE&#8220; custom_padding=&#8220;0px||0px||true|false&#8220; locked=&#8220;off&#8220; global_colors_info=&#8220;{}&#8220;][et_pb_row column_structure=&#8220;1_2,1_2&#8243; use_custom_gutter=&#8220;on&#8220; gutter_width=&#8220;4&#8243; make_equal=&#8220;on&#8220; custom_padding_last_edited=&#8220;on|phone&#8220; _builder_version=&#8220;4.25.1&#8243; _module_preset=&#8220;default&#8220; width=&#8220;100%&#8220; max_width=&#8220;100%&#8220; max_width_tablet=&#8220;100%&#8220; max_width_phone=&#8220;100%&#8220; max_width_last_edited=&#8220;on|phone&#8220; custom_padding=&#8220;0px||0px||true|false&#8220; custom_padding_tablet=&#8220;0px||0px||true|false&#8220; custom_padding_phone=&#8220;0px||0px||true|false&#8220; global_colors_info=&#8220;{}&#8220;][et_pb_column type=&#8220;1_2&#8243; _builder_version=&#8220;4.22.2&#8243; _module_preset=&#8220;default&#8220; custom_padding=&#8220;5%|||10%|false|false&#8220; custom_padding_tablet=&#8220;2vh|3%|2vh|3%|true|true&#8220; custom_padding_phone=&#8220;2vh|3%|2vh|3%|true|true&#8220; custom_padding_last_edited=&#8220;on|tablet&#8220; custom_css_main_element=&#8220;margin:auto;&#8220; global_colors_info=&#8220;{}&#8220;][et_pb_text admin_label=&#8220;Texte Bienvenue dans notre h\u00f4tel au charme alsacien&#8220; _builder_version=&#8220;4.22.2&#8243; _module_preset=&#8220;default&#8220; text_font=&#8220;|300|||||||&#8220; text_text_color=&#8220;#000000&#8243; text_font_size=&#8220;18px&#8220; text_line_height=&#8220;1.5em&#8220; header_2_font=&#8220;|600|||||||&#8220; header_2_text_align=&#8220;left&#8220; header_2_font_size=&#8220;2.1em&#8220; header_2_font_size_tablet=&#8220;40px&#8220; header_2_font_size_phone=&#8220;30px&#8220; header_2_font_size_last_edited=&#8220;on|phone&#8220; locked=&#8220;off&#8220; global_colors_info=&#8220;{}&#8220;]<\/p>\n<h2>Willkommen in unserem Hotel mit els\u00e4ssischem Charme<\/h2>\n<hr id=\"trait-noir\">\n<p>Im Herzen des Dorfes La Wantzenau, in der N\u00e4he von Stra\u00dfburg, steht ein typisch els\u00e4ssisches Geb\u00e4ude, das 1795 erbaut wurde: Le Relais de la Poste. Das ehemalige Postamt und Gasthaus Le Relais de la Poste ist heute ein 3-Sterne-Hotel und ein anerkanntes Gourmetrestaurant, das vom Guide Michelin mit einem Stern ausgezeichnet wurde. Die Einrichtung hat ihren Charme und ihre Authentizit\u00e4t bewahrt: Fachwerkhaus, sichtbare Balken, niedrige Decken, Fenster mit Holzl\u00e4den, Zimmer mit Dachschr\u00e4gen. Ein echter warmer Kokon, in den man sich f\u00fcr ein Wochenende zur\u00fcckziehen m\u00f6chte.<\/p>\n<p>[\/et_pb_text][et_pb_button button_url=&#8220;https:\/\/app.mews.com\/distributor\/8a3f1acf-3afa-4751-86ae-b01800797cc2&#8243; url_new_window=&#8220;on&#8220; button_text=&#8220;Ein Zimmer buchen&#8220; admin_label=&#8220;Bouton r\u00e9server une chambre&#8220; module_class=&#8220;bouton-fond-or&#8220; _builder_version=&#8220;4.25.2&#8243; _module_preset=&#8220;4d58f5b3-415f-4bfd-b6d7-3f78dcc177d4&#8243; button_font=&#8220;|||on|||||&#8220; custom_margin=&#8220;4vh||4vh||true|false&#8220; custom_padding=&#8220;10px||10px|4%|true|false&#8220; locked=&#8220;off&#8220; global_colors_info=&#8220;{}&#8220;][\/et_pb_button][\/et_pb_column][et_pb_column type=&#8220;1_2&#8243; _builder_version=&#8220;4.25.1&#8243; _module_preset=&#8220;default&#8220; background_image=&#8220;https:\/\/relais-poste.com\/wp-content\/uploads\/2024\/05\/batisse-4.jpg&#8220; custom_padding_tablet=&#8220;||||false|false&#8220; custom_padding_phone=&#8220;||||false|false&#8220; custom_padding_last_edited=&#8220;on|desktop&#8220; background_last_edited=&#8220;on|phone&#8220; background_enable_image_tablet=&#8220;off&#8220; global_colors_info=&#8220;{}&#8220;][et_pb_image src=&#8220;https:\/\/relais-poste.com\/wp-content\/uploads\/2024\/05\/batisse-4.jpg&#8220; alt=&#8220;Geb\u00e4ude 4&#8243; title_text=&#8220;Geb\u00e4ude 4&#8243; force_fullwidth=&#8220;on&#8220; disabled_on=&#8220;off|off|on&#8220; admin_label=&#8220;photo h\u00f4tel&#8220; _builder_version=&#8220;4.25.1&#8243; _module_preset=&#8220;default&#8220; global_colors_info=&#8220;{}&#8220;][\/et_pb_image][\/et_pb_column][\/et_pb_row][et_pb_row _builder_version=&#8220;4.22.2&#8243; _module_preset=&#8220;default&#8220; background_color=&#8220;#C4B390&#8243; width=&#8220;100%&#8220; max_width=&#8220;100%&#8220; custom_padding=&#8220;5%||5%||true|false&#8220; locked=&#8220;off&#8220; global_colors_info=&#8220;{}&#8220;][et_pb_column type=&#8220;4_4&#8243; _builder_version=&#8220;4.22.2&#8243; _module_preset=&#8220;default&#8220; global_colors_info=&#8220;{}&#8220;][et_pb_text admin_label=&#8220;Texte Des chambres spacieuses et confortables&#8220; _builder_version=&#8220;4.27.4&#8243; _module_preset=&#8220;default&#8220; text_font=&#8220;|300|||||||&#8220; text_text_color=&#8220;#FFFFFF&#8220; text_font_size=&#8220;18px&#8220; text_line_height=&#8220;1.5em&#8220; header_2_font=&#8220;|700|||||||&#8220; header_2_text_align=&#8220;center&#8220; header_2_font_size=&#8220;2.1em&#8220; header_3_font=&#8220;Source Sans Pro|300|||||||&#8220; header_3_text_color=&#8220;#C4B390&#8243; header_3_font_size=&#8220;40px&#8220; text_orientation=&#8220;center&#8220; background_layout=&#8220;dark&#8220; width=&#8220;95%&#8220; width_tablet=&#8220;100%&#8220; width_phone=&#8220;100%&#8220; width_last_edited=&#8220;off|desktop&#8220; max_width=&#8220;1900px&#8220; max_width_tablet=&#8220;100%&#8220; max_width_phone=&#8220;100%&#8220; max_width_last_edited=&#8220;on|tablet&#8220; module_alignment=&#8220;center&#8220; custom_padding=&#8220;||||false|false&#8220; header_2_font_size_tablet=&#8220;40px&#8220; header_2_font_size_phone=&#8220;30px&#8220; header_2_font_size_last_edited=&#8220;on|phone&#8220; header_3_font_size_tablet=&#8220;40px&#8220; header_3_font_size_phone=&#8220;30px&#8220; header_3_font_size_last_edited=&#8220;on|phone&#8220; custom_css_main_element=&#8220;margin:auto;&#8220; border_color_bottom=&#8220;#FFFFFF&#8220; locked=&#8220;off&#8220; global_colors_info=&#8220;{}&#8220;]<\/p>\n<h2>Ger\u00e4umige und komfortable Zimmer<\/h2>\n<hr id=\"trait-blanc-middle\">\n<p>Das Hotel verf\u00fcgt \u00fcber 18 Zimmer, darunter ein Zimmer f\u00fcr Menschen mit eingeschr\u00e4nkter Mobilit\u00e4t. Unsere ger\u00e4umigen und komfortablen Zimmer (zwischen 14 und 24 m\u00b2) sind in verschiedene Kategorien unterteilt: gem\u00fctlich, charmant, romantisch und balneo.<br \/>Die urspr\u00fcngliche Architektur des Hauses wurde beibehalten, so dass Sie Ihr Zimmer \u00fcber mehrere Korridore und Treppen (Aufzug verf\u00fcgbar) erreichen. In Ihrem Zimmer erfahren Sie mehr \u00fcber die Geschichte des Geb\u00e4udes.<br \/>Je nach Kategorie variiert die Ausstattung der Zimmer leicht, aber alle sind mit einem Doppelbett, Fernseher, Klimaanlage, Haartrockner und einem Gourmet-Begr\u00fc\u00dfungspaket ausgestattet. WLAN-Zugang ist ebenfalls in der gesamten Einrichtung verf\u00fcgbar.<\/p>\n<p>[\/et_pb_text][et_pb_button button_url=&#8220;@ET-DC@eyJkeW5hbWljIjp0cnVlLCJjb250ZW50IjoicG9zdF9saW5rX3VybF9wYWdlIiwic2V0dGluZ3MiOnsicG9zdF9pZCI6IjM1In19@&#8220; button_text=&#8220;Entdecken Sie unsere Zimmer&#8220; button_alignment=&#8220;center&#8220; _builder_version=&#8220;4.22.2&#8243; _dynamic_attributes=&#8220;button_url&#8220; _module_preset=&#8220;default&#8220; custom_button=&#8220;on&#8220; button_border_width=&#8220;1px&#8220; button_border_color=&#8220;#FFFFFF&#8220; button_border_radius=&#8220;0px&#8220; button_font=&#8220;|300||on|||||&#8220; button_icon=&#8220;&#x24;||divi||400&#8243; global_colors_info=&#8220;{}&#8220; button_bg_color__hover_enabled=&#8220;on|hover&#8220; button_bg_color__hover=&#8220;RGBA(255,255,255,0)&#8220; button_bg_enable_color__hover=&#8220;on&#8220; button_border_color__hover_enabled=&#8220;on|hover&#8220; button_border_color__hover=&#8220;#FFFFFF&#8220; button_border_width__hover_enabled=&#8220;on|hover&#8220; button_border_width__hover=&#8220;1px&#8220;][\/et_pb_button][\/et_pb_column][\/et_pb_row][\/et_pb_section][et_pb_section fb_built=&#8220;1&#8243; admin_label=&#8220;Section petit d\u00e9jeuner&#8220; _builder_version=&#8220;4.25.1&#8243; _module_preset=&#8220;default&#8220; background_image=&#8220;https:\/\/relais-poste.com\/wp-content\/uploads\/2024\/05\/petit-dejeuner.jpg&#8220; parallax=&#8220;on&#8220; global_colors_info=&#8220;{}&#8220;][et_pb_row _builder_version=&#8220;4.22.2&#8243; _module_preset=&#8220;default&#8220; global_colors_info=&#8220;{}&#8220;][et_pb_column type=&#8220;4_4&#8243; _builder_version=&#8220;4.22.2&#8243; _module_preset=&#8220;default&#8220; global_colors_info=&#8220;{}&#8220;][et_pb_text admin_label=&#8220;Texte petit-d\u00e9jeuner&#8220; _builder_version=&#8220;4.27.4&#8243; _module_preset=&#8220;default&#8220; text_font=&#8220;|300|||||||&#8220; text_font_size=&#8220;18px&#8220; header_font=&#8220;|700|||||||&#8220; header_2_font=&#8220;|700|||||||&#8220; header_2_text_align=&#8220;center&#8220; header_2_font_size=&#8220;2.1em&#8220; background_color=&#8220;#FFFFFF&#8220; text_orientation=&#8220;center&#8220; custom_padding=&#8220;5%|5%|5%|5%|true|true&#8220; global_colors_info=&#8220;{}&#8220;]<\/p>\n<h2>Ein gro\u00dfz\u00fcgiges Schlemmerfr\u00fchst\u00fcck<\/h2>\n<hr id=\"trait-noir-middle\">\n<p>Das Fr\u00fchst\u00fcck wird im Speisesaal unter dem Glasdach auf der Terrasse serviert und entspricht dem Image des Restaurants: lokale und handwerkliche Produkte und Hausgemachtes stehen im Vordergrund.<br \/>Hausgemachte Brotaufstriche, Geb\u00e4ck, lokale Marmeladen, frisches Obst der Saison und anderes stehen zur Verf\u00fcgung. M\u00fcsli, R\u00fchrei, gekochte Eier, Aufschnitt, K\u00e4se, hausgemachtes Granola und andere S\u00e4fte und Hei\u00dfgetr\u00e4nke vervollst\u00e4ndigen das Buffet. <\/p>\n<p>Preis f\u00fcr das Fr\u00fchst\u00fcck: 23 \u20ac \/ Person<\/p>\n<p><span style=\"text-decoration: underline;\"><a href=\"https:\/\/relais-poste.com\/de\/sie-begleiten-uns\/\"><span style=\"color: #000000; text-decoration: underline;\">Entdecken Sie die Handwerker und Produzenten, die uns begleiten.<\/span><\/a><\/span><\/p>\n<p>[\/et_pb_text][\/et_pb_column][\/et_pb_row][\/et_pb_section][et_pb_section fb_built=&#8220;1&#8243; admin_label=&#8220;Section l&#8217;\u00e9quipe&#8220; _builder_version=&#8220;4.22.2&#8243; _module_preset=&#8220;default&#8220; global_colors_info=&#8220;{}&#8220;][et_pb_row column_structure=&#8220;1_2,1_2&#8243; use_custom_gutter=&#8220;on&#8220; make_equal=&#8220;on&#8220; _builder_version=&#8220;4.22.2&#8243; _module_preset=&#8220;default&#8220; width=&#8220;95%&#8220; custom_padding=&#8220;0px||0px||true|false&#8220; global_colors_info=&#8220;{}&#8220;][et_pb_column type=&#8220;1_2&#8243; _builder_version=&#8220;4.22.2&#8243; _module_preset=&#8220;default&#8220; custom_css_main_element=&#8220;margin:auto;&#8220; global_colors_info=&#8220;{}&#8220;][et_pb_text admin_label=&#8220;Texte l&#8217;\u00e9quipe&#8220; _builder_version=&#8220;4.22.2&#8243; _module_preset=&#8220;default&#8220; text_font=&#8220;|300|||||||&#8220; text_text_color=&#8220;#000000&#8243; text_font_size=&#8220;18px&#8220; text_line_height=&#8220;1.5em&#8220; header_2_font=&#8220;|600|||||||&#8220; header_2_text_align=&#8220;left&#8220; header_2_font_size=&#8220;2.1em&#8220; header_2_font_size_tablet=&#8220;40px&#8220; header_2_font_size_phone=&#8220;30px&#8220; header_2_font_size_last_edited=&#8220;on|phone&#8220; locked=&#8220;off&#8220; global_colors_info=&#8220;{}&#8220;]<\/p>\n<h2>Das Team des Hotels<\/h2>\n<hr id=\"trait-noir\">\n<p>W\u00e4hrend Ihres gesamten Aufenthalts bem\u00fchen sich unsere Teams darum, Ihnen eine au\u00dfergew\u00f6hnliche Zeit in unserer Einrichtung zu bieten.<\/p>\n<p>Sie sind um Ihre Zufriedenheit bem\u00fcht und achten auf jedes Detail, damit Ihre Erfahrung bei uns perfekt ist!<\/p>\n<p>[\/et_pb_text][\/et_pb_column][et_pb_column type=&#8220;1_2&#8243; _builder_version=&#8220;4.22.2&#8243; _module_preset=&#8220;default&#8220; global_colors_info=&#8220;{}&#8220;][et_pb_image src=&#8220;https:\/\/relais-poste.com\/wp-content\/uploads\/2023\/09\/Relais_de_la_poste_hotel_de_charme_3.jpg&#8220; alt=&#8220;Empfang&#8220; title_text=&#8220;Relais_de_la_poste_hotel_de_charme_3&#8243; align=&#8220;center&#8220; force_fullwidth=&#8220;on&#8220; _builder_version=&#8220;4.22.2&#8243; _module_preset=&#8220;default&#8220; global_colors_info=&#8220;{}&#8220;][\/et_pb_image][\/et_pb_column][\/et_pb_row][\/et_pb_section]<\/p>\n","protected":false},"excerpt":{"rendered":"<p>Ein Hotel mit Charme zu entdeckenWillkommen in unserem Hotel mit els\u00e4ssischem Charme Im Herzen des Dorfes La Wantzenau, in der N\u00e4he von Stra\u00dfburg, steht ein typisch els\u00e4ssisches Geb\u00e4ude, das 1795 erbaut wurde: Le Relais de la Poste. Das ehemalige Postamt und Gasthaus Le Relais de la Poste ist heute ein 3-Sterne-Hotel und ein anerkanntes Gourmetrestaurant, das vom Guide Michelin mit einem Stern ausgezeichnet wurde. Die Einrichtung hat ihren Charme und ihre Authentizit\u00e4t bewahrt: Fachwerkhaus, sichtbare Balken, niedrige Decken, Fenster mit Holzl\u00e4den, Zimmer mit Dachschr\u00e4gen. Ein echter warmer Kokon, in den man sich f\u00fcr ein Wochenende zur\u00fcckziehen m\u00f6chte.Ger\u00e4umige und komfortable Zimmer Das Hotel verf\u00fcgt \u00fcber 18 Zimmer, darunter ein Zimmer f\u00fcr Menschen mit eingeschr\u00e4nkter Mobilit\u00e4t. Unsere ger\u00e4umigen und komfortablen Zimmer (zwischen 14 und 24 m\u00b2) sind in verschiedene Kategorien unterteilt: gem\u00fctlich, charmant, romantisch und balneo.Die urspr\u00fcngliche Architektur des Hauses wurde beibehalten, so dass Sie Ihr Zimmer \u00fcber mehrere Korridore und Treppen (Aufzug verf\u00fcgbar) erreichen. In Ihrem Zimmer erfahren Sie mehr \u00fcber die Geschichte des Geb\u00e4udes.Je nach Kategorie variiert die Ausstattung der Zimmer leicht, aber alle sind mit einem Doppelbett, Fernseher, Klimaanlage, Haartrockner und einem Gourmet-Begr\u00fc\u00dfungspaket ausgestattet. WLAN-Zugang ist ebenfalls in der gesamten Einrichtung verf\u00fcgbar.Ein gro\u00dfz\u00fcgiges Schlemmerfr\u00fchst\u00fcck Das Fr\u00fchst\u00fcck wird im Speisesaal [&hellip;]<\/p>\n","protected":false},"author":14,"featured_media":0,"parent":0,"menu_order":0,"comment_status":"closed","ping_status":"closed","template":"","meta":{"_seopress_robots_primary_cat":"","_seopress_titles_title":"%%sitetitle%% %%sep%% %%post_title%%","_seopress_titles_desc":"Im Herzen des Dorfes La Wantzenau, in der N\u00e4he von Stra\u00dfburg, steht ein typisch els\u00e4ssisches Geb\u00e4ude, das 1795 erbaut wurde: Le Relais de la Poste.","_seopress_robots_index":"","_et_pb_use_builder":"on","_et_pb_old_content":"","_et_gb_content_width":"","footnotes":""},"_links":{"self":[{"href":"https:\/\/relais-poste.com\/de\/wp-json\/wp\/v2\/pages\/9698"}],"collection":[{"href":"https:\/\/relais-poste.com\/de\/wp-json\/wp\/v2\/pages"}],"about":[{"href":"https:\/\/relais-poste.com\/de\/wp-json\/wp\/v2\/types\/page"}],"author":[{"embeddable":true,"href":"https:\/\/relais-poste.com\/de\/wp-json\/wp\/v2\/users\/14"}],"replies":[{"embeddable":true,"href":"https:\/\/relais-poste.com\/de\/wp-json\/wp\/v2\/comments?post=9698"}],"version-history":[{"count":23,"href":"https:\/\/relais-poste.com\/de\/wp-json\/wp\/v2\/pages\/9698\/revisions"}],"predecessor-version":[{"id":15756,"href":"https:\/\/relais-poste.com\/de\/wp-json\/wp\/v2\/pages\/9698\/revisions\/15756"}],"wp:attachment":[{"href":"https:\/\/relais-poste.com\/de\/wp-json\/wp\/v2\/media?parent=9698"}],"curies":[{"name":"wp","href":"https:\/\/api.w.org\/{rel}","templated":true}]}}