{"id":9599,"date":"2023-09-04T17:06:34","date_gmt":"2023-09-04T15:06:34","guid":{"rendered":"https:\/\/relais-poste.com\/teambuilding\/"},"modified":"2026-03-31T08:54:17","modified_gmt":"2026-03-31T06:54:17","slug":"teambuilding","status":"publish","type":"page","link":"https:\/\/relais-poste.com\/de\/teambuilding\/","title":{"rendered":"Teambuilding"},"content":{"rendered":"<p>[et_pb_section fb_built=&#8220;1&#8243; admin_label=&#8220;Section&#8220; _builder_version=&#8220;4.22.2&#8243; _module_preset=&#8220;default&#8220; custom_padding=&#8220;0px||||false|false&#8220; global_colors_info=&#8220;{}&#8220;][et_pb_row column_structure=&#8220;1_2,1_2&#8243; use_custom_gutter=&#8220;on&#8220; gutter_width=&#8220;4&#8243; make_equal=&#8220;on&#8220; _builder_version=&#8220;4.22.1&#8243; _module_preset=&#8220;default&#8220; width=&#8220;100%&#8220; max_width=&#8220;100%&#8220; custom_padding=&#8220;0px||0px||true|false&#8220; global_colors_info=&#8220;{}&#8220;][et_pb_column type=&#8220;1_2&#8243; _builder_version=&#8220;4.22.1&#8243; _module_preset=&#8220;default&#8220; custom_padding=&#8220;|||5%|false|false&#8220; custom_css_main_element=&#8220;margin:auto;&#8220; global_colors_info=&#8220;{}&#8220;][et_pb_text admin_label=&#8220;Texte team building&#8220; _builder_version=&#8220;4.22.2&#8243; _module_preset=&#8220;default&#8220; header_font=&#8220;|700|||||||&#8220; header_text_align=&#8220;left&#8220; header_font_size=&#8220;2.7em&#8220; header_2_font=&#8220;Source Sans Pro|300|||||||&#8220; header_2_text_align=&#8220;left&#8220; header_2_font_size=&#8220;2em&#8220; header_font_size_tablet=&#8220;2.7em&#8220; header_font_size_phone=&#8220;1.8em&#8220; header_font_size_last_edited=&#8220;on|phone&#8220; global_colors_info=&#8220;{}&#8220;]<\/p>\n<h1>Teambuilding<\/h1>\n<h2>f\u00fcr Ihre Teams<\/h2>\n<p>[\/et_pb_text][\/et_pb_column][et_pb_column type=&#8220;1_2&#8243; _builder_version=&#8220;4.22.1&#8243; _module_preset=&#8220;default&#8220; global_colors_info=&#8220;{}&#8220;][et_pb_image src=&#8220;https:\/\/relais-poste.com\/wp-content\/uploads\/2023\/11\/Copie-de-header-3.jpg&#8220; alt=&#8220;relais-team der post&#8220; title_text=&#8220;Design ohne Titel &#8211; 10&#8243; admin_label=&#8220;Photo de l&#8217;\u00e9quipe&#8220; _builder_version=&#8220;4.23.1&#8243; _module_preset=&#8220;default&#8220; global_colors_info=&#8220;{}&#8220;][\/et_pb_image][\/et_pb_column][\/et_pb_row][\/et_pb_section][et_pb_section fb_built=&#8220;1&#8243; _builder_version=&#8220;4.22.2&#8243; _module_preset=&#8220;default&#8220; locked=&#8220;off&#8220; global_colors_info=&#8220;{}&#8220;][et_pb_row _builder_version=&#8220;4.22.2&#8243; _module_preset=&#8220;default&#8220; width=&#8220;95%&#8220; custom_padding=&#8220;0px||0px||true|false&#8220; locked=&#8220;off&#8220; global_colors_info=&#8220;{}&#8220;][et_pb_column type=&#8220;4_4&#8243; _builder_version=&#8220;4.22.2&#8243; _module_preset=&#8220;default&#8220; custom_padding=&#8220;1%|1%|1%|1%|true|true&#8220; custom_css_main_element=&#8220;display:flex;||flex-direction:column;&#8220; global_colors_info=&#8220;{}&#8220;][et_pb_text admin_label=&#8220;Texte r\u00e9unions&#8220; _builder_version=&#8220;4.22.2&#8243; _module_preset=&#8220;default&#8220; text_font=&#8220;|300|||||||&#8220; text_text_color=&#8220;#000000&#8243; text_font_size=&#8220;18px&#8220; text_line_height=&#8220;1.5em&#8220; header_2_font=&#8220;|600|||||||&#8220; header_2_text_align=&#8220;left&#8220; header_2_font_size=&#8220;2.1em&#8220; max_width=&#8220;50%&#8220; max_width_tablet=&#8220;95%&#8220; max_width_phone=&#8220;95%&#8220; max_width_last_edited=&#8220;on|phone&#8220; header_2_font_size_tablet=&#8220;40px&#8220; header_2_font_size_phone=&#8220;30px&#8220; header_2_font_size_last_edited=&#8220;on|phone&#8220; locked=&#8220;off&#8220; global_colors_info=&#8220;{}&#8220;]<\/p>\n<h2>Verbindung schaffen<\/h2>\n<hr id=\"trait-noir\">  M\u00fcssen Sie eine Verbindung zwischen den Mitgliedern Ihres Teams herstellen? Sie suchen ein originelles Teambuilding in der N\u00e4he von Stra\u00dfburg? Entdecken Sie unsere beiden Angebote :[\/et_pb_text][\/et_pb_column][\/et_pb_row][et_pb_row column_structure=&#8220;1_2,1_2&#8243; use_custom_gutter=&#8220;on&#8220; gutter_width=&#8220;4&#8243; make_equal=&#8220;on&#8220; _builder_version=&#8220;4.22.2&#8243; _module_preset=&#8220;default&#8220; width_tablet=&#8220;95%&#8220; width_phone=&#8220;95%&#8220; width_last_edited=&#8220;on|tablet&#8220; global_colors_info=&#8220;{}&#8220;][et_pb_column type=&#8220;1_2&#8243; _builder_version=&#8220;4.22.2&#8243; _module_preset=&#8220;default&#8220; global_colors_info=&#8220;{}&#8220;][et_pb_blurb title=&#8220;Kochkurse&#8220; image=&#8220;https:\/\/relais-poste.com\/wp-content\/uploads\/2024\/11\/chef-thomas.jpg&#8220; alt=&#8220;chef thomas&#8220; admin_label=&#8220;Cours de cuisine&#8220; _builder_version=&#8220;4.27.2&#8243; _module_preset=&#8220;default&#8220; header_font=&#8220;|600|||||||&#8220; header_text_color=&#8220;#C4B390&#8243; header_font_size=&#8220;28px&#8220; body_font=&#8220;|300|||||||&#8220; body_font_size=&#8220;18px&#8220; global_colors_info=&#8220;{}&#8220;]<\/p>\n<hr id=\"trait-or\">\n<p>Thomas Koebel \u00f6ffnet die T\u00fcren seiner K\u00fcche f\u00fcr Sie!<br \/>Betreut und angeleitet vom Chefkoch selbst, stellen Sie im Team ein Gourmetgericht her. Das Men\u00fc wird vom Chefkoch auf der Grundlage der saisonalen Produkte und seiner Inspiration festgelegt. Sie lernen die Anforderungen der K\u00fcche kennen, die Bedeutung des Anrichtens eines Gerichts und nat\u00fcrlich die Arbeit im Team.<\/p>\n<p>[\/et_pb_blurb][\/et_pb_column][et_pb_column type=&#8220;1_2&#8243; _builder_version=&#8220;4.22.2&#8243; _module_preset=&#8220;default&#8220; global_colors_info=&#8220;{}&#8220;][et_pb_blurb title=&#8220;Weinverkostung&#8220; image=&#8220;https:\/\/relais-poste.com\/wp-content\/uploads\/2023\/10\/Relais_de_la_poste_teambuilding_2-e1696335126770.jpg&#8220; alt=&#8220;Speisesaal&#8220; admin_label=&#8220;D\u00e9gustation de vins&#8220; _builder_version=&#8220;4.22.2&#8243; _module_preset=&#8220;default&#8220; header_font=&#8220;|600|||||||&#8220; header_text_color=&#8220;#C4B390&#8243; header_font_size=&#8220;28px&#8220; body_font=&#8220;|300|||||||&#8220; body_font_size=&#8220;18px&#8220; locked=&#8220;off&#8220; global_colors_info=&#8220;{}&#8220;]<\/p>\n<hr id=\"trait-or\" \/>\n<p>Gehen Sie auf Entdeckungsreise zu f\u00fcnf Weinen aus Frankreich oder anderen L\u00e4ndern und folgen Sie den Verkostungstipps unseres Saalbetreuers \u00c9tienne Eyer. Diese Einf\u00fchrung in die Weinkunde wird von kleinen salzigen Aperitifs begleitet.<\/p>\n<p>[\/et_pb_blurb][\/et_pb_column][\/et_pb_row][et_pb_row _builder_version=&#8220;4.22.2&#8243; _module_preset=&#8220;default&#8220; background_color=&#8220;#C29973&#8243; width_tablet=&#8220;95%&#8220; width_phone=&#8220;95%&#8220; width_last_edited=&#8220;on|desktop&#8220; max_width=&#8220;1590px&#8220; global_colors_info=&#8220;{}&#8220;][et_pb_column type=&#8220;4_4&#8243; _builder_version=&#8220;4.22.2&#8243; _module_preset=&#8220;default&#8220; global_colors_info=&#8220;{}&#8220;][et_pb_text _builder_version=&#8220;4.22.2&#8243; _module_preset=&#8220;default&#8220; text_font=&#8220;|300|||||||&#8220; text_text_color=&#8220;#FFFFFF&#8220; text_font_size=&#8220;20px&#8220; header_3_font=&#8220;|300|||||||&#8220; header_3_text_color=&#8220;#FFFFFF&#8220; header_3_font_size=&#8220;24px&#8220; text_orientation=&#8220;center&#8220; background_layout=&#8220;dark&#8220; custom_padding=&#8220;10vh|10%|10vh|10%|true|true&#8220; global_colors_info=&#8220;{}&#8220;]<\/p>\n<h3>Diese beiden Teambuildings lassen sich leicht in Ihren Seminartag im Relais de la Poste integrieren.<\/h3>\n<p>&nbsp;<\/p>\n<p>Da Teilen und Leidenschaft die Schl\u00fcsselw\u00f6rter des Relais de la Poste sind, nehmen Thomas und Jonathan Sie mit in ihre Welt, die Welt der Gastronomie und der Exzellenz.<\/p>\n<p>[\/et_pb_text][\/et_pb_column][\/et_pb_row][et_pb_row column_structure=&#8220;1_2,1_2&#8243; use_custom_gutter=&#8220;on&#8220; gutter_width=&#8220;1&#8243; make_equal=&#8220;on&#8220; _builder_version=&#8220;4.22.2&#8243; _module_preset=&#8220;default&#8220; width=&#8220;100%&#8220; max_width=&#8220;100%&#8220; module_alignment=&#8220;center&#8220; custom_padding=&#8220;||0px||false|false&#8220; locked=&#8220;off&#8220; global_colors_info=&#8220;{}&#8220;][et_pb_column type=&#8220;1_2&#8243; _builder_version=&#8220;4.22.2&#8243; _module_preset=&#8220;default&#8220; global_colors_info=&#8220;{}&#8220;][et_pb_image src=&#8220;https:\/\/relais-poste.com\/wp-content\/uploads\/2023\/09\/frise1.png&#8220; alt=&#8220;Goldfries&#8220; title_text=&#8220;Friese1&#8243; align=&#8220;center&#8220; force_fullwidth=&#8220;on&#8220; _builder_version=&#8220;4.22.2&#8243; _module_preset=&#8220;default&#8220; global_colors_info=&#8220;{}&#8220;][\/et_pb_image][\/et_pb_column][et_pb_column type=&#8220;1_2&#8243; _builder_version=&#8220;4.22.2&#8243; _module_preset=&#8220;default&#8220; global_colors_info=&#8220;{}&#8220;][et_pb_image src=&#8220;https:\/\/relais-poste.com\/wp-content\/uploads\/2023\/09\/frise1.png&#8220; alt=&#8220;Goldfries&#8220; title_text=&#8220;Friese1&#8243; align=&#8220;center&#8220; force_fullwidth=&#8220;on&#8220; _builder_version=&#8220;4.22.2&#8243; _module_preset=&#8220;default&#8220; locked=&#8220;off&#8220; global_colors_info=&#8220;{}&#8220;][\/et_pb_image][\/et_pb_column][\/et_pb_row][et_pb_row disabled_on=&#8220;on|on|on&#8220; _builder_version=&#8220;4.22.2&#8243; _module_preset=&#8220;default&#8220; background_color=&#8220;#C4B390&#8243; width=&#8220;100%&#8220; max_width=&#8220;100%&#8220; disabled=&#8220;on&#8220; locked=&#8220;off&#8220; global_colors_info=&#8220;{}&#8220;][et_pb_column type=&#8220;4_4&#8243; _builder_version=&#8220;4.22.2&#8243; _module_preset=&#8220;default&#8220; global_colors_info=&#8220;{}&#8220;][et_pb_text admin_label=&#8220;Titre t\u00e9l\u00e9charger catalogue&#8220; _builder_version=&#8220;4.22.2&#8243; _module_preset=&#8220;default&#8220; text_font=&#8220;|300|||||||&#8220; text_text_color=&#8220;#000000&#8243; text_font_size=&#8220;18px&#8220; text_line_height=&#8220;1.5em&#8220; header_2_font=&#8220;|300|on||||||&#8220; header_2_text_align=&#8220;center&#8220; header_2_font_size=&#8220;40px&#8220; header_3_font=&#8220;Source Sans Pro|300|||||||&#8220; header_3_text_color=&#8220;#C4B390&#8243; header_3_font_size=&#8220;40px&#8220; text_orientation=&#8220;center&#8220; background_layout=&#8220;dark&#8220; width_tablet=&#8220;100%&#8220; width_phone=&#8220;100%&#8220; width_last_edited=&#8220;on|phone&#8220; max_width_tablet=&#8220;100%&#8220; max_width_phone=&#8220;100%&#8220; max_width_last_edited=&#8220;on|tablet&#8220; module_alignment=&#8220;center&#8220; custom_padding=&#8220;||||false|false&#8220; header_2_font_size_tablet=&#8220;40px&#8220; header_2_font_size_phone=&#8220;30px&#8220; header_2_font_size_last_edited=&#8220;on|phone&#8220; header_3_font_size_tablet=&#8220;40px&#8220; header_3_font_size_phone=&#8220;30px&#8220; header_3_font_size_last_edited=&#8220;on|phone&#8220; custom_css_main_element=&#8220;margin:auto;&#8220; border_color_bottom=&#8220;#FFFFFF&#8220; locked=&#8220;off&#8220; global_colors_info=&#8220;{}&#8220;]<\/p>\n<h2>Download des Gruppenkatalogs<\/h2>\n<hr id=\"trait-blanc-middle\">\n<p>&nbsp;<\/p>\n<p>[\/et_pb_text][et_pb_button button_url=&#8220;\/wp-content\/uploads\/2023\/10\/Catalogue-groupe-Relais-de-la-Poste-octobre-2020.pdf&#8220; url_new_window=&#8220;on&#8220; button_text=&#8220;Download&#8220; button_alignment=&#8220;center&#8220; admin_label=&#8220;Boutons catalogue&#8220; _builder_version=&#8220;4.23.1&#8243; _module_preset=&#8220;default&#8220; custom_button=&#8220;on&#8220; button_border_width=&#8220;1px&#8220; button_border_color=&#8220;#FFFFFF&#8220; button_border_radius=&#8220;0px&#8220; button_font=&#8220;|300||on|||||&#8220; button_icon=&#8220;&#x24;||divi||400&#8243; global_colors_info=&#8220;{}&#8220; button_bg_color__hover_enabled=&#8220;on|hover&#8220; button_bg_color__hover=&#8220;RGBA(255,255,255,0)&#8220; button_bg_enable_color__hover=&#8220;on&#8220; button_border_color__hover_enabled=&#8220;on|hover&#8220; button_border_color__hover=&#8220;#FFFFFF&#8220; button_border_width__hover_enabled=&#8220;on|hover&#8220; button_border_width__hover=&#8220;1px&#8220;][\/et_pb_button][\/et_pb_column][\/et_pb_row][\/et_pb_section]<\/p>\n","protected":false},"excerpt":{"rendered":"<p>Teambuilding f\u00fcr Ihre TeamsVerbindung schaffen M\u00fcssen Sie eine Verbindung zwischen den Mitgliedern Ihres Teams herstellen? Sie suchen ein originelles Teambuilding in der N\u00e4he von Stra\u00dfburg? Entdecken Sie unsere beiden Angebote : Thomas Koebel \u00f6ffnet die T\u00fcren seiner K\u00fcche f\u00fcr Sie!Betreut und angeleitet vom Chefkoch selbst, stellen Sie im Team ein Gourmetgericht her. Das Men\u00fc wird vom Chefkoch auf der Grundlage der saisonalen Produkte und seiner Inspiration festgelegt. Sie lernen die Anforderungen der K\u00fcche kennen, die Bedeutung des Anrichtens eines Gerichts und nat\u00fcrlich die Arbeit im Team. Gehen Sie auf Entdeckungsreise zu f\u00fcnf Weinen aus Frankreich oder anderen L\u00e4ndern und folgen Sie den Verkostungstipps unseres Saalbetreuers \u00c9tienne Eyer. Diese Einf\u00fchrung in die Weinkunde wird von kleinen salzigen Aperitifs begleitet.Diese beiden Teambuildings lassen sich leicht in Ihren Seminartag im Relais de la Poste integrieren. &nbsp; Da Teilen und Leidenschaft die Schl\u00fcsselw\u00f6rter des Relais de la Poste sind, nehmen Thomas und Jonathan Sie mit in ihre Welt, die Welt der Gastronomie und der Exzellenz.Download des Gruppenkatalogs &nbsp;<\/p>\n","protected":false},"author":14,"featured_media":0,"parent":0,"menu_order":0,"comment_status":"closed","ping_status":"closed","template":"","meta":{"_seopress_robots_primary_cat":"","_seopress_titles_title":"%%sitetitle%% %%sitetitle%% %%sep%% %%post_title%%","_seopress_titles_desc":"M\u00fcssen Sie eine Verbindung zwischen den Mitgliedern Ihres Teams herstellen? Sie suchen ein originelles Teambuilding in der N\u00e4he von Stra\u00dfburg?\nEntdecken Sie unsere beiden Angebote :","_seopress_robots_index":"","_et_pb_use_builder":"on","_et_pb_old_content":"","_et_gb_content_width":"","footnotes":""},"_links":{"self":[{"href":"https:\/\/relais-poste.com\/de\/wp-json\/wp\/v2\/pages\/9599"}],"collection":[{"href":"https:\/\/relais-poste.com\/de\/wp-json\/wp\/v2\/pages"}],"about":[{"href":"https:\/\/relais-poste.com\/de\/wp-json\/wp\/v2\/types\/page"}],"author":[{"embeddable":true,"href":"https:\/\/relais-poste.com\/de\/wp-json\/wp\/v2\/users\/14"}],"replies":[{"embeddable":true,"href":"https:\/\/relais-poste.com\/de\/wp-json\/wp\/v2\/comments?post=9599"}],"version-history":[{"count":13,"href":"https:\/\/relais-poste.com\/de\/wp-json\/wp\/v2\/pages\/9599\/revisions"}],"predecessor-version":[{"id":16659,"href":"https:\/\/relais-poste.com\/de\/wp-json\/wp\/v2\/pages\/9599\/revisions\/16659"}],"wp:attachment":[{"href":"https:\/\/relais-poste.com\/de\/wp-json\/wp\/v2\/media?parent=9599"}],"curies":[{"name":"wp","href":"https:\/\/api.w.org\/{rel}","templated":true}]}}