{"id":9589,"date":"2023-09-04T17:06:14","date_gmt":"2023-09-04T15:06:14","guid":{"rendered":"https:\/\/relais-poste.com\/vermietung-von-raeumen\/"},"modified":"2026-04-01T12:06:43","modified_gmt":"2026-04-01T10:06:43","slug":"vermietung-von-raeumen","status":"publish","type":"page","link":"https:\/\/relais-poste.com\/de\/vermietung-von-raeumen\/","title":{"rendered":"Vermietung von R\u00e4umen"},"content":{"rendered":"<p>[et_pb_section fb_built=&#8220;1&#8243; admin_label=&#8220;Section&#8220; _builder_version=&#8220;4.27.4&#8243; _module_preset=&#8220;default&#8220; custom_padding=&#8220;0px||||false|false&#8220; global_colors_info=&#8220;{}&#8220;][et_pb_row column_structure=&#8220;1_2,1_2&#8243; use_custom_gutter=&#8220;on&#8220; gutter_width=&#8220;4&#8243; make_equal=&#8220;on&#8220; _builder_version=&#8220;4.27.4&#8243; _module_preset=&#8220;default&#8220; width=&#8220;100%&#8220; max_width=&#8220;100%&#8220; custom_padding=&#8220;0px||0px||true|false&#8220; global_colors_info=&#8220;{}&#8220;][et_pb_column type=&#8220;1_2&#8243; _builder_version=&#8220;4.27.4&#8243; _module_preset=&#8220;default&#8220; custom_padding=&#8220;|||5%|false|false&#8220; custom_css_main_element=&#8220;margin:auto;&#8220; global_colors_info=&#8220;{}&#8220;][et_pb_text admin_label=&#8220;Texte location&#8220; _builder_version=&#8220;4.22.2&#8243; _module_preset=&#8220;default&#8220; header_font=&#8220;|700|||||||&#8220; header_text_align=&#8220;left&#8220; header_font_size=&#8220;2.7em&#8220; header_2_font=&#8220;Source Sans Pro|300|||||||&#8220; header_2_text_align=&#8220;left&#8220; header_2_font_size=&#8220;2em&#8220; header_font_size_tablet=&#8220;2.7em&#8220; header_font_size_phone=&#8220;1.8em&#8220; header_font_size_last_edited=&#8220;on|phone&#8220; global_colors_info=&#8220;{}&#8220;]<\/p>\n<h1>Vermietung von R\u00e4umen<\/h1>\n<h2>f\u00fcr Ihre Veranstaltungen<\/h2>\n<p>[\/et_pb_text][\/et_pb_column][et_pb_column type=&#8220;1_2&#8243; _builder_version=&#8220;4.22.1&#8243; _module_preset=&#8220;default&#8220; global_colors_info=&#8220;{}&#8220;][et_pb_image src=&#8220;https:\/\/relais-poste.com\/wp-content\/uploads\/2025\/07\/511605708_1301584231975182_712248110838106544_n-1.jpg&#8220; alt=&#8220;511605708 1301584231975182 712248110838106544 n (1)&#8220; title_text=&#8220;511605708_1301584231975182_712248110838106544_n (1)&#8220; admin_label=&#8220;Photo de salle s\u00e9minaires&#8220; _builder_version=&#8220;4.27.4&#8243; _module_preset=&#8220;default&#8220; global_colors_info=&#8220;{}&#8220;][\/et_pb_image][\/et_pb_column][\/et_pb_row][\/et_pb_section][et_pb_section fb_built=&#8220;1&#8243; _builder_version=&#8220;4.27.4&#8243; _module_preset=&#8220;default&#8220; global_colors_info=&#8220;{}&#8220;][et_pb_row _builder_version=&#8220;4.22.2&#8243; _module_preset=&#8220;default&#8220; width=&#8220;95%&#8220; custom_padding=&#8220;0px||0px||true|false&#8220; locked=&#8220;off&#8220; global_colors_info=&#8220;{}&#8220;][et_pb_column type=&#8220;4_4&#8243; _builder_version=&#8220;4.22.2&#8243; _module_preset=&#8220;default&#8220; custom_padding=&#8220;1%|1%|1%|1%|true|true&#8220; custom_css_main_element=&#8220;display:flex;||flex-direction:column;&#8220; global_colors_info=&#8220;{}&#8220;][et_pb_text admin_label=&#8220;Texte r\u00e9unions&#8220; _builder_version=&#8220;4.27.4&#8243; _module_preset=&#8220;default&#8220; text_font=&#8220;|300|||||||&#8220; text_text_color=&#8220;#000000&#8243; text_font_size=&#8220;18px&#8220; text_line_height=&#8220;1.5em&#8220; header_2_font=&#8220;|600|||||||&#8220; header_2_text_align=&#8220;left&#8220; header_2_font_size=&#8220;2.1em&#8220; max_width=&#8220;50%&#8220; max_width_tablet=&#8220;95%&#8220; max_width_phone=&#8220;95%&#8220; max_width_last_edited=&#8220;on|phone&#8220; header_2_font_size_tablet=&#8220;40px&#8220; header_2_font_size_phone=&#8220;30px&#8220; header_2_font_size_last_edited=&#8220;on|phone&#8220; locked=&#8220;off&#8220; global_colors_info=&#8220;{}&#8220;]<\/p>\n<h2>Versammlungen, Seminare&#8230;<\/h2>\n<hr id=\"trait-noir\">\n<p>Das Hotel und Gourmet-Restaurant Le Relais de la Poste empf\u00e4ngt Sie f\u00fcr Ihre Seminare, Tagungen oder Firmenveranstaltungen.<br \/>Die N\u00e4he zu Stra\u00dfburg und den Hauptverkehrsstra\u00dfen, die gute Erreichbarkeit und der kostenlose Privatparkplatz machen das Relais de la Poste zum perfekten Ort f\u00fcr Ihre Veranstaltung im Elsass.<br \/>Was auch immer Ihr Projekt ist, wir passen uns an Ihre W\u00fcnsche an und begleiten Sie, damit es ein Erfolg wird!<\/p>\n<p>[\/et_pb_text][\/et_pb_column][\/et_pb_row][et_pb_row column_structure=&#8220;1_2,1_2&#8243; _builder_version=&#8220;4.27.4&#8243; _module_preset=&#8220;default&#8220; width_tablet=&#8220;95%&#8220; width_phone=&#8220;95%&#8220; width_last_edited=&#8220;on|desktop&#8220; collapsed=&#8220;off&#8220; global_colors_info=&#8220;{}&#8220;][et_pb_column type=&#8220;1_2&#8243; _builder_version=&#8220;4.22.2&#8243; _module_preset=&#8220;default&#8220; global_colors_info=&#8220;{}&#8220;][et_pb_blurb title=&#8220;Der Versammlungsraum&#8220; alt=&#8220;510974002 1301582641975341 2133325748122928032 n&#8220; admin_label=&#8220;Salle de r\u00e9union&#8220; _builder_version=&#8220;4.27.4&#8243; _module_preset=&#8220;default&#8220; header_font=&#8220;|600|||||||&#8220; header_text_color=&#8220;#C4B390&#8243; header_font_size=&#8220;28px&#8220; body_font=&#8220;|300|||||||&#8220; body_font_size=&#8220;18px&#8220; hover_enabled=&#8220;0&#8243; global_colors_info=&#8220;{}&#8220; sticky_enabled=&#8220;0&#8243; title_text=&#8220;510974002_1301582641975341_2133325748122928032_n&#8220; image=&#8220;https:\/\/relais-poste.com\/wp-content\/uploads\/2026\/04\/510974002_1301582641975341_2133325748122928032_n-2.jpeg&#8220;]<\/p>\n<hr id=\"trait-or\">\n<p><strong>Kapazit\u00e4t: 20 Personen<\/strong><br \/>Wie das Haus selbst hat auch der Konferenzraum seinen els\u00e4ssischen Charme und seine Authentizit\u00e4t bewahrt. Der Raum kann nach Ihrem Projekt gestaltet werden und ist mit einem Videoprojektor, einer Leinwand, einem Fernseher, einem Flipchart und kostenlosem WLAN-Zugang ausgestattet. Stifte, Papier und Mineralwasser stehen den Teilnehmern zur Verf\u00fcgung.<\/p>\n<p>[\/et_pb_blurb][\/et_pb_column][et_pb_column type=&#8220;1_2&#8243; _builder_version=&#8220;4.22.2&#8243; _module_preset=&#8220;default&#8220; global_colors_info=&#8220;{}&#8220;][et_pb_blurb title=&#8220;Der Speisesaal&#8220; image=&#8220;https:\/\/relais-poste.com\/wp-content\/uploads\/2023\/10\/Relais_de_la_poste_locations_d_espaces-e1696331361260.jpeg&#8220; alt=&#8220;Speisesaal&#8220; admin_label=&#8220;Salle de r\u00e9union&#8220; _builder_version=&#8220;4.27.4&#8243; _module_preset=&#8220;default&#8220; header_font=&#8220;|600|||||||&#8220; header_text_color=&#8220;#C4B390&#8243; header_font_size=&#8220;28px&#8220; body_font=&#8220;|300|||||||&#8220; body_font_size=&#8220;18px&#8220; hover_enabled=&#8220;0&#8243; locked=&#8220;off&#8220; global_colors_info=&#8220;{}&#8220; sticky_enabled=&#8220;0&#8243;]<\/p>\n<hr id=\"trait-or\">\n<p><strong>Kapazit\u00e4t: 60 Sitzpl\u00e4tze und 100 Stehpl\u00e4tze<\/strong><br \/>Ideal f\u00fcr Cocktailpartys, Gesch\u00e4ftsessen oder Galadinners. Dieser Ort garantiert Ihnen eine prestigetr\u00e4chtige und gesellige Atmosph\u00e4re f\u00fcr eine erfolgreiche Veranstaltung der gehobenen Klasse!<\/p>\n<p>[\/et_pb_blurb][\/et_pb_column][\/et_pb_row][et_pb_row column_structure=&#8220;1_2,1_2&#8243; use_custom_gutter=&#8220;on&#8220; gutter_width=&#8220;1&#8243; make_equal=&#8220;on&#8220; _builder_version=&#8220;4.22.2&#8243; _module_preset=&#8220;default&#8220; width=&#8220;100%&#8220; max_width=&#8220;100%&#8220; module_alignment=&#8220;center&#8220; custom_padding=&#8220;||0px||false|false&#8220; locked=&#8220;off&#8220; global_colors_info=&#8220;{}&#8220;][et_pb_column type=&#8220;1_2&#8243; _builder_version=&#8220;4.22.2&#8243; _module_preset=&#8220;default&#8220; global_colors_info=&#8220;{}&#8220;][et_pb_image src=&#8220;https:\/\/relais-poste.com\/wp-content\/uploads\/2023\/09\/frise1.png&#8220; alt=&#8220;Goldfries&#8220; title_text=&#8220;Friese1&#8243; align=&#8220;center&#8220; force_fullwidth=&#8220;on&#8220; _builder_version=&#8220;4.27.4&#8243; _module_preset=&#8220;default&#8220; global_colors_info=&#8220;{}&#8220;][\/et_pb_image][\/et_pb_column][et_pb_column type=&#8220;1_2&#8243; _builder_version=&#8220;4.22.2&#8243; _module_preset=&#8220;default&#8220; global_colors_info=&#8220;{}&#8220;][et_pb_image src=&#8220;https:\/\/relais-poste.com\/wp-content\/uploads\/2023\/09\/frise1.png&#8220; alt=&#8220;Goldfries&#8220; title_text=&#8220;Friese1&#8243; align=&#8220;center&#8220; force_fullwidth=&#8220;on&#8220; _builder_version=&#8220;4.27.4&#8243; _module_preset=&#8220;default&#8220; locked=&#8220;off&#8220; global_colors_info=&#8220;{}&#8220;][\/et_pb_image][\/et_pb_column][\/et_pb_row][et_pb_row disabled_on=&#8220;on|on|on&#8220; _builder_version=&#8220;4.22.2&#8243; _module_preset=&#8220;default&#8220; background_color=&#8220;#C4B390&#8243; width=&#8220;100%&#8220; max_width=&#8220;100%&#8220; disabled=&#8220;on&#8220; locked=&#8220;off&#8220; global_colors_info=&#8220;{}&#8220;][et_pb_column type=&#8220;4_4&#8243; _builder_version=&#8220;4.22.2&#8243; _module_preset=&#8220;default&#8220; global_colors_info=&#8220;{}&#8220;][et_pb_text admin_label=&#8220;Titre t\u00e9l\u00e9charger catalogue&#8220; _builder_version=&#8220;4.22.2&#8243; _module_preset=&#8220;default&#8220; text_font=&#8220;|300|||||||&#8220; text_text_color=&#8220;#000000&#8243; text_font_size=&#8220;18px&#8220; text_line_height=&#8220;1.5em&#8220; header_2_font=&#8220;|300|on||||||&#8220; header_2_text_align=&#8220;center&#8220; header_2_font_size=&#8220;40px&#8220; header_3_font=&#8220;Source Sans Pro|300|||||||&#8220; header_3_text_color=&#8220;#C4B390&#8243; header_3_font_size=&#8220;40px&#8220; text_orientation=&#8220;center&#8220; background_layout=&#8220;dark&#8220; width_tablet=&#8220;100%&#8220; width_phone=&#8220;100%&#8220; width_last_edited=&#8220;on|phone&#8220; max_width_tablet=&#8220;100%&#8220; max_width_phone=&#8220;100%&#8220; max_width_last_edited=&#8220;on|tablet&#8220; module_alignment=&#8220;center&#8220; custom_padding=&#8220;||||false|false&#8220; header_2_font_size_tablet=&#8220;40px&#8220; header_2_font_size_phone=&#8220;30px&#8220; header_2_font_size_last_edited=&#8220;on|phone&#8220; header_3_font_size_tablet=&#8220;40px&#8220; header_3_font_size_phone=&#8220;30px&#8220; header_3_font_size_last_edited=&#8220;on|phone&#8220; custom_css_main_element=&#8220;margin:auto;&#8220; border_color_bottom=&#8220;#FFFFFF&#8220; locked=&#8220;off&#8220; global_colors_info=&#8220;{}&#8220;]<\/p>\n<h2>Download des Gruppenkatalogs<\/h2>\n<hr id=\"trait-blanc-middle\">\n<p>&nbsp;<\/p>\n<p>[\/et_pb_text][et_pb_button button_url=&#8220;\/wp-content\/uploads\/2023\/10\/Catalogue-groupe-Relais-de-la-Poste-octobre-2020.pdf&#8220; url_new_window=&#8220;on&#8220; button_text=&#8220;Download&#8220; button_alignment=&#8220;center&#8220; admin_label=&#8220;Boutons nos menus&#8220; _builder_version=&#8220;4.22.2&#8243; _module_preset=&#8220;default&#8220; custom_button=&#8220;on&#8220; button_border_width=&#8220;1px&#8220; button_border_color=&#8220;#FFFFFF&#8220; button_border_radius=&#8220;0px&#8220; button_font=&#8220;|300||on|||||&#8220; button_icon=&#8220;&#x24;||divi||400&#8243; global_colors_info=&#8220;{}&#8220; button_bg_color__hover_enabled=&#8220;on|hover&#8220; button_bg_color__hover=&#8220;RGBA(255,255,255,0)&#8220; button_bg_enable_color__hover=&#8220;on&#8220; button_border_color__hover_enabled=&#8220;on|hover&#8220; button_border_color__hover=&#8220;#FFFFFF&#8220; button_border_width__hover_enabled=&#8220;on|hover&#8220; button_border_width__hover=&#8220;1px&#8220;][\/et_pb_button][\/et_pb_column][\/et_pb_row][\/et_pb_section]<\/p>\n","protected":false},"excerpt":{"rendered":"<p>Vermietung von R\u00e4umen f\u00fcr Ihre VeranstaltungenVersammlungen, Seminare&#8230; Das Hotel und Gourmet-Restaurant Le Relais de la Poste empf\u00e4ngt Sie f\u00fcr Ihre Seminare, Tagungen oder Firmenveranstaltungen.Die N\u00e4he zu Stra\u00dfburg und den Hauptverkehrsstra\u00dfen, die gute Erreichbarkeit und der kostenlose Privatparkplatz machen das Relais de la Poste zum perfekten Ort f\u00fcr Ihre Veranstaltung im Elsass.Was auch immer Ihr Projekt ist, wir passen uns an Ihre W\u00fcnsche an und begleiten Sie, damit es ein Erfolg wird! Kapazit\u00e4t: 20 PersonenWie das Haus selbst hat auch der Konferenzraum seinen els\u00e4ssischen Charme und seine Authentizit\u00e4t bewahrt. Der Raum kann nach Ihrem Projekt gestaltet werden und ist mit einem Videoprojektor, einer Leinwand, einem Fernseher, einem Flipchart und kostenlosem WLAN-Zugang ausgestattet. Stifte, Papier und Mineralwasser stehen den Teilnehmern zur Verf\u00fcgung. Kapazit\u00e4t: 60 Sitzpl\u00e4tze und 100 Stehpl\u00e4tzeIdeal f\u00fcr Cocktailpartys, Gesch\u00e4ftsessen oder Galadinners. Dieser Ort garantiert Ihnen eine prestigetr\u00e4chtige und gesellige Atmosph\u00e4re f\u00fcr eine erfolgreiche Veranstaltung der gehobenen Klasse!Download des Gruppenkatalogs &nbsp;<\/p>\n","protected":false},"author":14,"featured_media":0,"parent":0,"menu_order":0,"comment_status":"closed","ping_status":"closed","template":"","meta":{"_seopress_robots_primary_cat":"","_seopress_titles_title":"%%sitetitle%% %%sitetitle%% %%sep%% %%post_title%%","_seopress_titles_desc":"Das Hotel und Gourmetrestaurant Le Relais de la Poste empf\u00e4ngt Sie f\u00fcr Ihre Seminare, Tagungen oder Firmenveranstaltungen.","_seopress_robots_index":"","_et_pb_use_builder":"on","_et_pb_old_content":"","_et_gb_content_width":"","footnotes":""},"_links":{"self":[{"href":"https:\/\/relais-poste.com\/de\/wp-json\/wp\/v2\/pages\/9589"}],"collection":[{"href":"https:\/\/relais-poste.com\/de\/wp-json\/wp\/v2\/pages"}],"about":[{"href":"https:\/\/relais-poste.com\/de\/wp-json\/wp\/v2\/types\/page"}],"author":[{"embeddable":true,"href":"https:\/\/relais-poste.com\/de\/wp-json\/wp\/v2\/users\/14"}],"replies":[{"embeddable":true,"href":"https:\/\/relais-poste.com\/de\/wp-json\/wp\/v2\/comments?post=9589"}],"version-history":[{"count":63,"href":"https:\/\/relais-poste.com\/de\/wp-json\/wp\/v2\/pages\/9589\/revisions"}],"predecessor-version":[{"id":16674,"href":"https:\/\/relais-poste.com\/de\/wp-json\/wp\/v2\/pages\/9589\/revisions\/16674"}],"wp:attachment":[{"href":"https:\/\/relais-poste.com\/de\/wp-json\/wp\/v2\/media?parent=9589"}],"curies":[{"name":"wp","href":"https:\/\/api.w.org\/{rel}","templated":true}]}}