{"id":9583,"date":"2023-09-04T17:00:42","date_gmt":"2023-09-04T15:00:42","guid":{"rendered":"https:\/\/relais-poste.com\/die-zimmer-des-hotels\/"},"modified":"2025-09-11T14:56:49","modified_gmt":"2025-09-11T12:56:49","slug":"die-zimmer-des-hotels","status":"publish","type":"page","link":"https:\/\/relais-poste.com\/de\/die-zimmer-des-hotels\/","title":{"rendered":"Die Zimmer des Hotels"},"content":{"rendered":"<p>[et_pb_section fb_built=&#8220;1&#8243; admin_label=&#8220;Section les chambres de l&#8217;h\u00f4tel&#8220; _builder_version=&#8220;4.22.2&#8243; _module_preset=&#8220;default&#8220; custom_padding=&#8220;0px||||false|false&#8220; global_colors_info=&#8220;{}&#8220;][et_pb_row column_structure=&#8220;1_2,1_2&#8243; use_custom_gutter=&#8220;on&#8220; gutter_width=&#8220;4&#8243; make_equal=&#8220;on&#8220; _builder_version=&#8220;4.22.1&#8243; _module_preset=&#8220;default&#8220; width=&#8220;100%&#8220; max_width=&#8220;100%&#8220; custom_padding=&#8220;0px||0px||true|false&#8220; global_colors_info=&#8220;{}&#8220;][et_pb_column type=&#8220;1_2&#8243; _builder_version=&#8220;4.22.1&#8243; _module_preset=&#8220;default&#8220; custom_padding=&#8220;|||5%|false|false&#8220; custom_css_main_element=&#8220;margin:auto;&#8220; global_colors_info=&#8220;{}&#8220;][et_pb_text admin_label=&#8220;Texte Les chambres&#8220; _builder_version=&#8220;4.22.2&#8243; _module_preset=&#8220;default&#8220; header_font=&#8220;|700|||||||&#8220; header_text_align=&#8220;left&#8220; header_font_size=&#8220;2.7em&#8220; header_2_font=&#8220;Source Sans Pro|300|||||||&#8220; header_2_text_align=&#8220;left&#8220; header_2_font_size=&#8220;2em&#8220; header_font_size_tablet=&#8220;2.7em&#8220; header_font_size_phone=&#8220;1.8em&#8220; header_font_size_last_edited=&#8220;on|phone&#8220; global_colors_info=&#8220;{}&#8220;]<\/p>\n<h1>Die Zimmer<\/h1>\n<h2>des Hotels<\/h2>\n<p>[\/et_pb_text][\/et_pb_column][et_pb_column type=&#8220;1_2&#8243; _builder_version=&#8220;4.22.1&#8243; _module_preset=&#8220;default&#8220; global_colors_info=&#8220;{}&#8220;][et_pb_image src=&#8220;https:\/\/relais-poste.com\/wp-content\/uploads\/2024\/05\/chambre-balneo-3.jpg&#8220; alt=&#8220;Balneozimmer 3&#8243; title_text=&#8220;Balneozimmer 3&#8243; admin_label=&#8220;Photo de coussins&#8220; _builder_version=&#8220;4.25.0&#8243; _module_preset=&#8220;default&#8220; global_colors_info=&#8220;{}&#8220;][\/et_pb_image][\/et_pb_column][\/et_pb_row][\/et_pb_section][et_pb_section fb_built=&#8220;1&#8243; admin_label=&#8220;Section chambre cosy&#8220; _builder_version=&#8220;4.22.2&#8243; _module_preset=&#8220;default&#8220; background_color=&#8220;#EEEEEE&#8220; custom_margin=&#8220;||5vh||false|false&#8220; custom_padding=&#8220;0px||0px||true|false&#8220; locked=&#8220;off&#8220; global_colors_info=&#8220;{}&#8220;][et_pb_row column_structure=&#8220;1_2,1_2&#8243; use_custom_gutter=&#8220;on&#8220; gutter_width=&#8220;4&#8243; make_equal=&#8220;on&#8220; custom_padding_last_edited=&#8220;on|phone&#8220; _builder_version=&#8220;4.25.1&#8243; _module_preset=&#8220;default&#8220; width=&#8220;100%&#8220; max_width=&#8220;100%&#8220; max_width_tablet=&#8220;100%&#8220; max_width_phone=&#8220;100%&#8220; max_width_last_edited=&#8220;on|phone&#8220; custom_padding=&#8220;0px||0px||true|false&#8220; custom_padding_tablet=&#8220;0px||0px||true|false&#8220; custom_padding_phone=&#8220;0px||0px||true|false&#8220; global_colors_info=&#8220;{}&#8220;][et_pb_column type=&#8220;1_2&#8243; _builder_version=&#8220;4.22.2&#8243; _module_preset=&#8220;default&#8220; custom_padding=&#8220;5%|||10%|false|false&#8220; custom_padding_tablet=&#8220;2vh|5%|2vh|5%|true|true&#8220; custom_padding_phone=&#8220;2vh|5%|2vh|5%|true|true&#8220; custom_padding_last_edited=&#8220;on|phone&#8220; custom_css_main_element=&#8220;margin:auto;&#8220; global_colors_info=&#8220;{}&#8220;][et_pb_text admin_label=&#8220;Texte chambre cosy&#8220; _builder_version=&#8220;4.27.4&#8243; _module_preset=&#8220;default&#8220; text_font=&#8220;|300|||||||&#8220; text_text_color=&#8220;#000000&#8243; text_font_size=&#8220;18px&#8220; text_line_height=&#8220;1.5em&#8220; header_2_font=&#8220;|600|||||||&#8220; header_2_text_align=&#8220;left&#8220; header_2_font_size=&#8220;40px&#8220; custom_padding=&#8220;||||false|false&#8220; custom_padding_tablet=&#8220;||||false|false&#8220; custom_padding_phone=&#8220;||||false|false&#8220; custom_padding_last_edited=&#8220;on|phone&#8220; header_2_font_size_tablet=&#8220;40px&#8220; header_2_font_size_phone=&#8220;30px&#8220; header_2_font_size_last_edited=&#8220;on|phone&#8220; locked=&#8220;off&#8220; global_colors_info=&#8220;{}&#8220;]<\/p>\n<h2>Cosy Zimmer<\/h2>\n<hr id=\"trait-noir\">\n<p>Unsere gem\u00fctlichen Zimmer bieten Ihnen den Komfort und die Einfachheit eines Zimmers in einem 3-Sterne-Hotel. Der els\u00e4ssische Charme wirkt in diesen R\u00e4umlichkeiten mit ihren modernen Badezimmern. Legen Sie Ihre Sachen ab und ruhen Sie sich aus!<\/p>\n<p>&nbsp;<\/p>\n<ul>\n<li>Zimmergr\u00f6\u00dfe: 14 m\u00b2.<\/li>\n<li>Bett: 140 x 190 cm<\/li>\n<li>Von 94\u20ac.<\/li>\n<\/ul>\n<p>[\/et_pb_text][et_pb_button button_url=&#8220;https:\/\/app.mews.com\/distributor\/8a3f1acf-3afa-4751-86ae-b01800797cc2&#8243; url_new_window=&#8220;on&#8220; button_text=&#8220;Ein Zimmer buchen&#8220; admin_label=&#8220;Bouton r\u00e9server une chambre&#8220; module_class=&#8220;bouton-fond-or&#8220; _builder_version=&#8220;4.25.2&#8243; _module_preset=&#8220;4d58f5b3-415f-4bfd-b6d7-3f78dcc177d4&#8243; button_font=&#8220;|||on|||||&#8220; custom_margin=&#8220;4vh||4vh||true|false&#8220; custom_padding=&#8220;10px||10px|4%|true|false&#8220; locked=&#8220;off&#8220; global_colors_info=&#8220;{}&#8220;][\/et_pb_button][et_pb_image src=&#8220;https:\/\/relais-poste.com\/wp-content\/uploads\/2024\/05\/chambre-cosy-2.jpg&#8220; alt=&#8220;Cosy Zimmer 2&#8243; title_text=&#8220;Cosy Zimmer 2&#8243; admin_label=&#8220;photo salle de bain&#8220; _builder_version=&#8220;4.25.0&#8243; _module_preset=&#8220;default&#8220; custom_padding=&#8220;||3vh||false|false&#8220; global_colors_info=&#8220;{}&#8220;][\/et_pb_image][\/et_pb_column][et_pb_column type=&#8220;1_2&#8243; _builder_version=&#8220;4.25.1&#8243; _module_preset=&#8220;default&#8220; background_image=&#8220;https:\/\/relais-poste.com\/wp-content\/uploads\/2024\/05\/chambre-cosy.jpg&#8220; custom_padding_tablet=&#8220;||||false|false&#8220; custom_padding_phone=&#8220;||||false|false&#8220; custom_padding_last_edited=&#8220;on|desktop&#8220; background_last_edited=&#8220;on|desktop&#8220; background_enable_image_tablet=&#8220;off&#8220; global_colors_info=&#8220;{}&#8220;][et_pb_image src=&#8220;https:\/\/relais-poste.com\/wp-content\/uploads\/2024\/05\/chambre-cosy.jpg&#8220; alt=&#8220;gem\u00fctliches Zimmer&#8220; title_text=&#8220;gem\u00fctliches Zimmer&#8220; force_fullwidth=&#8220;on&#8220; disabled_on=&#8220;off|off|on&#8220; admin_label=&#8220;photo chambre &#8220; _builder_version=&#8220;4.25.1&#8243; _module_preset=&#8220;default&#8220; global_colors_info=&#8220;{}&#8220;][\/et_pb_image][\/et_pb_column][\/et_pb_row][\/et_pb_section][et_pb_section fb_built=&#8220;1&#8243; custom_padding_last_edited=&#8220;on|phone&#8220; admin_label=&#8220;Section chambre charme&#8220; _builder_version=&#8220;4.22.2&#8243; _module_preset=&#8220;default&#8220; background_color=&#8220;#EEEEEE&#8220; custom_margin=&#8220;||5vh||false|false&#8220; custom_padding=&#8220;0px||0px||true|false&#8220; custom_padding_tablet=&#8220;0px||0px||true|false&#8220; custom_padding_phone=&#8220;0px||0px||true|false&#8220; locked=&#8220;off&#8220; global_colors_info=&#8220;{}&#8220;][et_pb_row column_structure=&#8220;1_2,1_2&#8243; use_custom_gutter=&#8220;on&#8220; gutter_width=&#8220;4&#8243; make_equal=&#8220;on&#8220; custom_padding_last_edited=&#8220;on|tablet&#8220; module_class=&#8220;colonnes-inversees&#8220; _builder_version=&#8220;4.25.1&#8243; _module_preset=&#8220;default&#8220; width=&#8220;100%&#8220; max_width=&#8220;100%&#8220; max_width_tablet=&#8220;100%&#8220; max_width_phone=&#8220;100%&#8220; max_width_last_edited=&#8220;on|phone&#8220; custom_padding=&#8220;0px||0px||true|false&#8220; custom_padding_tablet=&#8220;0px||0px||true|false&#8220; custom_padding_phone=&#8220;0px||0px||true|false&#8220; global_colors_info=&#8220;{}&#8220;][et_pb_column type=&#8220;1_2&#8243; _builder_version=&#8220;4.25.1&#8243; _module_preset=&#8220;default&#8220; background_image=&#8220;https:\/\/relais-poste.com\/wp-content\/uploads\/2024\/05\/chambre-cosy-4.jpg&#8220; custom_padding_tablet=&#8220;||||false|false&#8220; custom_padding_phone=&#8220;||||false|false&#8220; custom_padding_last_edited=&#8220;on|tablet&#8220; background_last_edited=&#8220;on|phone&#8220; background_enable_image_tablet=&#8220;off&#8220; global_colors_info=&#8220;{}&#8220;][et_pb_image src=&#8220;https:\/\/relais-poste.com\/wp-content\/uploads\/2024\/05\/chambre-cosy-4.jpg&#8220; alt=&#8220;Zimmer&#8220; title_text=&#8220;Zimmer&#8220; disabled_on=&#8220;off|off|on&#8220; _builder_version=&#8220;4.25.1&#8243; _module_preset=&#8220;default&#8220; custom_margin_tablet=&#8220;||-4vh||false|false&#8220; custom_margin_phone=&#8220;||-4vh||false|false&#8220; custom_margin_last_edited=&#8220;on|desktop&#8220; global_colors_info=&#8220;{}&#8220;][\/et_pb_image][\/et_pb_column][et_pb_column type=&#8220;1_2&#8243; _builder_version=&#8220;4.25.1&#8243; _module_preset=&#8220;default&#8220; custom_padding=&#8220;3vh|5%||5%|false|true&#8220; custom_padding_tablet=&#8220;||||false|false&#8220; custom_padding_phone=&#8220;||||false|false&#8220; custom_padding_last_edited=&#8220;off|desktop&#8220; custom_css_main_element=&#8220;margin:auto;&#8220; global_colors_info=&#8220;{}&#8220;][et_pb_text admin_label=&#8220;Texte chambre charme&#8220; _builder_version=&#8220;4.27.4&#8243; _module_preset=&#8220;default&#8220; text_font=&#8220;|300|||||||&#8220; text_text_color=&#8220;#000000&#8243; text_font_size=&#8220;18px&#8220; text_line_height=&#8220;1.5em&#8220; header_2_font=&#8220;|600|||||||&#8220; header_2_text_align=&#8220;left&#8220; header_2_font_size=&#8220;40px&#8220; custom_padding=&#8220;5%||||false|false&#8220; custom_padding_tablet=&#8220;||||false|false&#8220; custom_padding_phone=&#8220;2%||||false|false&#8220; custom_padding_last_edited=&#8220;on|tablet&#8220; hover_enabled=&#8220;0&#8243; header_2_font_size_tablet=&#8220;40px&#8220; header_2_font_size_phone=&#8220;30px&#8220; header_2_font_size_last_edited=&#8220;on|phone&#8220; locked=&#8220;off&#8220; global_colors_info=&#8220;{}&#8220; sticky_enabled=&#8220;0&#8243;]<\/p>\n<h2>Zimmer Charme<\/h2>\n<hr id=\"trait-noir\">\n<p>Unser ger\u00e4umiges und komfortables Zimmer Charme garantiert Ihnen einen erholsamen Aufenthalt. Sie sch\u00e4tzen die warme Atmosph\u00e4re, die Authentizit\u00e4t des Ortes und die Modernit\u00e4t des Badezimmers.<\/p>\n<p>&nbsp;<\/p>\n<ul>\n<li>Gr\u00f6\u00dfe des Zimmers: zwischen 17 und 20 m\u00b2.<\/li>\n<li>Bett: 160 x 200 cm<\/li>\n<li>Von 104\u20ac.<\/li>\n<\/ul>\n<p>[\/et_pb_text][et_pb_button button_url=&#8220;https:\/\/app.mews.com\/distributor\/8a3f1acf-3afa-4751-86ae-b01800797cc2&#8243; url_new_window=&#8220;on&#8220; button_text=&#8220;Ein Zimmer buchen&#8220; admin_label=&#8220;Bouton r\u00e9server une chambre&#8220; module_class=&#8220;bouton-fond-or&#8220; _builder_version=&#8220;4.25.2&#8243; _module_preset=&#8220;4d58f5b3-415f-4bfd-b6d7-3f78dcc177d4&#8243; button_font=&#8220;|||on|||||&#8220; custom_margin=&#8220;4vh||4vh||true|false&#8220; custom_padding=&#8220;10px||10px|4%|true|false&#8220; locked=&#8220;off&#8220; global_colors_info=&#8220;{}&#8220;][\/et_pb_button][et_pb_image src=&#8220;https:\/\/relais-poste.com\/wp-content\/uploads\/2024\/05\/chambre-cosy-3.jpg&#8220; alt=&#8220;Cosy Zimmer 3&#8243; title_text=&#8220;Cosy Zimmer 3&#8243; admin_label=&#8220;photo salle de bain&#8220; _builder_version=&#8220;4.25.1&#8243; _module_preset=&#8220;default&#8220; custom_padding=&#8220;||3vh||false|false&#8220; global_colors_info=&#8220;{}&#8220;][\/et_pb_image][\/et_pb_column][\/et_pb_row][\/et_pb_section][et_pb_section fb_built=&#8220;1&#8243; admin_label=&#8220;Section chambre romantique&#8220; _builder_version=&#8220;4.22.2&#8243; _module_preset=&#8220;default&#8220; background_color=&#8220;#EEEEEE&#8220; custom_margin=&#8220;||5vh||false|false&#8220; custom_padding=&#8220;0px||0px||true|false&#8220; locked=&#8220;off&#8220; global_colors_info=&#8220;{}&#8220;][et_pb_row column_structure=&#8220;1_2,1_2&#8243; use_custom_gutter=&#8220;on&#8220; gutter_width=&#8220;4&#8243; make_equal=&#8220;on&#8220; custom_padding_last_edited=&#8220;on|phone&#8220; _builder_version=&#8220;4.25.1&#8243; _module_preset=&#8220;default&#8220; background_enable_image=&#8220;off&#8220; width=&#8220;100%&#8220; max_width=&#8220;100%&#8220; max_width_tablet=&#8220;100%&#8220; max_width_phone=&#8220;100%&#8220; max_width_last_edited=&#8220;on|phone&#8220; custom_padding=&#8220;0px||0px||true|false&#8220; custom_padding_tablet=&#8220;0px||0px||true|false&#8220; custom_padding_phone=&#8220;0px||0px||true|false&#8220; global_colors_info=&#8220;{}&#8220;][et_pb_column type=&#8220;1_2&#8243; _builder_version=&#8220;4.22.2&#8243; _module_preset=&#8220;default&#8220; custom_padding=&#8220;5%|||10%|false|false&#8220; custom_padding_tablet=&#8220;2vh|5%|2vh|5%|true|true&#8220; custom_padding_phone=&#8220;2vh|5%|2vh|5%|true|true&#8220; custom_padding_last_edited=&#8220;on|phone&#8220; custom_css_main_element=&#8220;margin:auto;&#8220; global_colors_info=&#8220;{}&#8220;][et_pb_text admin_label=&#8220;Texte chambre cosy&#8220; _builder_version=&#8220;4.27.4&#8243; _module_preset=&#8220;default&#8220; text_font=&#8220;|300|||||||&#8220; text_text_color=&#8220;#000000&#8243; text_font_size=&#8220;18px&#8220; text_line_height=&#8220;1.5em&#8220; header_2_font=&#8220;|600|||||||&#8220; header_2_text_align=&#8220;left&#8220; header_2_font_size=&#8220;40px&#8220; custom_padding=&#8220;||||false|false&#8220; custom_padding_tablet=&#8220;||||false|false&#8220; custom_padding_phone=&#8220;||||false|false&#8220; custom_padding_last_edited=&#8220;on|phone&#8220; hover_enabled=&#8220;0&#8243; header_2_font_size_tablet=&#8220;40px&#8220; header_2_font_size_phone=&#8220;30px&#8220; header_2_font_size_last_edited=&#8220;on|phone&#8220; locked=&#8220;off&#8220; global_colors_info=&#8220;{}&#8220; sticky_enabled=&#8220;0&#8243;]<\/p>\n<h2>Romantisches Zimmer<\/h2>\n<hr id=\"trait-noir\">\n<p>Unsere &#8222;romantischen&#8220; Zimmer offenbaren die Seele des Geb\u00e4udes. Die sichtbaren Holzbalken, die Decke oder auch die Holzt\u00fcren machen den Charme dieser Zimmer aus. Ausgestattet mit einer Sitzecke oder einem Balkon genie\u00dfen Sie diesen geschichtstr\u00e4chtigen Ort.<\/p>\n<p>&nbsp;<\/p>\n<ul>\n<li>Gr\u00f6\u00dfe des Zimmers: zwischen 20 und 23 m\u00b2.<\/li>\n<li>Bett: 160 x 200 cm<\/li>\n<li>Ab 119\u20ac<\/li>\n<\/ul>\n<p>[\/et_pb_text][et_pb_button button_url=&#8220;https:\/\/app.mews.com\/distributor\/8a3f1acf-3afa-4751-86ae-b01800797cc2&#8243; url_new_window=&#8220;on&#8220; button_text=&#8220;Ein Zimmer buchen&#8220; admin_label=&#8220;Bouton r\u00e9server une chambre&#8220; module_class=&#8220;bouton-fond-or&#8220; _builder_version=&#8220;4.25.2&#8243; _module_preset=&#8220;4d58f5b3-415f-4bfd-b6d7-3f78dcc177d4&#8243; button_font=&#8220;|||on|||||&#8220; custom_margin=&#8220;4vh||4vh||true|false&#8220; custom_padding=&#8220;10px||10px|4%|true|false&#8220; locked=&#8220;off&#8220; global_colors_info=&#8220;{}&#8220;][\/et_pb_button][et_pb_image src=&#8220;https:\/\/relais-poste.com\/wp-content\/uploads\/2024\/05\/chambre-romantique-3.jpg&#8220; alt=&#8220;Romantikzimmer&#8220; title_text=&#8220;Romantikzimmer&#8220; admin_label=&#8220;photo salle de bain&#8220; _builder_version=&#8220;4.25.1&#8243; _module_preset=&#8220;default&#8220; custom_padding=&#8220;||3vh||false|false&#8220; global_colors_info=&#8220;{}&#8220;][\/et_pb_image][\/et_pb_column][et_pb_column type=&#8220;1_2&#8243; _builder_version=&#8220;4.25.1&#8243; _module_preset=&#8220;default&#8220; background_image=&#8220;https:\/\/relais-poste.com\/wp-content\/uploads\/2024\/05\/chambre-romantique-2.jpg&#8220; custom_padding_tablet=&#8220;||||false|false&#8220; custom_padding_phone=&#8220;||||false|false&#8220; custom_padding_last_edited=&#8220;on|desktop&#8220; background_last_edited=&#8220;on|desktop&#8220; background_enable_image_tablet=&#8220;off&#8220; global_colors_info=&#8220;{}&#8220;][et_pb_image src=&#8220;https:\/\/relais-poste.com\/wp-content\/uploads\/2024\/05\/chambre-romantique-2.jpg&#8220; alt=&#8220;Romantisches Zimmer 2&#8243; title_text=&#8220;Romantisches Zimmer 2&#8243; force_fullwidth=&#8220;on&#8220; disabled_on=&#8220;off|off|on&#8220; admin_label=&#8220;photo chambre &#8220; _builder_version=&#8220;4.25.1&#8243; _module_preset=&#8220;default&#8220; global_colors_info=&#8220;{}&#8220;][\/et_pb_image][\/et_pb_column][\/et_pb_row][\/et_pb_section][et_pb_section fb_built=&#8220;1&#8243; custom_padding_last_edited=&#8220;on|phone&#8220; admin_label=&#8220;Section chambre balneo&#8220; _builder_version=&#8220;4.22.2&#8243; _module_preset=&#8220;default&#8220; background_color=&#8220;#EEEEEE&#8220; custom_margin=&#8220;||5vh||false|false&#8220; custom_padding=&#8220;0px||0px||true|false&#8220; custom_padding_tablet=&#8220;0px||0px||true|false&#8220; custom_padding_phone=&#8220;0px||0px||true|false&#8220; locked=&#8220;off&#8220; global_colors_info=&#8220;{}&#8220;][et_pb_row column_structure=&#8220;1_2,1_2&#8243; use_custom_gutter=&#8220;on&#8220; gutter_width=&#8220;4&#8243; make_equal=&#8220;on&#8220; custom_padding_last_edited=&#8220;on|tablet&#8220; module_class=&#8220;colonnes-inversees&#8220; _builder_version=&#8220;4.25.1&#8243; _module_preset=&#8220;default&#8220; background_enable_image=&#8220;off&#8220; width=&#8220;100%&#8220; max_width=&#8220;100%&#8220; max_width_tablet=&#8220;100%&#8220; max_width_phone=&#8220;100%&#8220; max_width_last_edited=&#8220;on|phone&#8220; custom_padding=&#8220;0px||0px||true|false&#8220; custom_padding_tablet=&#8220;0px||0px||true|false&#8220; custom_padding_phone=&#8220;0px||0px||true|false&#8220; global_colors_info=&#8220;{}&#8220;][et_pb_column type=&#8220;1_2&#8243; _builder_version=&#8220;4.25.1&#8243; _module_preset=&#8220;default&#8220; background_image=&#8220;https:\/\/relais-poste.com\/wp-content\/uploads\/2024\/05\/chambre-balneo-2.jpg&#8220; custom_padding_tablet=&#8220;||||false|false&#8220; custom_padding_phone=&#8220;||||false|false&#8220; custom_padding_last_edited=&#8220;on|tablet&#8220; background_last_edited=&#8220;on|tablet&#8220; background_enable_image_tablet=&#8220;off&#8220; global_colors_info=&#8220;{}&#8220;][et_pb_image src=&#8220;https:\/\/relais-poste.com\/wp-content\/uploads\/2024\/05\/chambre-balneo-2.jpg&#8220; alt=&#8220;Balneozimmer 2&#8243; title_text=&#8220;Balneozimmer 2&#8243; disabled_on=&#8220;off|off|on&#8220; _builder_version=&#8220;4.25.1&#8243; _module_preset=&#8220;default&#8220; custom_margin_tablet=&#8220;||-4vh||false|false&#8220; custom_margin_phone=&#8220;||-4vh||false|false&#8220; custom_margin_last_edited=&#8220;on|desktop&#8220; global_colors_info=&#8220;{}&#8220;][\/et_pb_image][\/et_pb_column][et_pb_column type=&#8220;1_2&#8243; _builder_version=&#8220;4.22.2&#8243; _module_preset=&#8220;default&#8220; custom_padding=&#8220;3vh|5%||5%|false|true&#8220; custom_padding_tablet=&#8220;||||false|false&#8220; custom_padding_phone=&#8220;||||false|false&#8220; custom_padding_last_edited=&#8220;off|desktop&#8220; custom_css_main_element=&#8220;margin:auto;&#8220; global_colors_info=&#8220;{}&#8220;][et_pb_text admin_label=&#8220;Texte chambre balneo&#8220; _builder_version=&#8220;4.27.4&#8243; _module_preset=&#8220;default&#8220; text_font=&#8220;|300|||||||&#8220; text_text_color=&#8220;#000000&#8243; text_font_size=&#8220;18px&#8220; text_line_height=&#8220;1.5em&#8220; header_2_font=&#8220;|600|||||||&#8220; header_2_text_align=&#8220;left&#8220; header_2_font_size=&#8220;40px&#8220; custom_padding=&#8220;5%||||false|false&#8220; custom_padding_tablet=&#8220;||||false|false&#8220; custom_padding_phone=&#8220;2%||||false|false&#8220; custom_padding_last_edited=&#8220;on|tablet&#8220; hover_enabled=&#8220;0&#8243; header_2_font_size_tablet=&#8220;40px&#8220; header_2_font_size_phone=&#8220;30px&#8220; header_2_font_size_last_edited=&#8220;on|phone&#8220; locked=&#8220;off&#8220; global_colors_info=&#8220;{}&#8220; sticky_enabled=&#8220;0&#8243;]<\/p>\n<h2>Balneo-Zimmer<\/h2>\n<hr id=\"trait-noir\">\n<p>Zwei Zimmer des Hotels sind mit einer Whirlpool-Badewanne ausgestattet, sodass Ihr Aufenthalt zu einem Moment der Entspannung und Erholung wird. Wie das romantische ist auch das Balneo gem\u00fctlich und bewahrt die Authentizit\u00e4t des Ortes. Sie verf\u00fcgt au\u00dferdem \u00fcber eine Sitzecke, die sich unter den Dachschr\u00e4gen befindet.<\/p>\n<p>&nbsp;<\/p>\n<ul>\n<li>Gr\u00f6\u00dfe des Zimmers: zwischen 21 und 24 m\u00b2.<\/li>\n<li>Bett: 160 x 200 cm<\/li>\n<li>Ab 159\u20ac<\/li>\n<\/ul>\n<p>[\/et_pb_text][et_pb_button button_url=&#8220;https:\/\/app.mews.com\/distributor\/8a3f1acf-3afa-4751-86ae-b01800797cc2&#8243; url_new_window=&#8220;on&#8220; button_text=&#8220;Ein Zimmer buchen&#8220; admin_label=&#8220;Bouton r\u00e9server une chambre&#8220; module_class=&#8220;bouton-fond-or&#8220; _builder_version=&#8220;4.25.2&#8243; _module_preset=&#8220;4d58f5b3-415f-4bfd-b6d7-3f78dcc177d4&#8243; button_font=&#8220;|||on|||||&#8220; custom_margin=&#8220;4vh||4vh||true|false&#8220; custom_padding=&#8220;10px||10px|4%|true|false&#8220; locked=&#8220;off&#8220; global_colors_info=&#8220;{}&#8220;][\/et_pb_button][et_pb_image src=&#8220;https:\/\/relais-poste.com\/wp-content\/uploads\/2024\/05\/chambre-balneo-4.jpg&#8220; alt=&#8220;Balneozimmer 4&#8243; title_text=&#8220;Balneozimmer 4&#8243; admin_label=&#8220;photo chambre&#8220; _builder_version=&#8220;4.25.1&#8243; _module_preset=&#8220;default&#8220; custom_padding=&#8220;||3vh||false|false&#8220; global_colors_info=&#8220;{}&#8220;][\/et_pb_image][\/et_pb_column][\/et_pb_row][\/et_pb_section]<\/p>\n","protected":false},"excerpt":{"rendered":"<p>Die Zimmer des HotelsCosy Zimmer Unsere gem\u00fctlichen Zimmer bieten Ihnen den Komfort und die Einfachheit eines Zimmers in einem 3-Sterne-Hotel. Der els\u00e4ssische Charme wirkt in diesen R\u00e4umlichkeiten mit ihren modernen Badezimmern. Legen Sie Ihre Sachen ab und ruhen Sie sich aus! &nbsp; Zimmergr\u00f6\u00dfe: 14 m\u00b2. Bett: 140 x 190 cm Von 94\u20ac. Zimmer Charme Unser ger\u00e4umiges und komfortables Zimmer Charme garantiert Ihnen einen erholsamen Aufenthalt. Sie sch\u00e4tzen die warme Atmosph\u00e4re, die Authentizit\u00e4t des Ortes und die Modernit\u00e4t des Badezimmers. &nbsp; Gr\u00f6\u00dfe des Zimmers: zwischen 17 und 20 m\u00b2. Bett: 160 x 200 cm Von 104\u20ac. Romantisches Zimmer Unsere &#8222;romantischen&#8220; Zimmer offenbaren die Seele des Geb\u00e4udes. Die sichtbaren Holzbalken, die Decke oder auch die Holzt\u00fcren machen den Charme dieser Zimmer aus. Ausgestattet mit einer Sitzecke oder einem Balkon genie\u00dfen Sie diesen geschichtstr\u00e4chtigen Ort. &nbsp; Gr\u00f6\u00dfe des Zimmers: zwischen 20 und 23 m\u00b2. Bett: 160 x 200 cm Ab 119\u20ac Balneo-Zimmer Zwei Zimmer des Hotels sind mit einer Whirlpool-Badewanne ausgestattet, sodass Ihr Aufenthalt zu einem Moment der Entspannung und Erholung wird. Wie das romantische ist auch das Balneo gem\u00fctlich und bewahrt die Authentizit\u00e4t des Ortes. Sie verf\u00fcgt au\u00dferdem \u00fcber eine Sitzecke, die sich unter den Dachschr\u00e4gen befindet. &nbsp; Gr\u00f6\u00dfe des Zimmers: zwischen [&hellip;]<\/p>\n","protected":false},"author":14,"featured_media":0,"parent":0,"menu_order":0,"comment_status":"closed","ping_status":"closed","template":"","meta":{"_seopress_robots_primary_cat":"","_seopress_titles_title":"%%sitetitle%% %%sep%% %%post_title%%","_seopress_titles_desc":"Unsere gem\u00fctlichen Zimmer bieten Ihnen den Komfort und die Einfachheit eines Zimmers in einem 3-Sterne-Hotel.Legen Sie Ihre Gesch\u00e4fte ab und erholen Sie sich!","_seopress_robots_index":"","_et_pb_use_builder":"on","_et_pb_old_content":"","_et_gb_content_width":"","footnotes":""},"_links":{"self":[{"href":"https:\/\/relais-poste.com\/de\/wp-json\/wp\/v2\/pages\/9583"}],"collection":[{"href":"https:\/\/relais-poste.com\/de\/wp-json\/wp\/v2\/pages"}],"about":[{"href":"https:\/\/relais-poste.com\/de\/wp-json\/wp\/v2\/types\/page"}],"author":[{"embeddable":true,"href":"https:\/\/relais-poste.com\/de\/wp-json\/wp\/v2\/users\/14"}],"replies":[{"embeddable":true,"href":"https:\/\/relais-poste.com\/de\/wp-json\/wp\/v2\/comments?post=9583"}],"version-history":[{"count":165,"href":"https:\/\/relais-poste.com\/de\/wp-json\/wp\/v2\/pages\/9583\/revisions"}],"predecessor-version":[{"id":15674,"href":"https:\/\/relais-poste.com\/de\/wp-json\/wp\/v2\/pages\/9583\/revisions\/15674"}],"wp:attachment":[{"href":"https:\/\/relais-poste.com\/de\/wp-json\/wp\/v2\/media?parent=9583"}],"curies":[{"name":"wp","href":"https:\/\/api.w.org\/{rel}","templated":true}]}}