{"id":9564,"date":"2023-09-04T16:57:51","date_gmt":"2023-09-04T14:57:51","guid":{"rendered":"https:\/\/relais-poste.com\/die-aktuelle-karte\/"},"modified":"2026-04-06T18:32:50","modified_gmt":"2026-04-06T16:32:50","slug":"die-aktuelle-karte","status":"publish","type":"page","link":"https:\/\/relais-poste.com\/de\/die-aktuelle-karte\/","title":{"rendered":"Die aktuelle Karte"},"content":{"rendered":"<p>[et_pb_section fb_built=&#8220;1&#8243; custom_padding_last_edited=&#8220;on|desktop&#8220; admin_label=&#8220;Section la carte du moment header&#8220; _builder_version=&#8220;4.22.2&#8243; _module_preset=&#8220;default&#8220; custom_padding=&#8220;0px||||false|false&#8220; custom_padding_tablet=&#8220;||20px||false|false&#8220; custom_padding_phone=&#8220;||20px||false|false&#8220; locked=&#8220;off&#8220; global_colors_info=&#8220;{}&#8220;][et_pb_row column_structure=&#8220;1_2,1_2&#8243; use_custom_gutter=&#8220;on&#8220; gutter_width=&#8220;4&#8243; make_equal=&#8220;on&#8220; _builder_version=&#8220;4.22.1&#8243; _module_preset=&#8220;default&#8220; width=&#8220;100%&#8220; max_width=&#8220;100%&#8220; custom_padding=&#8220;0px||0px||true|false&#8220; global_colors_info=&#8220;{}&#8220;][et_pb_column type=&#8220;1_2&#8243; _builder_version=&#8220;4.22.1&#8243; _module_preset=&#8220;default&#8220; custom_padding=&#8220;|||5%|false|false&#8220; custom_css_main_element=&#8220;margin:auto;&#8220; global_colors_info=&#8220;{}&#8220;][et_pb_text admin_label=&#8220;Titre La carte du moment&#8220; _builder_version=&#8220;4.22.2&#8243; _module_preset=&#8220;default&#8220; header_font=&#8220;|700|||||||&#8220; header_text_align=&#8220;left&#8220; header_font_size=&#8220;2.7em&#8220; header_2_font=&#8220;Source Sans Pro|300|||||||&#8220; header_2_text_align=&#8220;left&#8220; header_2_font_size=&#8220;2em&#8220; header_font_size_tablet=&#8220;2.7em&#8220; header_font_size_phone=&#8220;1.8em&#8220; header_font_size_last_edited=&#8220;on|phone&#8220; global_colors_info=&#8220;{}&#8220;]<\/p>\n<h1>Die aktuelle Karte<\/h1>\n<h2>vom Koch erdacht<\/h2>\n<p>[\/et_pb_text][\/et_pb_column][et_pb_column type=&#8220;1_2&#8243; _builder_version=&#8220;4.22.1&#8243; _module_preset=&#8220;default&#8220; global_colors_info=&#8220;{}&#8220;][et_pb_image src=&#8220;https:\/\/relais-poste.com\/wp-content\/uploads\/2023\/11\/Copie-de-header-2.jpg&#8220; alt=&#8220;das Postrelais&#8220; title_text=&#8220;Design ohne Titel &#8211; 3&#8243; admin_label=&#8220;Photo d&#8217;un service \u00e0 table&#8220; _builder_version=&#8220;4.23.1&#8243; _module_preset=&#8220;default&#8220; global_colors_info=&#8220;{}&#8220;][\/et_pb_image][\/et_pb_column][\/et_pb_row][\/et_pb_section][et_pb_section fb_built=&#8220;1&#8243; admin_label=&#8220;Section pr\u00e9sentation de la carte&#8220; _builder_version=&#8220;4.22.2&#8243; _module_preset=&#8220;default&#8220; background_color=&#8220;#EEEEEE&#8220; global_colors_info=&#8220;{}&#8220;][et_pb_row column_structure=&#8220;1_2,1_2&#8243; use_custom_gutter=&#8220;on&#8220; gutter_width=&#8220;4&#8243; make_equal=&#8220;on&#8220; admin_label=&#8220;Linie Pr\u00e4sentation der Karte&#8220; _builder_version=&#8220;4.23.1&#8243; _module_preset=&#8220;default&#8220; width=&#8220;95%&#8220; custom_padding=&#8220;0px||||false|false&#8220; global_colors_info=&#8220;{}&#8220;][et_pb_column type=&#8220;1_2&#8243; _builder_version=&#8220;4.22.2&#8243; _module_preset=&#8220;default&#8220; custom_css_main_element=&#8220;margin:auto;&#8220; global_colors_info=&#8220;{}&#8220;][et_pb_text admin_label=&#8220;Texte pr\u00e9sentation de la carte&#8220; _builder_version=&#8220;4.22.2&#8243; _module_preset=&#8220;default&#8220; text_font=&#8220;|300|||||||&#8220; text_text_color=&#8220;#000000&#8243; text_font_size=&#8220;18px&#8220; text_line_height=&#8220;1.5em&#8220; header_2_font=&#8220;|600|||||||&#8220; header_2_text_align=&#8220;left&#8220; header_2_font_size=&#8220;40px&#8220; header_2_font_size_tablet=&#8220;40px&#8220; header_2_font_size_phone=&#8220;30px&#8220; header_2_font_size_last_edited=&#8220;on|phone&#8220; locked=&#8220;off&#8220; global_colors_info=&#8220;{}&#8220;]<\/p>\n<h2>Darstellung der Karte<\/h2>\n<hr id=\"trait-noir\">\n<p>Die kulinarische Kreativit\u00e4t von Chefkoch Thomas Koebel kommt t\u00e4glich zum Ausdruck. Entdecken Sie die aktuelle Speisekarte mit schmackhaften und gewagten Gourmetgerichten, die aus saisonalen Produkten zubereitet werden.<\/p>\n<p>[\/et_pb_text][et_pb_button button_url=&#8220;https:\/\/relais-poste.com\/de\/chefkoch-thomas-koebel\/&#8220; button_text=&#8220;Philosophie des Kochs&#8220; admin_label=&#8220;Bouton Philosophie du chef&#8220; module_class=&#8220;bouton-fond-or&#8220; _builder_version=&#8220;4.23.1&#8243; _module_preset=&#8220;4d58f5b3-415f-4bfd-b6d7-3f78dcc177d4&#8243; button_font=&#8220;|||on|||||&#8220; custom_margin=&#8220;4vh||4vh||true|false&#8220; custom_padding=&#8220;10px||10px|4%|true|false&#8220; locked=&#8220;on&#8220; global_colors_info=&#8220;{}&#8220;][\/et_pb_button][et_pb_image src=&#8220;https:\/\/relais-poste.com\/wp-content\/uploads\/2023\/11\/2.-petite-a-gauche.jpg&#8220; alt=&#8220;das Postrelais&#8220; title_text=&#8220;Design ohne Titel &#8211; 1&#8243; _builder_version=&#8220;4.23.1&#8243; _module_preset=&#8220;default&#8220; global_colors_info=&#8220;{}&#8220;][\/et_pb_image][\/et_pb_column][et_pb_column type=&#8220;1_2&#8243; _builder_version=&#8220;4.22.2&#8243; _module_preset=&#8220;default&#8220; custom_padding=&#8220;||||false|false&#8220; custom_css_main_element=&#8220;margin:auto;&#8220; global_colors_info=&#8220;{}&#8220;][et_pb_image src=&#8220;https:\/\/relais-poste.com\/wp-content\/uploads\/2023\/11\/3-a-droite.jpg&#8220; alt=&#8220;flach le relais de la poste&#8220; title_text=&#8220;Design ohne Titel &#8211; 1&#8243; align=&#8220;right&#8220; _builder_version=&#8220;4.23.1&#8243; _module_preset=&#8220;default&#8220; custom_margin=&#8220;|||3%|false|false&#8220; custom_margin_tablet=&#8220;|||0%|false|false&#8220; custom_margin_phone=&#8220;|||0%|false|false&#8220; custom_margin_last_edited=&#8220;on|phone&#8220; global_colors_info=&#8220;{}&#8220;][\/et_pb_image][\/et_pb_column][\/et_pb_row][\/et_pb_section][et_pb_section fb_built=&#8220;1&#8243; admin_label=&#8220;Section menu&#8220; _builder_version=&#8220;4.23.1&#8243; _module_preset=&#8220;default&#8220; custom_padding=&#8220;||0px||false|false&#8220; global_colors_info=&#8220;{}&#8220;][et_pb_row admin_label=&#8220;Men\u00fczeile&#8220; _builder_version=&#8220;4.23.1&#8243; _module_preset=&#8220;default&#8220; global_colors_info=&#8220;{}&#8220;][et_pb_column type=&#8220;4_4&#8243; _builder_version=&#8220;4.22.2&#8243; _module_preset=&#8220;default&#8220; global_colors_info=&#8220;{}&#8220;][et_pb_text admin_label=&#8220;Texte Le menu de la carte du moment&#8220; module_class=&#8220;les-menus&#8220; _builder_version=&#8220;4.27.4&#8243; _module_preset=&#8220;default&#8220; text_font=&#8220;|300|||||||&#8220; text_text_color=&#8220;#000000&#8243; text_font_size=&#8220;18px&#8220; text_line_height=&#8220;1.5em&#8220; header_2_font=&#8220;|600|||||||&#8220; header_2_text_align=&#8220;center&#8220; header_2_text_color=&#8220;#000000&#8243; header_2_font_size=&#8220;40px&#8220; header_3_font=&#8220;Source Sans Pro|600|||||||&#8220; header_3_text_align=&#8220;center&#8220; header_3_text_color=&#8220;#C29973&#8243; header_3_font_size=&#8220;18px&#8220; header_3_line_height=&#8220;1.7em&#8220; text_orientation=&#8220;center&#8220; background_layout=&#8220;dark&#8220; width_tablet=&#8220;100%&#8220; width_phone=&#8220;100%&#8220; width_last_edited=&#8220;on|phone&#8220; max_width_tablet=&#8220;100%&#8220; max_width_phone=&#8220;100%&#8220; max_width_last_edited=&#8220;on|tablet&#8220; module_alignment=&#8220;center&#8220; custom_padding=&#8220;||||false|false&#8220; header_2_font_size_tablet=&#8220;40px&#8220; header_2_font_size_phone=&#8220;30px&#8220; header_2_font_size_last_edited=&#8220;on|phone&#8220; header_3_font_size_tablet=&#8220;40px&#8220; header_3_font_size_phone=&#8220;30px&#8220; header_3_font_size_last_edited=&#8220;on|phone&#8220; custom_css_main_element=&#8220;margin:auto;&#8220; border_color_bottom=&#8220;#FFFFFF&#8220; locked=&#8220;off&#8220; global_colors_info=&#8220;{}&#8220;]<\/p>\n<h2><\/h2>\n<h2>Die Eintr\u00e4ge<\/h2>\n<hr id=\"trait-noir-middle\">\n<p>G\u00e4nseleber von der Ferme Hirsch, gel\u00f6ffelt serviert, <br \/>Chutney aus Saisonfr\u00fcchten und Bl\u00e4tterteigbrezel<\/p>\n<p>Bei niedriger Temperatur kandierte Heimbachforelle, Meerrettichschaumfinger mit Bibeleskaes, Kohlrabi-Pickles, Essigsauce mit Forellenrogen<\/p>\n<p>Tartar vom Rind &#8222;Caract\u00e8re d&#8217;Alsace&#8220;, wie eine Kartoffelfocaccia, Chimichurri-Sorbet<\/p>\n<div dir=\"ltr\">Eier von der Farm Clauss nach Mimosa-Art, Spargelsalat aus Hoerdt und Baeri Kaviar<\/div>\n<h2><\/h2>\n<h2><\/h2>\n<h2><\/h2>\n<h2>Fische<\/h2>\n<hr id=\"trait-noir-middle\">\n<div dir=\"ltr\">\n<p><span style=\"font-size: 18px;\"><br \/>Frisch gegrillte Kaisergranatschw\u00e4nze, Erbsen aus dem Val de Moder und Erdbeeren in Texturen, cremige Scheibe mit wildem Rauchgeschmack<br \/><\/span><\/p>\n<p>Zanderfilet auf der Haut gegrillt, wei\u00dfer Spargel mit Parmesan \u00fcberbacken, Melfor-Buttercreme<\/p>\n<\/div>\n<p>&nbsp;<\/p>\n<h2>Fleisch &amp; Gefl\u00fcgel<\/h2>\n<hr id=\"trait-noir-middle\">\n<div dir=\"ltr\"><\/div>\n<div dir=\"ltr\">\n<div dir=\"ltr\">\n<div dir=\"ltr\">\n<div dir=\"ltr\">\n<div dir=\"ltr\">\n<div dir=\"ltr\">\n<div dir=\"ltr\">\n<p><span style=\"font-size: 18px;\"><br \/>Coquelet aus dem Hause Rihn, gef\u00fcllt mit Foie Gras und Schwarzw\u00e4lder Speck, Dauphine-Kartoffeln, Rhabarber-Confit und Fr\u00fchlingszwiebeln, Keule in Brezel und kr\u00e4ftiger Kr\u00e4uterjus<br \/><\/span><\/p>\n<p>Erinnerungen an meine Anf\u00e4nge:<br data-start=\"1168\" data-end=\"1171\">Kalbsbries, Spargel, Morcheln, Bl\u00e4tterteiggeb\u00e4ck<\/p>\n<\/div>\n<\/div>\n<\/div>\n<\/div>\n<\/div>\n<\/div>\n<\/div>\n<h2><\/h2>\n<h2><\/h2>\n<h2>K\u00e4se &amp; Desserts<\/h2>\n<hr id=\"trait-noir-middle\">\n<p>Unsere Auswahl an gereiften K\u00e4sesorten  <\/p>\n<div dir=\"ltr\">\n<div dir=\"ltr\">\n<p data-start=\"1044\" data-end=\"1079\">\n<p data-start=\"1044\" data-end=\"1079\">Moderne Erdbeerfrucht mit Basilikum und Prinzessinnencreme<\/p>\n<p data-start=\"1081\" data-end=\"1153\">Ungew\u00f6hnliche Komposition<br data-start=\"703\" data-end=\"706\">Rhabarber \/ \u00c4pfel \/ Sellerie \/ Majoran<\/p>\n<\/div>\n<\/div>\n<p>[\/et_pb_text][\/et_pb_column][\/et_pb_row][et_pb_row column_structure=&#8220;1_2,1_2&#8243; use_custom_gutter=&#8220;on&#8220; gutter_width=&#8220;2&#8243; make_equal=&#8220;on&#8220; _builder_version=&#8220;4.22.2&#8243; _module_preset=&#8220;default&#8220; width=&#8220;95%&#8220; module_alignment=&#8220;center&#8220; custom_padding=&#8220;0px||0px||true|false&#8220; global_colors_info=&#8220;{}&#8220;][et_pb_column type=&#8220;1_2&#8243; _builder_version=&#8220;4.22.2&#8243; _module_preset=&#8220;default&#8220; global_colors_info=&#8220;{}&#8220;][et_pb_image src=&#8220;https:\/\/relais-poste.com\/wp-content\/uploads\/2023\/11\/4.jpg&#8220; alt=&#8220;das Relais&#8220; title_text=&#8220;Design ohne Titel &#8211; 1&#8243; align=&#8220;center&#8220; force_fullwidth=&#8220;on&#8220; _builder_version=&#8220;4.23.1&#8243; _module_preset=&#8220;default&#8220; global_colors_info=&#8220;{}&#8220;][\/et_pb_image][\/et_pb_column][et_pb_column type=&#8220;1_2&#8243; _builder_version=&#8220;4.22.2&#8243; _module_preset=&#8220;default&#8220; global_colors_info=&#8220;{}&#8220;][et_pb_image src=&#8220;https:\/\/relais-poste.com\/wp-content\/uploads\/2023\/11\/5.jpg&#8220; alt=&#8220;das Relais&#8220; title_text=&#8220;Design ohne Titel &#8211; 2&#8243; align=&#8220;center&#8220; force_fullwidth=&#8220;on&#8220; _builder_version=&#8220;4.23.1&#8243; _module_preset=&#8220;default&#8220; global_colors_info=&#8220;{}&#8220;][\/et_pb_image][\/et_pb_column][\/et_pb_row][et_pb_row column_structure=&#8220;1_2,1_2&#8243; use_custom_gutter=&#8220;on&#8220; gutter_width=&#8220;1&#8243; make_equal=&#8220;on&#8220; _builder_version=&#8220;4.22.2&#8243; _module_preset=&#8220;default&#8220; width=&#8220;100%&#8220; max_width=&#8220;100%&#8220; module_alignment=&#8220;center&#8220; custom_padding=&#8220;||0px||false|false&#8220; global_colors_info=&#8220;{}&#8220;][et_pb_column type=&#8220;1_2&#8243; _builder_version=&#8220;4.22.2&#8243; _module_preset=&#8220;default&#8220; global_colors_info=&#8220;{}&#8220;][et_pb_image src=&#8220;https:\/\/relais-poste.com\/wp-content\/uploads\/2023\/09\/frise1.png&#8220; alt=&#8220;Goldfries&#8220; title_text=&#8220;Friese1&#8243; align=&#8220;center&#8220; force_fullwidth=&#8220;on&#8220; _builder_version=&#8220;4.22.2&#8243; _module_preset=&#8220;default&#8220; global_colors_info=&#8220;{}&#8220;][\/et_pb_image][\/et_pb_column][et_pb_column type=&#8220;1_2&#8243; _builder_version=&#8220;4.22.2&#8243; _module_preset=&#8220;default&#8220; global_colors_info=&#8220;{}&#8220;][et_pb_image src=&#8220;https:\/\/relais-poste.com\/wp-content\/uploads\/2023\/09\/frise1.png&#8220; alt=&#8220;Goldfries&#8220; title_text=&#8220;Friese1&#8243; align=&#8220;center&#8220; force_fullwidth=&#8220;on&#8220; _builder_version=&#8220;4.22.2&#8243; _module_preset=&#8220;default&#8220; locked=&#8220;off&#8220; global_colors_info=&#8220;{}&#8220;][\/et_pb_image][\/et_pb_column][\/et_pb_row][et_pb_row _builder_version=&#8220;4.22.2&#8243; _module_preset=&#8220;default&#8220; background_color=&#8220;#C4B390&#8243; width=&#8220;100%&#8220; max_width=&#8220;100%&#8220; locked=&#8220;on&#8220; global_colors_info=&#8220;{}&#8220;][et_pb_column type=&#8220;4_4&#8243; _builder_version=&#8220;4.22.2&#8243; _module_preset=&#8220;default&#8220; global_colors_info=&#8220;{}&#8220;][et_pb_text admin_label=&#8220;Titre d\u00e9couvrir nos menus&#8220; _builder_version=&#8220;4.22.2&#8243; _module_preset=&#8220;default&#8220; text_font=&#8220;|300|||||||&#8220; text_text_color=&#8220;#000000&#8243; text_font_size=&#8220;18px&#8220; text_line_height=&#8220;1.5em&#8220; header_2_font=&#8220;|300|on||||||&#8220; header_2_text_align=&#8220;center&#8220; header_2_font_size=&#8220;40px&#8220; header_3_font=&#8220;Source Sans Pro|300|||||||&#8220; header_3_text_color=&#8220;#C4B390&#8243; header_3_font_size=&#8220;40px&#8220; text_orientation=&#8220;center&#8220; background_layout=&#8220;dark&#8220; width_tablet=&#8220;100%&#8220; width_phone=&#8220;100%&#8220; width_last_edited=&#8220;on|phone&#8220; max_width_tablet=&#8220;100%&#8220; max_width_phone=&#8220;100%&#8220; max_width_last_edited=&#8220;on|tablet&#8220; module_alignment=&#8220;center&#8220; custom_padding=&#8220;||||false|false&#8220; header_2_font_size_tablet=&#8220;40px&#8220; header_2_font_size_phone=&#8220;30px&#8220; header_2_font_size_last_edited=&#8220;on|phone&#8220; header_3_font_size_tablet=&#8220;40px&#8220; header_3_font_size_phone=&#8220;30px&#8220; header_3_font_size_last_edited=&#8220;on|phone&#8220; custom_css_main_element=&#8220;margin:auto;&#8220; border_color_bottom=&#8220;#FFFFFF&#8220; locked=&#8220;off&#8220; global_colors_info=&#8220;{}&#8220;]<\/p>\n<h2>Entdecken Sie unsere Men\u00fcs<\/h2>\n<hr id=\"trait-blanc-middle\">\n<p>&nbsp;<\/p>\n<p>[\/et_pb_text][et_pb_button button_url=&#8220;@ET-DC@eyJkeW5hbWljIjp0cnVlLCJjb250ZW50IjoicG9zdF9saW5rX3VybF9wYWdlIiwic2V0dGluZ3MiOnsicG9zdF9pZCI6IjI1In19@&#8220; button_text=&#8220;Unsere Men\u00fcs&#8220; button_alignment=&#8220;center&#8220; admin_label=&#8220;Boutons nos menus&#8220; _builder_version=&#8220;4.22.2&#8243; _dynamic_attributes=&#8220;button_url&#8220; _module_preset=&#8220;default&#8220; custom_button=&#8220;on&#8220; button_border_width=&#8220;1px&#8220; button_border_color=&#8220;#FFFFFF&#8220; button_border_radius=&#8220;0px&#8220; button_font=&#8220;|300||on|||||&#8220; button_icon=&#8220;&#x24;||divi||400&#8243; global_colors_info=&#8220;{}&#8220; button_bg_color__hover_enabled=&#8220;on|hover&#8220; button_bg_color__hover=&#8220;RGBA(255,255,255,0)&#8220; button_bg_enable_color__hover=&#8220;on&#8220; button_border_color__hover_enabled=&#8220;on|hover&#8220; button_border_color__hover=&#8220;#FFFFFF&#8220; button_border_width__hover_enabled=&#8220;on|hover&#8220; button_border_width__hover=&#8220;1px&#8220;][\/et_pb_button][\/et_pb_column][\/et_pb_row][\/et_pb_section][et_pb_section fb_built=&#8220;1&#8243; _builder_version=&#8220;4.22.2&#8243; _module_preset=&#8220;default&#8220; background_image=&#8220;https:\/\/relais-poste.com\/wp-content\/uploads\/2023\/09\/Relais_de_la_poste_la_carte_6.jpeg&#8220; locked=&#8220;on&#8220; global_colors_info=&#8220;{}&#8220;][et_pb_row column_structure=&#8220;1_2,1_2&#8243; _builder_version=&#8220;4.22.2&#8243; _module_preset=&#8220;default&#8220; global_colors_info=&#8220;{}&#8220;][et_pb_column type=&#8220;1_2&#8243; _builder_version=&#8220;4.22.2&#8243; _module_preset=&#8220;default&#8220; global_colors_info=&#8220;{}&#8220;][et_pb_cta title=&#8220;\u00d6ffnungszeiten&#8220; button_url=&#8220;https:\/\/widget.thefork.com\/fr\/fab90e66-b6e7-4700-9132-5f1fc5a6f3c4&#8243; url_new_window=&#8220;on&#8220; button_text=&#8220;Einen Tisch reservieren&#8220; _builder_version=&#8220;4.23.1&#8243; _module_preset=&#8220;default&#8220; header_font=&#8220;|700|||||||&#8220; header_font_size=&#8220;2.1em&#8220; header_line_height=&#8220;1.7em&#8220; body_font=&#8220;|300|||||||&#8220; body_text_align=&#8220;left&#8220; body_font_size=&#8220;18px&#8220; background_color=&#8220;#FFFFFF&#8220; custom_button=&#8220;on&#8220; button_text_color=&#8220;#FFFFFF&#8220; button_bg_color=&#8220;#C4B390&#8243; button_border_radius=&#8220;0px&#8220; button_font=&#8220;|300||on|||||&#8220; button_icon=&#8220;&#x24;||divi||400&#8243; button_icon_color=&#8220;#FFFFFF&#8220; text_orientation=&#8220;left&#8220; background_layout=&#8220;light&#8220; max_width=&#8220;640px&#8220; module_alignment=&#8220;right&#8220; custom_padding=&#8220;10%|10%|10%|10%|true|true&#8220; body_text_align_tablet=&#8220;left&#8220; body_text_align_phone=&#8220;left&#8220; body_text_align_last_edited=&#8220;on|desktop&#8220; module_alignment_tablet=&#8220;center&#8220; module_alignment_phone=&#8220;center&#8220; module_alignment_last_edited=&#8220;on|tablet&#8220; global_colors_info=&#8220;{}&#8220;]<\/p>\n<p>Das Restaurant ist ge\u00f6ffnet :<\/p>\n<p>Dienstag von 19.00 bis 21.00 Uhr<br \/>Mittwoch bis Samstag von 12.00 bis 13.30 Uhr und von 19.00 bis 21.00 Uhr<\/p>\n<p>[\/et_pb_cta][\/et_pb_column][et_pb_column type=&#8220;1_2&#8243; _builder_version=&#8220;4.22.2&#8243; _module_preset=&#8220;default&#8220; global_colors_info=&#8220;{}&#8220;][\/et_pb_column][\/et_pb_row][\/et_pb_section]<\/p>\n","protected":false},"excerpt":{"rendered":"<p>Die aktuelle Karte vom Koch erdachtDarstellung der Karte Die kulinarische Kreativit\u00e4t von Chefkoch Thomas Koebel kommt t\u00e4glich zum Ausdruck. Entdecken Sie die aktuelle Speisekarte mit schmackhaften und gewagten Gourmetgerichten, die aus saisonalen Produkten zubereitet werden. Die Eintr\u00e4ge G\u00e4nseleber von der Ferme Hirsch, gel\u00f6ffelt serviert, Chutney aus Saisonfr\u00fcchten und Bl\u00e4tterteigbrezel Bei niedriger Temperatur kandierte Heimbachforelle, Meerrettichschaumfinger mit Bibeleskaes, Kohlrabi-Pickles, Essigsauce mit Forellenrogen Tartar vom Rind &#8222;Caract\u00e8re d&#8217;Alsace&#8220;, wie eine Kartoffelfocaccia, Chimichurri-Sorbet Eier von der Farm Clauss nach Mimosa-Art, Spargelsalat aus Hoerdt und Baeri Kaviar Fische Frisch gegrillte Kaisergranatschw\u00e4nze, Erbsen aus dem Val de Moder und Erdbeeren in Texturen, cremige Scheibe mit wildem Rauchgeschmack Zanderfilet auf der Haut gegrillt, wei\u00dfer Spargel mit Parmesan \u00fcberbacken, Melfor-Buttercreme &nbsp; Fleisch &amp; Gefl\u00fcgel Coquelet aus dem Hause Rihn, gef\u00fcllt mit Foie Gras und Schwarzw\u00e4lder Speck, Dauphine-Kartoffeln, Rhabarber-Confit und Fr\u00fchlingszwiebeln, Keule in Brezel und kr\u00e4ftiger Kr\u00e4uterjus Erinnerungen an meine Anf\u00e4nge:Kalbsbries, Spargel, Morcheln, Bl\u00e4tterteiggeb\u00e4ck K\u00e4se &amp; Desserts Unsere Auswahl an gereiften K\u00e4sesorten Moderne Erdbeerfrucht mit Basilikum und Prinzessinnencreme Ungew\u00f6hnliche KompositionRhabarber \/ \u00c4pfel \/ Sellerie \/ Majoran Entdecken Sie unsere Men\u00fcs &nbsp;Das Restaurant ist ge\u00f6ffnet : Dienstag von 19.00 bis 21.00 UhrMittwoch bis Samstag von 12.00 bis 13.30 Uhr und von 19.00 bis 21.00 Uhr<\/p>\n","protected":false},"author":14,"featured_media":0,"parent":0,"menu_order":0,"comment_status":"closed","ping_status":"closed","template":"","meta":{"_seopress_robots_primary_cat":"","_seopress_titles_title":"%%sitetitle%% %%sep%% %%post_title%%","_seopress_titles_desc":"Entdecken Sie die aktuelle Speisekarte mit schmackhaften und gewagten Gourmetgerichten, die aus saisonalen Produkten zubereitet werden.","_seopress_robots_index":"","_et_pb_use_builder":"on","_et_pb_old_content":"","_et_gb_content_width":"","footnotes":""},"_links":{"self":[{"href":"https:\/\/relais-poste.com\/de\/wp-json\/wp\/v2\/pages\/9564"}],"collection":[{"href":"https:\/\/relais-poste.com\/de\/wp-json\/wp\/v2\/pages"}],"about":[{"href":"https:\/\/relais-poste.com\/de\/wp-json\/wp\/v2\/types\/page"}],"author":[{"embeddable":true,"href":"https:\/\/relais-poste.com\/de\/wp-json\/wp\/v2\/users\/14"}],"replies":[{"embeddable":true,"href":"https:\/\/relais-poste.com\/de\/wp-json\/wp\/v2\/comments?post=9564"}],"version-history":[{"count":102,"href":"https:\/\/relais-poste.com\/de\/wp-json\/wp\/v2\/pages\/9564\/revisions"}],"predecessor-version":[{"id":16719,"href":"https:\/\/relais-poste.com\/de\/wp-json\/wp\/v2\/pages\/9564\/revisions\/16719"}],"wp:attachment":[{"href":"https:\/\/relais-poste.com\/de\/wp-json\/wp\/v2\/media?parent=9564"}],"curies":[{"name":"wp","href":"https:\/\/api.w.org\/{rel}","templated":true}]}}