{"id":9551,"date":"2023-09-04T16:57:22","date_gmt":"2023-09-04T14:57:22","guid":{"rendered":"https:\/\/relais-poste.com\/chefkoch-thomas-koebel\/"},"modified":"2024-11-14T11:02:53","modified_gmt":"2024-11-14T10:02:53","slug":"chefkoch-thomas-koebel","status":"publish","type":"page","link":"https:\/\/relais-poste.com\/de\/chefkoch-thomas-koebel\/","title":{"rendered":"Chefkoch Thomas Koebel"},"content":{"rendered":"<p>[et_pb_section fb_built=&#8220;1&#8243; admin_label=&#8220;Section le chef et son \u00e9quipe header&#8220; _builder_version=&#8220;4.22.1&#8243; _module_preset=&#8220;default&#8220; custom_padding=&#8220;0px||||false|false&#8220; global_colors_info=&#8220;{}&#8220;][et_pb_row column_structure=&#8220;1_2,1_2&#8243; use_custom_gutter=&#8220;on&#8220; gutter_width=&#8220;4&#8243; make_equal=&#8220;on&#8220; _builder_version=&#8220;4.22.1&#8243; _module_preset=&#8220;default&#8220; width=&#8220;100%&#8220; max_width=&#8220;100%&#8220; custom_padding=&#8220;0px||0px||true|false&#8220; global_colors_info=&#8220;{}&#8220;][et_pb_column type=&#8220;1_2&#8243; _builder_version=&#8220;4.22.1&#8243; _module_preset=&#8220;default&#8220; custom_padding=&#8220;|||5%|false|false&#8220; custom_css_main_element=&#8220;margin:auto;&#8220; global_colors_info=&#8220;{}&#8220;][et_pb_text admin_label=&#8220;Texte Le chef Thomas Koebel&#8220; _builder_version=&#8220;4.22.2&#8243; _module_preset=&#8220;default&#8220; header_font=&#8220;|700|||||||&#8220; header_text_align=&#8220;left&#8220; header_font_size=&#8220;2.7em&#8220; header_2_font=&#8220;Source Sans Pro|300|||||||&#8220; header_2_text_align=&#8220;left&#8220; header_2_font_size=&#8220;2em&#8220; header_font_size_tablet=&#8220;2.7em&#8220; header_font_size_phone=&#8220;1.8em&#8220; header_font_size_last_edited=&#8220;on|phone&#8220; global_colors_info=&#8220;{}&#8220;]<\/p>\n<h1>Chefkoch Thomas Koebel<\/h1>\n<h2>&amp; sein Team<\/h2>\n<p>[\/et_pb_text][\/et_pb_column][et_pb_column type=&#8220;1_2&#8243; _builder_version=&#8220;4.22.1&#8243; _module_preset=&#8220;default&#8220; global_colors_info=&#8220;{}&#8220;][et_pb_image src=&#8220;https:\/\/relais-poste.com\/wp-content\/uploads\/2023\/11\/Copie-de-Header.jpg&#8220; alt=&#8220;der Chef und sein Team&#8220; title_text=&#8220;Design ohne Titel &#8211; 1&#8243; admin_label=&#8220;Photo de Thomas Koebel&#8220; _builder_version=&#8220;4.23.1&#8243; _module_preset=&#8220;default&#8220; global_colors_info=&#8220;{}&#8220;][\/et_pb_image][\/et_pb_column][\/et_pb_row][\/et_pb_section][et_pb_section fb_built=&#8220;1&#8243; admin_label=&#8220;Section Pr\u00e9sentation du chef&#8220; _builder_version=&#8220;4.22.1&#8243; _module_preset=&#8220;default&#8220; background_color=&#8220;#EEEEEE&#8220; custom_padding=&#8220;0px||0px||true|false&#8220; global_colors_info=&#8220;{}&#8220;][et_pb_row column_structure=&#8220;1_2,1_2&#8243; use_custom_gutter=&#8220;on&#8220; make_equal=&#8220;on&#8220; _builder_version=&#8220;4.22.1&#8243; _module_preset=&#8220;default&#8220; width=&#8220;95%&#8220; custom_padding=&#8220;0px||||false|false&#8220; global_colors_info=&#8220;{}&#8220;][et_pb_column type=&#8220;1_2&#8243; _builder_version=&#8220;4.22.1&#8243; _module_preset=&#8220;default&#8220; custom_padding=&#8220;5%||||false|false&#8220; custom_padding_tablet=&#8220;2vh|2%|2vh|2%|true|true&#8220; custom_padding_phone=&#8220;2vh|2%|2vh|2%|true|true&#8220; custom_padding_last_edited=&#8220;on|tablet&#8220; custom_css_main_element=&#8220;margin:auto;&#8220; global_colors_info=&#8220;{}&#8220;][et_pb_text admin_label=&#8220;Texte pr\u00e9sentation du chef&#8220; _builder_version=&#8220;4.27.2&#8243; _module_preset=&#8220;default&#8220; text_font=&#8220;|300|||||||&#8220; text_text_color=&#8220;#000000&#8243; text_font_size=&#8220;18px&#8220; text_line_height=&#8220;1.5em&#8220; header_2_font=&#8220;|600|||||||&#8220; header_2_text_align=&#8220;left&#8220; header_2_font_size=&#8220;40px&#8220; hover_enabled=&#8220;0&#8243; header_2_font_size_tablet=&#8220;40px&#8220; header_2_font_size_phone=&#8220;30px&#8220; header_2_font_size_last_edited=&#8220;on|phone&#8220; locked=&#8220;off&#8220; global_colors_info=&#8220;{}&#8220; sticky_enabled=&#8220;0&#8243;]<\/p>\n<h2>Vorstellung des Kochs<\/h2>\n<hr id=\"trait-noir\">\n<p>Thomas ist seit seiner Jugend ein leidenschaftlicher Gastronom und hat seine Erfahrungen in den K\u00fcchen els\u00e4ssischer Gourmetrestaurants wie L&#8217;Auberge du Cheval Blanc in Westhalten, Au Cygne in Gundershoffen oder Au Crocodile in Stra\u00dfburg gesammelt. Im Jahr 2015 \u00fcbernahm er das Kommando in der K\u00fcche von Secrets des Grands Express.  <\/p>\n<p>Im Juli 2019 nimmt dieser Herausforderer die Herausforderung des Gourmetrestaurants im Relais de la Poste an: das Lokal wieder zu alter Gr\u00f6\u00dfe zu f\u00fchren. Seitdem f\u00fchrt er seine Brigade zu Spitzenleistungen, bietet seinen G\u00e4sten neue kulinarische Erlebnisse und verbessert seine Gerichte jeden Tag, um Perfektion zu erreichen.  <span>Im M\u00e4rz 2023 erh\u00e4lt es einen ersten Michelin-Stern. Im Oktober 2023 tritt er der Vereinigung &#8222;Etoiles d&#8217;Alsace&#8220; bei, eine Anerkennung in seiner Region, der Region, die er mit seiner Karte ehrt.  <\/span><\/p>\n<p>Thomas ist fest davon \u00fcberzeugt, dass die Qualit\u00e4t der Gerichte von der Auswahl der Zutaten abh\u00e4ngt. <span style=\"text-decoration: underline;\"><a href=\"https:\/\/relais-poste.com\/de\/sie-begleiten-uns\/\">lokale Produkte zu verwenden.<\/a><\/span>. Er legt auch gro\u00dfen Wert auf die Weitergabe von Wissen, sei es an seine Mitarbeiter im Alltag oder an die J\u00fcngsten des Dorfes bei p\u00e4dagogischen Ausfl\u00fcgen, die der K\u00fcche und den Geschm\u00e4ckern gewidmet sind.<\/p>\n<p>[\/et_pb_text][et_pb_image src=&#8220;https:\/\/relais-poste.com\/wp-content\/uploads\/2023\/09\/plat4.jpg&#8220; alt=&#8220;Gastroteller&#8220; title_text=&#8220;flach4&#8243; _builder_version=&#8220;4.22.1&#8243; _module_preset=&#8220;default&#8220; global_colors_info=&#8220;{}&#8220;][\/et_pb_image][et_pb_text _builder_version=&#8220;4.22.1&#8243; _module_preset=&#8220;default&#8220; header_3_font=&#8220;Source Sans Pro|300|||||||&#8220; header_3_text_color=&#8220;#C4B390&#8243; header_3_font_size=&#8220;40px&#8220; global_colors_info=&#8220;{}&#8220;]<\/p>\n<h3>Die Karte entdecken<\/h3>\n<h3>des Restaurants<\/h3>\n<p>[\/et_pb_text][et_pb_button button_url=&#8220;@ET-DC@eyJkeW5hbWljIjp0cnVlLCJjb250ZW50IjoicG9zdF9saW5rX3VybF9wYWdlIiwic2V0dGluZ3MiOnsicG9zdF9pZCI6IjI3In19@&#8220; url_new_window=&#8220;on&#8220; button_text=&#8220;Aktuelle Karte&#8220; admin_label=&#8220;Bouton D\u00e9couvrir la carte&#8220; module_class=&#8220;bouton-fond-or&#8220; _builder_version=&#8220;4.22.2&#8243; _dynamic_attributes=&#8220;button_url&#8220; _module_preset=&#8220;4d58f5b3-415f-4bfd-b6d7-3f78dcc177d4&#8243; button_font=&#8220;|||on|||||&#8220; custom_margin=&#8220;4vh||4vh||true|false&#8220; custom_padding=&#8220;10px||10px|4%|true|false&#8220; locked=&#8220;off&#8220; global_colors_info=&#8220;{}&#8220;][\/et_pb_button][\/et_pb_column][et_pb_column type=&#8220;1_2&#8243; _builder_version=&#8220;4.22.1&#8243; _module_preset=&#8220;default&#8220; custom_padding_tablet=&#8220;2vh|2%|2vh|2%|true|true&#8220; custom_padding_phone=&#8220;2vh|2%|2vh|2%|true|true&#8220; custom_padding_last_edited=&#8220;on|tablet&#8220; global_colors_info=&#8220;{}&#8220;][et_pb_image src=&#8220;https:\/\/relais-poste.com\/wp-content\/uploads\/2023\/09\/presentation-du-chef.jpg&#8220; alt=&#8220;vorstellung des kochs&#8220; title_text=&#8220;vorstellung-des-chefs&#8220; admin_label=&#8220;photo assiette saumon&#8220; _builder_version=&#8220;4.22.1&#8243; _module_preset=&#8220;default&#8220; global_colors_info=&#8220;{}&#8220;][\/et_pb_image][et_pb_text _builder_version=&#8220;4.22.2&#8243; _module_preset=&#8220;default&#8220; text_font=&#8220;|300|||||||&#8220; text_font_size=&#8220;18px&#8220; header_3_font=&#8220;Source Sans Pro|300|||||||&#8220; header_3_text_color=&#8220;#C4B390&#8243; header_3_font_size=&#8220;40px&#8220; global_colors_info=&#8220;{}&#8220;]<\/p>\n<h3>Thomas Koebel,<br \/>ein k\u00fchner und kreativer K\u00fcchenchef<\/h3>\n<p><strong>Was ist Ihre Spezialit\u00e4t, Ihr Hauptgericht?<\/strong><br \/>Mein Signature Dish ist ein Croustillant de pigeon au foie gras (Taubenknusper mit G\u00e4nseleber). Das ist eine Taubenbrust mit einer Scheibe G\u00e4nseleber, die um ein Gr\u00fcnkohlblatt gewickelt und dann in einem Brickblatt gebacken wird. Aber ich werde Ihnen nicht alle Geheimnisse meines Rezepts verraten&#8230;! Ich lade Sie ein, dieses Gericht im Le Relais zu entdecken, das sehr regelm\u00e4\u00dfig auf der Speisekarte steht.<\/p>\n<p><strong>Was treibt Sie t\u00e4glich an?<\/strong><br \/>Meine Leidenschaft mit meinem Team und meinen Kunden teilen. In der K\u00fcche spr\u00fcht meine Brigade vor Ideen, wir tauschen uns viel aus und es ist mir ein Anliegen, ihnen technische Kniffe beizubringen. Ich bin sehr zufrieden, wenn die G\u00e4ste die Emotionen und die Leidenschaft, die wir in unsere Gerichte gesteckt haben, wahrnehmen und \u00fcberw\u00e4ltigt den Tisch verlassen.<\/p>\n<p><strong>Woher nehmen Sie Ihre Inspiration, um alle sechs Wochen eine neue Karte anzubieten?<\/strong><br \/>Meine K\u00fcche basiert auf lokalen, frischen und saisonalen Produkten. Jede Jahreszeit hat ihre Hauptprodukte, daher richte ich meine Gerichte danach aus, was die Natur uns bietet. Das ist \u00fcbrigens auch der Grund, warum sich die Karte manchmal nach 5 oder 7 Wochen \u00e4ndert: Je nach Wetterlage kann ein Produkt fr\u00fcher oder sp\u00e4ter als erwartet verf\u00fcgbar sein.<\/p>\n<p>[\/et_pb_text][\/et_pb_column][\/et_pb_row][\/et_pb_section][et_pb_section fb_built=&#8220;1&#8243; _builder_version=&#8220;4.22.1&#8243; _module_preset=&#8220;default&#8220; global_colors_info=&#8220;{}&#8220;][et_pb_row disabled_on=&#8220;off|off|on&#8220; _builder_version=&#8220;4.22.1&#8243; _module_preset=&#8220;default&#8220; width=&#8220;100%&#8220; module_alignment=&#8220;center&#8220; custom_padding=&#8220;0px||0px||true|false&#8220; global_colors_info=&#8220;{}&#8220;][et_pb_column type=&#8220;4_4&#8243; _builder_version=&#8220;4.22.1&#8243; _module_preset=&#8220;default&#8220; global_colors_info=&#8220;{}&#8220;][et_pb_image src=&#8220;https:\/\/relais-poste.com\/wp-content\/uploads\/2023\/09\/Etienne-eyer.jpeg&#8220; alt=&#8220;etienne eyer&#8220; title_text=&#8220;Etienne-eyer&#8220; align=&#8220;center&#8220; force_fullwidth=&#8220;on&#8220; disabled_on=&#8220;off|off|on&#8220; admin_label=&#8220;etienne eyer&#8220; _builder_version=&#8220;4.22.1&#8243; _module_preset=&#8220;default&#8220; global_colors_info=&#8220;{}&#8220;][\/et_pb_image][\/et_pb_column][\/et_pb_row][et_pb_row column_structure=&#8220;1_4,1_2,1_4&#8243; use_custom_gutter=&#8220;on&#8220; make_equal=&#8220;on&#8220; admin_label=&#8220;Restaurant-Team-Linie&#8220; _builder_version=&#8220;4.22.1&#8243; _module_preset=&#8220;default&#8220; background_color=&#8220;#EEEEEE&#8220; width=&#8220;100%&#8220; max_width=&#8220;100%&#8220; custom_padding=&#8220;0px||0px||true|false&#8220; global_colors_info=&#8220;{}&#8220;][et_pb_column type=&#8220;1_4&#8243; disabled_on=&#8220;on|on|off&#8220; _builder_version=&#8220;4.22.1&#8243; _module_preset=&#8220;default&#8220; background_image=&#8220;https:\/\/relais-poste.com\/wp-content\/uploads\/2023\/09\/Etienne-eyer.jpeg&#8220; custom_css_main_element=&#8220;width:30% !important;&#8220; global_colors_info=&#8220;{}&#8220; custom_css_main_element_last_edited=&#8220;on|tablet&#8220; custom_css_main_element_phone=&#8220;width:30% !important;||&#8220; custom_css_main_element_tablet=&#8220;width:30% !important;&#8220;][\/et_pb_column][et_pb_column type=&#8220;1_2&#8243; _builder_version=&#8220;4.22.1&#8243; _module_preset=&#8220;default&#8220; custom_padding=&#8220;7%||7%||true|false&#8220; custom_padding_tablet=&#8220;2vh|2%|2vh|2%|true|true&#8220; custom_padding_phone=&#8220;2vh|2%|2vh|2%|true|true&#8220; custom_padding_last_edited=&#8220;on|phone&#8220; custom_css_main_element=&#8220;margin:auto;||&#8220; global_colors_info=&#8220;{}&#8220;][et_pb_text admin_label=&#8220;Texte l&#8217;\u00e9quipe&#8220; _builder_version=&#8220;4.22.2&#8243; _module_preset=&#8220;default&#8220; text_font=&#8220;|300|||||||&#8220; text_text_color=&#8220;#000000&#8243; text_font_size=&#8220;18px&#8220; text_line_height=&#8220;1.5em&#8220; header_2_font=&#8220;|600|||||||&#8220; header_2_text_align=&#8220;left&#8220; header_2_font_size=&#8220;40px&#8220; custom_margin=&#8220;||||false|false&#8220; custom_padding=&#8220;||||false|false&#8220; custom_padding_tablet=&#8220;|2%||2%|false|true&#8220; custom_padding_phone=&#8220;|2%||2%|false|true&#8220; custom_padding_last_edited=&#8220;on|tablet&#8220; header_2_font_size_tablet=&#8220;40px&#8220; header_2_font_size_phone=&#8220;30px&#8220; header_2_font_size_last_edited=&#8220;on|phone&#8220; locked=&#8220;off&#8220; global_colors_info=&#8220;{}&#8220;]<\/p>\n<h2>Das Team des Gourmetrestaurants<\/h2>\n<hr id=\"trait-noir\">\n<p>An der Seite von Thomas Koebel arbeitet ein Team von 10 Personen, um Ihnen ein schmackhaftes und gastronomisches Erlebnis zu bieten. Kein Detail wird dem Zufall \u00fcberlassen und die Professionalit\u00e4t jedes Einzelnen erm\u00f6glicht es, jeder Abteilung eine qualitativ hochwertige Leistung zu bieten.<\/p>\n<p>In der K\u00fcche wird der Chefkoch von L\u00e9a Merkel, einer zweiten K\u00fcchenhilfe, unterst\u00fctzt. Nach zwei Jahren in der K\u00fcche des Crocodile in Stra\u00dfburg wechselt L\u00e9a ins Le Relais de la Poste, wo sie die Karriereleiter hochklettert und die rechte Hand von Thomas Koebel wird. Dieses Zweiergespann bem\u00fcht sich, kreative und leckere Gerichte anzubieten. Der Austausch und das Teilen stehen im Mittelpunkt ihrer Zusammenarbeit, um Ihre Geschmacksknospen zu \u00fcberraschen und Ihnen eine gastronomische Auszeit f\u00fcr die Dauer einer Mahlzeit zu bieten.<\/p>\n<p>Im Speisesaal begleiten Sie Etienne Eyer und sein Team w\u00e4hrend des gesamten Essens und f\u00fchren Sie durch die 700 Positionen unserer Weinkarte. Dieser Feinschmecker und Kenner der Weine der Welt nimmt Sie mit auf eine Reise zu den gr\u00f6\u00dften Weing\u00fctern, aber auch auf eine Entdeckungsreise zu diskreten Nuggets, die von kleinen Winzern produziert werden. Er steht Ihnen mit fachkundigem Rat zur Seite, damit Ihr Wein die Aromen Ihres Gerichts perfekt zur Geltung bringt.<\/p>\n<p>[\/et_pb_text][\/et_pb_column][et_pb_column type=&#8220;1_4&#8243; disabled_on=&#8220;on|on|off&#8220; _builder_version=&#8220;4.22.1&#8243; _module_preset=&#8220;default&#8220; background_image=&#8220;https:\/\/relais-poste.com\/wp-content\/uploads\/2023\/09\/cuisinier1.jpg&#8220; background_last_edited=&#8220;on|desktop&#8220; background_enable_image_tablet=&#8220;off&#8220; background_enable_image_phone=&#8220;off&#8220; custom_css_main_element=&#8220;width:30% !important;&#8220; global_colors_info=&#8220;{}&#8220; custom_css_main_element_last_edited=&#8220;on|desktop&#8220; custom_css_main_element_tablet=&#8220;width:30% !important;&#8220; custom_css_main_element_phone=&#8220;width:30% !important;&#8220;][\/et_pb_column][\/et_pb_row][et_pb_row disabled_on=&#8220;off|off|on&#8220; _builder_version=&#8220;4.22.1&#8243; _module_preset=&#8220;default&#8220; width=&#8220;100%&#8220; module_alignment=&#8220;center&#8220; custom_padding=&#8220;0px||0px||true|false&#8220; locked=&#8220;off&#8220; global_colors_info=&#8220;{}&#8220;][et_pb_column type=&#8220;4_4&#8243; _builder_version=&#8220;4.22.1&#8243; _module_preset=&#8220;default&#8220; global_colors_info=&#8220;{}&#8220;][et_pb_image src=&#8220;https:\/\/relais-poste.com\/wp-content\/uploads\/2023\/09\/cuisinier1.jpg&#8220; alt=&#8220;Lea Merkel&#8220; title_text=&#8220;Koch1&#8243; align=&#8220;center&#8220; force_fullwidth=&#8220;on&#8220; disabled_on=&#8220;off|off|on&#8220; admin_label=&#8220;Lea Merkel&#8220; _builder_version=&#8220;4.22.1&#8243; _module_preset=&#8220;default&#8220; global_colors_info=&#8220;{}&#8220;][\/et_pb_image][\/et_pb_column][\/et_pb_row][\/et_pb_section]<\/p>\n","protected":false},"excerpt":{"rendered":"<p>Chefkoch Thomas Koebel &amp; sein TeamVorstellung des Kochs Thomas ist seit seiner Jugend ein leidenschaftlicher Gastronom und hat seine Erfahrungen in den K\u00fcchen els\u00e4ssischer Gourmetrestaurants wie L&#8217;Auberge du Cheval Blanc in Westhalten, Au Cygne in Gundershoffen oder Au Crocodile in Stra\u00dfburg gesammelt. Im Jahr 2015 \u00fcbernahm er das Kommando in der K\u00fcche von Secrets des Grands Express. Im Juli 2019 nimmt dieser Herausforderer die Herausforderung des Gourmetrestaurants im Relais de la Poste an: das Lokal wieder zu alter Gr\u00f6\u00dfe zu f\u00fchren. Seitdem f\u00fchrt er seine Brigade zu Spitzenleistungen, bietet seinen G\u00e4sten neue kulinarische Erlebnisse und verbessert seine Gerichte jeden Tag, um Perfektion zu erreichen. Im M\u00e4rz 2023 erh\u00e4lt es einen ersten Michelin-Stern. Im Oktober 2023 tritt er der Vereinigung &#8222;Etoiles d&#8217;Alsace&#8220; bei, eine Anerkennung in seiner Region, der Region, die er mit seiner Karte ehrt. Thomas ist fest davon \u00fcberzeugt, dass die Qualit\u00e4t der Gerichte von der Auswahl der Zutaten abh\u00e4ngt. lokale Produkte zu verwenden.. Er legt auch gro\u00dfen Wert auf die Weitergabe von Wissen, sei es an seine Mitarbeiter im Alltag oder an die J\u00fcngsten des Dorfes bei p\u00e4dagogischen Ausfl\u00fcgen, die der K\u00fcche und den Geschm\u00e4ckern gewidmet sind.Die Karte entdecken des RestaurantsThomas Koebel,ein k\u00fchner und kreativer K\u00fcchenchef Was ist [&hellip;]<\/p>\n","protected":false},"author":14,"featured_media":0,"parent":0,"menu_order":0,"comment_status":"closed","ping_status":"closed","template":"","meta":{"_seopress_robots_primary_cat":"","_seopress_titles_title":"%%sitetitle%% %%sitetitle%% %%sep%% %%post_title%%","_seopress_titles_desc":"Thomas ist seit seiner Jugend ein leidenschaftlicher Gastronom und hat seine Erfahrungen in den K\u00fcchen els\u00e4ssischer Gourmetrestaurants wie L'Auberge du Cheval Blanc in Westhalten, Au Cygne in Gundershoffen oder Au Crocodile in Stra\u00dfburg gesammelt.","_seopress_robots_index":"","_et_pb_use_builder":"on","_et_pb_old_content":"","_et_gb_content_width":"","footnotes":""},"_links":{"self":[{"href":"https:\/\/relais-poste.com\/de\/wp-json\/wp\/v2\/pages\/9551"}],"collection":[{"href":"https:\/\/relais-poste.com\/de\/wp-json\/wp\/v2\/pages"}],"about":[{"href":"https:\/\/relais-poste.com\/de\/wp-json\/wp\/v2\/types\/page"}],"author":[{"embeddable":true,"href":"https:\/\/relais-poste.com\/de\/wp-json\/wp\/v2\/users\/14"}],"replies":[{"embeddable":true,"href":"https:\/\/relais-poste.com\/de\/wp-json\/wp\/v2\/comments?post=9551"}],"version-history":[{"count":22,"href":"https:\/\/relais-poste.com\/de\/wp-json\/wp\/v2\/pages\/9551\/revisions"}],"predecessor-version":[{"id":11635,"href":"https:\/\/relais-poste.com\/de\/wp-json\/wp\/v2\/pages\/9551\/revisions\/11635"}],"wp:attachment":[{"href":"https:\/\/relais-poste.com\/de\/wp-json\/wp\/v2\/media?parent=9551"}],"curies":[{"name":"wp","href":"https:\/\/api.w.org\/{rel}","templated":true}]}}