{"id":10833,"date":"2024-05-07T15:46:14","date_gmt":"2024-05-07T13:46:14","guid":{"rendered":"https:\/\/relais-poste.com\/?page_id=10833"},"modified":"2026-03-12T08:19:24","modified_gmt":"2026-03-12T07:19:24","slug":"unsere-aufenthaltsangebote","status":"publish","type":"page","link":"https:\/\/relais-poste.com\/de\/unsere-aufenthaltsangebote\/","title":{"rendered":"Unsere Aufenthaltsangebote"},"content":{"rendered":"<p>[et_pb_section fb_built=&#8220;1&#8243; admin_label=&#8220;Section Nos offres de s\u00e9jour&#8220; _builder_version=&#8220;4.25.0&#8243; _module_preset=&#8220;default&#8220; custom_padding=&#8220;0px||||false|false&#8220; global_colors_info=&#8220;{}&#8220;][et_pb_row column_structure=&#8220;1_2,1_2&#8243; use_custom_gutter=&#8220;on&#8220; gutter_width=&#8220;4&#8243; make_equal=&#8220;on&#8220; _builder_version=&#8220;4.22.1&#8243; _module_preset=&#8220;default&#8220; width=&#8220;100%&#8220; max_width=&#8220;100%&#8220; custom_padding=&#8220;0px||0px||true|false&#8220; global_colors_info=&#8220;{}&#8220;][et_pb_column type=&#8220;1_2&#8243; _builder_version=&#8220;4.22.1&#8243; _module_preset=&#8220;default&#8220; custom_padding=&#8220;|||5%|false|false&#8220; custom_css_main_element=&#8220;margin:auto;&#8220; global_colors_info=&#8220;{}&#8220;][et_pb_text admin_label=&#8220;Texte S\u00e9jour&#8220; _builder_version=&#8220;4.25.0&#8243; _module_preset=&#8220;default&#8220; header_font=&#8220;|700|||||||&#8220; header_text_align=&#8220;left&#8220; header_font_size=&#8220;2.7em&#8220; header_2_font=&#8220;Source Sans Pro|300|||||||&#8220; header_2_text_align=&#8220;left&#8220; header_2_font_size=&#8220;2em&#8220; header_font_size_tablet=&#8220;2.7em&#8220; header_font_size_phone=&#8220;1.8em&#8220; header_font_size_last_edited=&#8220;on|phone&#8220; global_colors_info=&#8220;{}&#8220;]<\/p>\n<h1>Unsere Angebote<\/h1>\n<h2>Aufenthalt<\/h2>\n<p>[\/et_pb_text][\/et_pb_column][et_pb_column type=&#8220;1_2&#8243; _builder_version=&#8220;4.22.1&#8243; _module_preset=&#8220;default&#8220; global_colors_info=&#8220;{}&#8220;][et_pb_image src=&#8220;https:\/\/relais-poste.com\/wp-content\/uploads\/2024\/05\/batisse4.jpg&#8220; alt=&#8220;batisse4&#8243; title_text=&#8220;BATISSE4&#8243; admin_label=&#8220;Photo de coussins&#8220; _builder_version=&#8220;4.25.0&#8243; _module_preset=&#8220;default&#8220; global_colors_info=&#8220;{}&#8220;][\/et_pb_image][\/et_pb_column][\/et_pb_row][\/et_pb_section][et_pb_section fb_built=&#8220;1&#8243; custom_padding_last_edited=&#8220;on|phone&#8220; admin_label=&#8220;Section s\u00e9jour d\u00e9couverte&#8220; module_id=&#8220;Entdeckungsreise&#8220; _builder_version=&#8220;4.27.4&#8243; _module_preset=&#8220;default&#8220; background_color=&#8220;#EEEEEE&#8220; custom_margin=&#8220;||5vh||false|false&#8220; custom_padding=&#8220;0px||0px||true|false&#8220; custom_padding_tablet=&#8220;0px||0px||true|false&#8220; custom_padding_phone=&#8220;0px||0px||true|false&#8220; locked=&#8220;off&#8220; global_colors_info=&#8220;{}&#8220;][et_pb_row column_structure=&#8220;1_2,1_2&#8243; use_custom_gutter=&#8220;on&#8220; gutter_width=&#8220;4&#8243; make_equal=&#8220;on&#8220; custom_padding_last_edited=&#8220;on|tablet&#8220; module_class=&#8220;colonnes-inversees&#8220; _builder_version=&#8220;4.25.0&#8243; _module_preset=&#8220;default&#8220; width=&#8220;100%&#8220; max_width=&#8220;100%&#8220; max_width_tablet=&#8220;100%&#8220; max_width_phone=&#8220;100%&#8220; max_width_last_edited=&#8220;on|phone&#8220; custom_padding=&#8220;0px||0px||true|false&#8220; custom_padding_tablet=&#8220;0px||0px||true|false&#8220; custom_padding_phone=&#8220;0px||0px||true|false&#8220; global_colors_info=&#8220;{}&#8220;][et_pb_column type=&#8220;1_2&#8243; _builder_version=&#8220;4.25.0&#8243; _module_preset=&#8220;default&#8220; background_image=&#8220;https:\/\/relais-poste.com\/wp-content\/uploads\/2024\/05\/chambre-romantique.jpg&#8220; custom_padding_tablet=&#8220;||||false|false&#8220; custom_padding_phone=&#8220;||||false|false&#8220; custom_padding_last_edited=&#8220;on|tablet&#8220; background_last_edited=&#8220;on|phone&#8220; background_enable_image_tablet=&#8220;off&#8220; global_colors_info=&#8220;{}&#8220;][et_pb_image src=&#8220;https:\/\/relais-poste.com\/wp-content\/uploads\/2024\/05\/chambre-romantique.jpg&#8220; alt=&#8220;Romantikzimmer&#8220; title_text=&#8220;Romantisches Zimmer&#8220; disabled_on=&#8220;off|off|on&#8220; _builder_version=&#8220;4.25.0&#8243; _module_preset=&#8220;default&#8220; custom_margin_tablet=&#8220;||-4vh||false|false&#8220; custom_margin_phone=&#8220;||-4vh||false|false&#8220; custom_margin_last_edited=&#8220;on|desktop&#8220; global_colors_info=&#8220;{}&#8220;][\/et_pb_image][\/et_pb_column][et_pb_column type=&#8220;1_2&#8243; _builder_version=&#8220;4.25.0&#8243; _module_preset=&#8220;default&#8220; custom_padding=&#8220;3vh|5%||5%|false|true&#8220; custom_padding_tablet=&#8220;||||false|false&#8220; custom_padding_phone=&#8220;||||false|false&#8220; custom_padding_last_edited=&#8220;off|desktop&#8220; global_colors_info=&#8220;{}&#8220;][et_pb_text admin_label=&#8220;Texte s\u00e9jour d\u00e9couverte&#8220; _builder_version=&#8220;4.27.4&#8243; _module_preset=&#8220;default&#8220; text_font=&#8220;|300|||||||&#8220; text_text_color=&#8220;#000000&#8243; text_font_size=&#8220;18px&#8220; text_line_height=&#8220;1.5em&#8220; header_2_font=&#8220;|600|||||||&#8220; header_2_text_align=&#8220;left&#8220; header_2_font_size=&#8220;40px&#8220; custom_padding=&#8220;5%||||false|false&#8220; custom_padding_tablet=&#8220;||||false|false&#8220; custom_padding_phone=&#8220;2%||||false|false&#8220; custom_padding_last_edited=&#8220;on|tablet&#8220; header_2_font_size_tablet=&#8220;40px&#8220; header_2_font_size_phone=&#8220;30px&#8220; header_2_font_size_last_edited=&#8220;on|phone&#8220; locked=&#8220;off&#8220; global_colors_info=&#8220;{}&#8220;]<\/p>\n<h2>Entdeckungsreise<\/h2>\n<h2>f\u00fcr 2 Personen<\/h2>\n<hr id=\"trait-noir\">\n<p><strong>409\u20ac<\/strong><\/p>\n<p>Thomas Koebel und sein Team begr\u00fc\u00dfen Sie in diesem authentischen und charmanten Geb\u00e4ude. Nur wenige Minuten von Stra\u00dfburg entfernt, genie\u00dfen Sie eine Auszeit f\u00fcr Feinschmecker.<\/p>\n<p>Dieser Aufenthalt beinhaltet f\u00fcr 2 Personen: eine \u00dcbernachtung in einem romantischen Zimmer, Fr\u00fchst\u00fcck und ein gastronomisches 4-G\u00e4nge-Men\u00fc (ohne Getr\u00e4nke).<\/p>\n<p>[\/et_pb_text][et_pb_text admin_label=&#8220;Texte R\u00e9servation par mail ou t\u00e9l\u00e9phone uniquement&#8220; _builder_version=&#8220;4.25.0&#8243; _module_preset=&#8220;default&#8220; custom_padding=&#8220;||||false|false&#8220; locked=&#8220;off&#8220; global_colors_info=&#8220;{}&#8220;]<\/p>\n<p>Reservierung nur per E-Mail oder Telefon<\/p>\n<p>[\/et_pb_text][dsm_button button_one_text=&#8220;Buchen Sie&#8220; button_one_url=&#8220;@ET-DC@eyJkeW5hbWljIjp0cnVlLCJjb250ZW50IjoicG9zdF9saW5rX3VybF9wYWdlIiwic2V0dGluZ3MiOnsicG9zdF9pZCI6IjkwNTAiLCJlbmFibGVfaHRtbCI6Im9mZiJ9fQ==@&#8220; button_two_text=&#8220;Einen Geschenkgutschein verschenken&#8220; button_two_url=&#8220;https:\/\/relais-poste.bonkdo.com\/fr\/&#8220; button_two_url_new_window=&#8220;on&#8220; button_alignment=&#8220;center&#8220; button_alignment_tablet=&#8220;center&#8220; button_alignment_phone=&#8220;center&#8220; button_alignment_last_edited=&#8220;on|tablet&#8220; _builder_version=&#8220;4.25.0&#8243; _dynamic_attributes=&#8220;button_one_url&#8220; _module_preset=&#8220;default&#8220; custom_button_one=&#8220;on&#8220; button_one_text_size=&#8220;17px&#8220; button_one_bg_color=&#8220;#C4B390&#8243; button_one_border_radius=&#8220;0px&#8220; button_one_font=&#8220;|||on|||||&#8220; button_one_custom_margin=&#8220;||||false|false&#8220; button_one_custom_margin_tablet=&#8220;|0vw|||false|false&#8220; button_one_custom_margin_phone=&#8220;|0px|||false|false&#8220; button_one_custom_margin_last_edited=&#8220;on|phone&#8220; button_one_custom_padding=&#8220;10px||10px||true|false&#8220; custom_button_two=&#8220;on&#8220; button_two_text_size=&#8220;17px&#8220; button_two_bg_color=&#8220;#C4B390&#8243; button_two_border_radius=&#8220;0px&#8220; button_two_font=&#8220;|||on|||||&#8220; button_two_custom_margin=&#8220;||5%||false|false&#8220; button_two_custom_margin_tablet=&#8220;|||4vw|false|false&#8220; button_two_custom_margin_phone=&#8220;|||0px|false|false&#8220; button_two_custom_margin_last_edited=&#8220;on|desktop&#8220; button_two_custom_padding=&#8220;10px||10px||true|false&#8220; z_index=&#8220;999&#8243; background_layout=&#8220;dark&#8220; custom_margin=&#8220;-25px||||false|false&#8220; custom_margin_tablet=&#8220;||5%||false|false&#8220; custom_margin_phone=&#8220;||5%||false|false&#8220; custom_margin_last_edited=&#8220;on|desktop&#8220; custom_css_button_1=&#8220;float:left;||&#8220; custom_css_button_2=&#8220;float: right;||&#8220; global_colors_info=&#8220;{}&#8220; custom_css_button_1_last_edited=&#8220;on|desktop&#8220; custom_css_button_2_last_edited=&#8220;on|phone&#8220; custom_css_button_1_tablet=&#8220;float:none;&#8220; custom_css_button_2_tablet=&#8220;float:none;&#8220; custom_css_button_1_phone=&#8220;float:none;&#8220; custom_css_button_2_phone=&#8220;float:none;&#8220;][\/dsm_button][et_pb_gallery gallery_ids=&#8220;10899,10902&#8243; posts_number=&#8220;2&#8243; show_title_and_caption=&#8220;off&#8220; show_pagination=&#8220;off&#8220; zoom_icon_color=&#8220;#C4B390&#8243; _builder_version=&#8220;4.25.0&#8243; _module_preset=&#8220;default&#8220; module_alignment=&#8220;center&#8220; custom_padding=&#8220;||30px||false|false&#8220; global_colors_info=&#8220;{}&#8220;][\/et_pb_gallery][\/et_pb_column][\/et_pb_row][\/et_pb_section][et_pb_section fb_built=&#8220;1&#8243; admin_label=&#8220;Section s\u00e9jour prestige&#8220; module_id=&#8220;Prestigeaufenthalt&#8220; _builder_version=&#8220;4.27.4&#8243; _module_preset=&#8220;default&#8220; background_color=&#8220;#EEEEEE&#8220; custom_margin=&#8220;||5vh||false|false&#8220; custom_padding=&#8220;0px||0px||false|false&#8220; border_color_top=&#8220;#C4B390&#8243; locked=&#8220;off&#8220; global_colors_info=&#8220;{}&#8220;][et_pb_row column_structure=&#8220;1_2,1_2&#8243; use_custom_gutter=&#8220;on&#8220; gutter_width=&#8220;4&#8243; make_equal=&#8220;on&#8220; custom_padding_last_edited=&#8220;on|phone&#8220; _builder_version=&#8220;4.25.0&#8243; _module_preset=&#8220;default&#8220; width=&#8220;100%&#8220; max_width=&#8220;100%&#8220; max_width_tablet=&#8220;100%&#8220; max_width_phone=&#8220;100%&#8220; max_width_last_edited=&#8220;on|phone&#8220; custom_padding=&#8220;0px||0px||true|false&#8220; custom_padding_tablet=&#8220;0px||0px||true|false&#8220; custom_padding_phone=&#8220;0px||0px||true|false&#8220; global_colors_info=&#8220;{}&#8220;][et_pb_column type=&#8220;1_2&#8243; _builder_version=&#8220;4.25.0&#8243; _module_preset=&#8220;default&#8220; custom_padding=&#8220;5%|||10%|false|false&#8220; custom_padding_tablet=&#8220;2vh|5%|2vh|5%|true|true&#8220; custom_padding_phone=&#8220;2vh|5%|2vh|5%|true|true&#8220; custom_padding_last_edited=&#8220;on|phone&#8220; global_colors_info=&#8220;{}&#8220;][et_pb_text admin_label=&#8220;Texte s\u00e9jour prestige&#8220; _builder_version=&#8220;4.27.4&#8243; _module_preset=&#8220;default&#8220; text_font=&#8220;|300|||||||&#8220; text_text_color=&#8220;#000000&#8243; text_font_size=&#8220;18px&#8220; text_line_height=&#8220;1.5em&#8220; header_2_font=&#8220;|600|||||||&#8220; header_2_text_align=&#8220;left&#8220; header_2_font_size=&#8220;40px&#8220; custom_padding=&#8220;5%||||false|false&#8220; custom_padding_tablet=&#8220;||||false|false&#8220; custom_padding_phone=&#8220;2%||||false|false&#8220; custom_padding_last_edited=&#8220;on|tablet&#8220; header_2_font_size_tablet=&#8220;40px&#8220; header_2_font_size_phone=&#8220;30px&#8220; header_2_font_size_last_edited=&#8220;on|phone&#8220; locked=&#8220;off&#8220; global_colors_info=&#8220;{}&#8220;]<\/p>\n<h2>Prestige-Aufenthalt<\/h2>\n<h2>f\u00fcr 2 Personen<\/h2>\n<hr id=\"trait-noir\">\n<p><strong>441\u20ac<\/strong><\/p>\n<p>Das Relais de la Poste ist ein els\u00e4ssisches Schmuckk\u00e4stchen und empf\u00e4ngt Sie zu einem geschmackvollen Aufenthalt. Sie wohnen in einem warmen und authentischen Haus mit ger\u00e4umigen und komfortablen Zimmern.<br \/>Entdecken Sie die gro\u00dfz\u00fcgige und elegante K\u00fcche von Thomas Koebel bei einem Abendessen im Restaurant, das mit einem Stern im Guide Michelin ausgezeichnet wurde.<\/p>\n<p>Dieser Aufenthalt beinhaltet f\u00fcr 2 Personen: eine \u00dcbernachtung in einem romantischen Zimmer, Fr\u00fchst\u00fcck, 5-G\u00e4nge-Gourmetmen\u00fc (ohne Getr\u00e4nke).<\/p>\n<p>[\/et_pb_text][et_pb_text admin_label=&#8220;Texte R\u00e9servation par mail ou t\u00e9l\u00e9phone uniquement&#8220; _builder_version=&#8220;4.25.0&#8243; _module_preset=&#8220;default&#8220; custom_padding=&#8220;||||false|false&#8220; locked=&#8220;off&#8220; global_colors_info=&#8220;{}&#8220;]<\/p>\n<p>Reservierung nur per E-Mail oder Telefon<\/p>\n<p>[\/et_pb_text][dsm_button button_one_text=&#8220;Buchen Sie&#8220; button_one_url=&#8220;@ET-DC@eyJkeW5hbWljIjp0cnVlLCJjb250ZW50IjoicG9zdF9saW5rX3VybF9wYWdlIiwic2V0dGluZ3MiOnsicG9zdF9pZCI6IjkwNTAiLCJlbmFibGVfaHRtbCI6Im9mZiJ9fQ==@&#8220; button_two_text=&#8220;Einen Geschenkgutschein verschenken&#8220; button_two_url=&#8220;https:\/\/relais-poste.bonkdo.com\/fr\/&#8220; button_two_url_new_window=&#8220;on&#8220; button_alignment=&#8220;center&#8220; button_alignment_tablet=&#8220;center&#8220; button_alignment_phone=&#8220;center&#8220; button_alignment_last_edited=&#8220;on|tablet&#8220; _builder_version=&#8220;4.25.0&#8243; _dynamic_attributes=&#8220;button_one_url&#8220; _module_preset=&#8220;default&#8220; custom_button_one=&#8220;on&#8220; button_one_text_size=&#8220;17px&#8220; button_one_bg_color=&#8220;#C4B390&#8243; button_one_border_radius=&#8220;0px&#8220; button_one_font=&#8220;|||on|||||&#8220; button_one_custom_margin=&#8220;||||false|false&#8220; button_one_custom_margin_tablet=&#8220;|0vw|||false|false&#8220; button_one_custom_margin_phone=&#8220;|0px|||false|false&#8220; button_one_custom_margin_last_edited=&#8220;on|phone&#8220; button_one_custom_padding=&#8220;10px||10px||true|false&#8220; custom_button_two=&#8220;on&#8220; button_two_text_size=&#8220;17px&#8220; button_two_bg_color=&#8220;#C4B390&#8243; button_two_border_radius=&#8220;0px&#8220; button_two_font=&#8220;|||on|||||&#8220; button_two_custom_margin=&#8220;||5%||false|false&#8220; button_two_custom_margin_tablet=&#8220;|||4vw|false|false&#8220; button_two_custom_margin_phone=&#8220;|||0px|false|false&#8220; button_two_custom_margin_last_edited=&#8220;on|desktop&#8220; button_two_custom_padding=&#8220;10px||10px||true|false&#8220; z_index=&#8220;999&#8243; background_layout=&#8220;dark&#8220; custom_margin=&#8220;-25px||||false|false&#8220; custom_margin_tablet=&#8220;||5%||false|false&#8220; custom_margin_phone=&#8220;||5%||false|false&#8220; custom_margin_last_edited=&#8220;on|desktop&#8220; custom_css_button_1=&#8220;float:left;||&#8220; custom_css_button_2=&#8220;float: right;||&#8220; locked=&#8220;off&#8220; global_colors_info=&#8220;{}&#8220; custom_css_button_1_last_edited=&#8220;on|desktop&#8220; custom_css_button_2_last_edited=&#8220;on|phone&#8220; custom_css_button_1_tablet=&#8220;float:none;&#8220; custom_css_button_2_tablet=&#8220;float:none;&#8220; custom_css_button_1_phone=&#8220;float:none;&#8220; custom_css_button_2_phone=&#8220;float:none;&#8220;][\/dsm_button][et_pb_gallery gallery_ids=&#8220;10911,10908&#8243; posts_number=&#8220;2&#8243; show_title_and_caption=&#8220;off&#8220; show_pagination=&#8220;off&#8220; zoom_icon_color=&#8220;#C4B390&#8243; _builder_version=&#8220;4.25.0&#8243; _module_preset=&#8220;default&#8220; module_alignment=&#8220;center&#8220; custom_padding=&#8220;||30px||false|false&#8220; locked=&#8220;off&#8220; global_colors_info=&#8220;{}&#8220;][\/et_pb_gallery][\/et_pb_column][et_pb_column type=&#8220;1_2&#8243; _builder_version=&#8220;4.25.0&#8243; _module_preset=&#8220;default&#8220; background_image=&#8220;https:\/\/relais-poste.com\/wp-content\/uploads\/2024\/05\/offre-prestige-1.jpg&#8220; custom_padding_tablet=&#8220;||||false|false&#8220; custom_padding_phone=&#8220;||||false|false&#8220; custom_padding_last_edited=&#8220;on|desktop&#8220; background_last_edited=&#8220;on|desktop&#8220; background_enable_image_tablet=&#8220;off&#8220; global_colors_info=&#8220;{}&#8220;][et_pb_image src=&#8220;https:\/\/relais-poste.com\/wp-content\/uploads\/2024\/05\/offre-prestige-1.jpg&#8220; alt=&#8220;Prestigeangebot 1&#8243; title_text=&#8220;Prestigeangebot 1&#8243; force_fullwidth=&#8220;on&#8220; disabled_on=&#8220;off|off|on&#8220; admin_label=&#8220;photo chambre &#8220; _builder_version=&#8220;4.25.0&#8243; _module_preset=&#8220;default&#8220; global_colors_info=&#8220;{}&#8220;][\/et_pb_image][\/et_pb_column][\/et_pb_row][\/et_pb_section]<\/p>\n","protected":false},"excerpt":{"rendered":"<p>Unsere Angebote AufenthaltEntdeckungsreise f\u00fcr 2 Personen 409\u20ac Thomas Koebel und sein Team begr\u00fc\u00dfen Sie in diesem authentischen und charmanten Geb\u00e4ude. Nur wenige Minuten von Stra\u00dfburg entfernt, genie\u00dfen Sie eine Auszeit f\u00fcr Feinschmecker. Dieser Aufenthalt beinhaltet f\u00fcr 2 Personen: eine \u00dcbernachtung in einem romantischen Zimmer, Fr\u00fchst\u00fcck und ein gastronomisches 4-G\u00e4nge-Men\u00fc (ohne Getr\u00e4nke).Reservierung nur per E-Mail oder Telefon<div class=\"et_pb_module dsm_button dsm_button_0 et_pb_bg_layout_dark\">\n\t\t\t\t\n\t\t\t\t\n\t\t\t\t\n\t\t\t\t\n\t\t\t\t\n\t\t\t\t\n\t\t\t\t<div class=\"et_pb_module_inner\">\n\t\t\t\t\t<div class=\"et_pb_button_module_wrappers dsm_button_0_wrapper et_pb_button_alignment_center et_pb_button_alignment_tablet_center et_pb_button_alignment_phone_center et_pb_module\">\n\t\t\t\t<a class=\"et_pb_button et_pb_button_one et_pb_bg_layout_dark dsm-none \"  data-dsm-lightbox-id=\"dsm_button_one_lightbox dsm_button_0\"><span>Buchen Sie<\/span><\/a><a class=\"et_pb_button et_pb_button_two et_pb_bg_layout_dark dsm-none \"  href=https:\/\/relais-poste.bonkdo.com\/fr\/ target=\"_blank\" data-dsm-lightbox-id=\"dsm_button_two_lightbox dsm_button_0\"><span>Einen Geschenkgutschein verschenken<\/span><\/a>\n\t\t\t<\/div>\n\t\t\t\t<\/div>\n\t\t\t<\/div>Prestige-Aufenthalt f\u00fcr 2 Personen 441\u20ac Das Relais de la Poste ist ein els\u00e4ssisches Schmuckk\u00e4stchen und empf\u00e4ngt Sie zu einem geschmackvollen Aufenthalt. Sie wohnen in einem warmen und authentischen Haus mit ger\u00e4umigen und komfortablen Zimmern.Entdecken Sie die gro\u00dfz\u00fcgige und elegante K\u00fcche von Thomas Koebel bei einem Abendessen im Restaurant, das mit einem Stern im Guide Michelin ausgezeichnet wurde. Dieser Aufenthalt beinhaltet f\u00fcr 2 Personen: eine \u00dcbernachtung in einem romantischen Zimmer, Fr\u00fchst\u00fcck, 5-G\u00e4nge-Gourmetmen\u00fc (ohne Getr\u00e4nke).Reservierung nur per E-Mail oder Telefon<div class=\"et_pb_module dsm_button dsm_button_1 et_pb_bg_layout_light\">\n\t\t\t\t\n\t\t\t\t\n\t\t\t\t\n\t\t\t\t\n\t\t\t\t\n\t\t\t\t\n\t\t\t\t<div class=\"et_pb_module_inner\">\n\t\t\t\t\t<div class=\"et_pb_button_module_wrappers dsm_button_1_wrapper et_pb_button_alignment_&#8220;center&#8220; et_pb_module\">\n\t\t\t\t<a class=\"et_pb_button et_pb_button_one et_pb_bg_layout_light dsm-none \"  href=http:\/\/&#8220;&#8220; data-dsm-lightbox-id=\"dsm_button_one_lightbox dsm_button_1\"><span>&#8220;Buchen<\/span><\/a><a class=\"et_pb_button et_pb_button_two et_pb_bg_layout_light dsm-none \"  data-dsm-lightbox-id=\"dsm_button_two_lightbox dsm_button_1\"><span>&#8220;Einen<\/span><\/a>\n\t\t\t<\/div>\n\t\t\t\t<\/div>\n\t\t\t<\/div><\/p>\n","protected":false},"author":14,"featured_media":0,"parent":0,"menu_order":0,"comment_status":"closed","ping_status":"closed","template":"","meta":{"_seopress_robots_primary_cat":"","_seopress_titles_title":"%%sitetitle%% %%sep%% %%post_title%%","_seopress_titles_desc":"Thomas Koebel und sein Team begr\u00fc\u00dfen Sie in diesem authentischen und charmanten Geb\u00e4ude. Nur wenige Minuten von Stra\u00dfburg entfernt, genie\u00dfen Sie eine Auszeit f\u00fcr Feinschmecker.","_seopress_robots_index":"","_et_pb_use_builder":"on","_et_pb_old_content":"","_et_gb_content_width":"","footnotes":""},"_links":{"self":[{"href":"https:\/\/relais-poste.com\/de\/wp-json\/wp\/v2\/pages\/10833"}],"collection":[{"href":"https:\/\/relais-poste.com\/de\/wp-json\/wp\/v2\/pages"}],"about":[{"href":"https:\/\/relais-poste.com\/de\/wp-json\/wp\/v2\/types\/page"}],"author":[{"embeddable":true,"href":"https:\/\/relais-poste.com\/de\/wp-json\/wp\/v2\/users\/14"}],"replies":[{"embeddable":true,"href":"https:\/\/relais-poste.com\/de\/wp-json\/wp\/v2\/comments?post=10833"}],"version-history":[{"count":79,"href":"https:\/\/relais-poste.com\/de\/wp-json\/wp\/v2\/pages\/10833\/revisions"}],"predecessor-version":[{"id":16558,"href":"https:\/\/relais-poste.com\/de\/wp-json\/wp\/v2\/pages\/10833\/revisions\/16558"}],"wp:attachment":[{"href":"https:\/\/relais-poste.com\/de\/wp-json\/wp\/v2\/media?parent=10833"}],"curies":[{"name":"wp","href":"https:\/\/api.w.org\/{rel}","templated":true}]}}